{"id":1125,"date":"2022-05-03T18:43:29","date_gmt":"2022-05-03T16:43:29","guid":{"rendered":"https:\/\/calaglia.com\/?post_type=product&#038;p=1125"},"modified":"2022-12-07T20:29:57","modified_gmt":"2022-12-07T19:29:57","slug":"boucles-doreilles-creoles-plaque-or-et-pierres-naturelles-iris","status":"publish","type":"product","link":"https:\/\/calaglia.com\/en\/produit\/boucles-doreilles-creoles-plaque-or-et-pierres-naturelles-iris\/","title":{"rendered":"Boucles d&#8217;oreilles cr\u00e9oles plaqu\u00e9 or et pierres naturelles IRIS"},"content":{"rendered":"<p>Ce mod\u00e8le de cr\u00e9oles peut aussi bien se porter pour les tenues de tous les jours, comme pour une c\u00e9r\u00e9monie pour un look boh\u00e8me chic.<\/p>\n","protected":false},"excerpt":{"rendered":"<p>IRIS sont des boucles d\u2019oreilles cr\u00e9oles en plaqu\u00e9 or compos\u00e9es d&#8217;un pendentif de pierres naturelles et perles en plaqu\u00e9 or. Plusieurs pierres au choix.<br \/>\nLes boucles d&#8217;oreilles IRIS sont des cr\u00e9oles de type jonc ouvert et rond avec deux boules aux extr\u00e9mit\u00e9s.<\/p>\n<p>\u2013 cr\u00e9oles plaqu\u00e9 or : 30 mm<br \/>\n\u2013 pendentif de pierres naturelles : 10 mm<\/p>\n<p>Bienfaits des pierres dans notre colorth\u00e8que un peu plus bas.<\/p>\n","protected":false},"featured_media":1126,"comment_status":"open","ping_status":"closed","template":"","meta":{"_kad_blocks_custom_css":"","_kad_blocks_head_custom_js":"","_kad_blocks_body_custom_js":"","_kad_blocks_footer_custom_js":"","_mi_skip_tracking":false,"_kad_post_transparent":"default","_kad_post_title":"","_kad_post_layout":"default","_kad_post_sidebar_id":"","_kad_post_content_style":"default","_kad_post_vertical_padding":"default","_kad_post_feature":"","_kad_post_feature_position":"","_kad_post_header":false,"_kad_post_footer":false},"product_cat":[17,162,56],"product_tag":[],"featured_image_urls":{"full":["https:\/\/calaglia.com\/wp-content\/uploads\/2022\/05\/Boucles-doreilles-creoles-IRIS.png",1080,1080,false],"thumbnail":["https:\/\/calaglia.com\/wp-content\/uploads\/2022\/05\/Boucles-doreilles-creoles-IRIS-150x150.png",150,150,true],"medium":["https:\/\/calaglia.com\/wp-content\/uploads\/2022\/05\/Boucles-doreilles-creoles-IRIS-300x300.png",300,300,true],"medium_large":["https:\/\/calaglia.com\/wp-content\/uploads\/2022\/05\/Boucles-doreilles-creoles-IRIS-768x768.png",768,768,true],"large":["https:\/\/calaglia.com\/wp-content\/uploads\/2022\/05\/Boucles-doreilles-creoles-IRIS-1024x1024.png",1024,1024,true],"lws_wr_thumbnail":["https:\/\/calaglia.com\/wp-content\/uploads\/2022\/05\/Boucles-doreilles-creoles-IRIS-96x96.png",96,96,true],"lws_wr_thumbnail_small":["https:\/\/calaglia.com\/wp-content\/uploads\/2022\/05\/Boucles-doreilles-creoles-IRIS-42x42.png",42,42,true],"lws_badge":["https:\/\/calaglia.com\/wp-content\/uploads\/2022\/05\/Boucles-doreilles-creoles-IRIS.png",60,60,false],"1536x1536":["https:\/\/calaglia.com\/wp-content\/uploads\/2022\/05\/Boucles-doreilles-creoles-IRIS.png",1080,1080,false],"2048x2048":["https:\/\/calaglia.com\/wp-content\/uploads\/2022\/05\/Boucles-doreilles-creoles-IRIS.png",1080,1080,false],"mailpoet_newsletter_max":["https:\/\/calaglia.com\/wp-content\/uploads\/2022\/05\/Boucles-doreilles-creoles-IRIS.png",1080,1080,false],"woocommerce_thumbnail":["https:\/\/calaglia.com\/wp-content\/uploads\/2022\/05\/Boucles-doreilles-creoles-IRIS-300x300.png",300,300,true],"woocommerce_single":["https:\/\/calaglia.com\/wp-content\/uploads\/2022\/05\/Boucles-doreilles-creoles-IRIS-465x465.png",465,465,true],"woocommerce_gallery_thumbnail":["https:\/\/calaglia.com\/wp-content\/uploads\/2022\/05\/Boucles-doreilles-creoles-IRIS-100x100.png",100,100,true]},"post_excerpt_stackable":"<p>IRIS sont des boucles d\u2019oreilles cr\u00e9oles en plaqu\u00e9 or compos\u00e9es d&#8217;un pendentif de pierres naturelles et perles en plaqu\u00e9 or. Plusieurs pierres au choix.<br \/>\nLes boucles d&#8217;oreilles IRIS sont des cr\u00e9oles de type jonc ouvert et rond avec deux boules aux extr\u00e9mit\u00e9s.<\/p>\n<p>\u2013 cr\u00e9oles plaqu\u00e9 or : 30 mm<br \/>\n\u2013 pendentif de pierres naturelles : 10 mm<\/p>\n<p>Bienfaits des pierres dans notre colorth\u00e8que un peu plus bas.<\/p>\n","category_list":"","author_info":[],"comments_num":"0 comments","yoast_head":"<!-- This site is optimized with the Yoast SEO plugin v20.5 - https:\/\/yoast.com\/wordpress\/plugins\/seo\/ -->\n<title>Boucles d&#039;oreilles cr\u00e9oles plaqu\u00e9 or et pierres naturelles IRIS - Calaglia<\/title>\n<meta name=\"description\" content=\"Boucles d&#039;oreilles : cr\u00e9oles plaqu\u00e9 or avec pendentif en pierres naturelles IRIS : am\u00e9thyste, pierre de lune, lapis lazuli, quartz rose ... : creoles.\" \/>\n<meta name=\"robots\" content=\"index, follow, max-snippet:-1, max-image-preview:large, max-video-preview:-1\" \/>\n<link rel=\"canonical\" href=\"https:\/\/calaglia.com\/produit\/boucles-doreilles-creoles-plaque-or-et-pierres-naturelles-iris\/\" \/>\n<meta property=\"og:locale\" content=\"en_US\" \/>\n<meta property=\"og:type\" content=\"article\" \/>\n<meta property=\"og:title\" content=\"Boucles d&#039;oreilles cr\u00e9oles plaqu\u00e9 or et pierres naturelles IRIS - Calaglia\" \/>\n<meta property=\"og:description\" content=\"Boucles d&#039;oreilles : cr\u00e9oles plaqu\u00e9 or avec pendentif en pierres naturelles IRIS : am\u00e9thyste, pierre de lune, lapis lazuli, quartz rose ... : creoles.\" \/>\n<meta property=\"og:url\" content=\"https:\/\/calaglia.com\/produit\/boucles-doreilles-creoles-plaque-or-et-pierres-naturelles-iris\/\" \/>\n<meta property=\"og:site_name\" content=\"Calaglia\" \/>\n<meta property=\"article:publisher\" content=\"https:\/\/www.facebook.com\/Calaglia\/\" \/>\n<meta property=\"article:modified_time\" content=\"2022-12-07T19:29:57+00:00\" \/>\n<meta property=\"og:image\" content=\"https:\/\/calaglia.com\/wp-content\/uploads\/2022\/05\/Boucles-doreilles-creoles-IRIS.png\" \/>\n\t<meta property=\"og:image:width\" content=\"1080\" \/>\n\t<meta property=\"og:image:height\" content=\"1080\" \/>\n\t<meta property=\"og:image:type\" content=\"image\/png\" \/>\n<meta name=\"twitter:card\" content=\"summary_large_image\" \/>\n<meta name=\"twitter:label1\" content=\"Est. reading time\" \/>\n\t<meta name=\"twitter:data1\" content=\"1 minute\" \/>\n<script type=\"application\/ld+json\" class=\"yoast-schema-graph\">{\"@context\":\"https:\/\/schema.org\",\"@graph\":[{\"@type\":\"WebPage\",\"@id\":\"https:\/\/calaglia.com\/produit\/boucles-doreilles-creoles-plaque-or-et-pierres-naturelles-iris\/\",\"url\":\"https:\/\/calaglia.com\/produit\/boucles-doreilles-creoles-plaque-or-et-pierres-naturelles-iris\/\",\"name\":\"Boucles d'oreilles cr\u00e9oles plaqu\u00e9 or et pierres naturelles IRIS - Calaglia\",\"isPartOf\":{\"@id\":\"https:\/\/calaglia.com\/#website\"},\"datePublished\":\"2022-05-03T16:43:29+00:00\",\"dateModified\":\"2022-12-07T19:29:57+00:00\",\"description\":\"Boucles d'oreilles : cr\u00e9oles plaqu\u00e9 or avec pendentif en pierres naturelles IRIS : am\u00e9thyste, pierre de lune, lapis lazuli, quartz rose ... : creoles.\",\"breadcrumb\":{\"@id\":\"https:\/\/calaglia.com\/produit\/boucles-doreilles-creoles-plaque-or-et-pierres-naturelles-iris\/#breadcrumb\"},\"inLanguage\":\"en-US\",\"potentialAction\":[{\"@type\":\"ReadAction\",\"target\":[\"https:\/\/calaglia.com\/produit\/boucles-doreilles-creoles-plaque-or-et-pierres-naturelles-iris\/\"]}]},{\"@type\":\"BreadcrumbList\",\"@id\":\"https:\/\/calaglia.com\/produit\/boucles-doreilles-creoles-plaque-or-et-pierres-naturelles-iris\/#breadcrumb\",\"itemListElement\":[{\"@type\":\"ListItem\",\"position\":1,\"name\":\"Accueil\",\"item\":\"https:\/\/calaglia.com\/\"},{\"@type\":\"ListItem\",\"position\":2,\"name\":\"Shop\",\"item\":\"https:\/\/calaglia.com\/en\/shop\/\"},{\"@type\":\"ListItem\",\"position\":3,\"name\":\"Boucles d&#8217;oreilles cr\u00e9oles plaqu\u00e9 or et pierres naturelles IRIS\"}]},{\"@type\":\"WebSite\",\"@id\":\"https:\/\/calaglia.com\/#website\",\"url\":\"https:\/\/calaglia.com\/\",\"name\":\"Calaglia\",\"description\":\"\",\"publisher\":{\"@id\":\"https:\/\/calaglia.com\/#organization\"},\"potentialAction\":[{\"@type\":\"SearchAction\",\"target\":{\"@type\":\"EntryPoint\",\"urlTemplate\":\"https:\/\/calaglia.com\/?s={search_term_string}\"},\"query-input\":\"required name=search_term_string\"}],\"inLanguage\":\"en-US\"},{\"@type\":\"Organization\",\"@id\":\"https:\/\/calaglia.com\/#organization\",\"name\":\"Calaglia\",\"url\":\"https:\/\/calaglia.com\/\",\"logo\":{\"@type\":\"ImageObject\",\"inLanguage\":\"en-US\",\"@id\":\"https:\/\/calaglia.com\/#\/schema\/logo\/image\/\",\"url\":\"https:\/\/calaglia.com\/wp-content\/uploads\/2022\/01\/Calaglia.svg\",\"contentUrl\":\"https:\/\/calaglia.com\/wp-content\/uploads\/2022\/01\/Calaglia.svg\",\"width\":1,\"height\":1,\"caption\":\"Calaglia\"},\"image\":{\"@id\":\"https:\/\/calaglia.com\/#\/schema\/logo\/image\/\"},\"sameAs\":[\"https:\/\/www.facebook.com\/Calaglia\/\",\"https:\/\/www.instagram.com\/calaglia\/\"]}]}<\/script>\n<!-- \/ Yoast SEO plugin. -->","yoast_head_json":{"title":"Boucles d'oreilles cr\u00e9oles plaqu\u00e9 or et pierres naturelles IRIS - Calaglia","description":"Boucles d'oreilles : cr\u00e9oles plaqu\u00e9 or avec pendentif en pierres naturelles IRIS : am\u00e9thyste, pierre de lune, lapis lazuli, quartz rose ... : creoles.","robots":{"index":"index","follow":"follow","max-snippet":"max-snippet:-1","max-image-preview":"max-image-preview:large","max-video-preview":"max-video-preview:-1"},"canonical":"https:\/\/calaglia.com\/produit\/boucles-doreilles-creoles-plaque-or-et-pierres-naturelles-iris\/","og_locale":"en_US","og_type":"article","og_title":"Boucles d'oreilles cr\u00e9oles plaqu\u00e9 or et pierres naturelles IRIS - Calaglia","og_description":"Boucles d'oreilles : cr\u00e9oles plaqu\u00e9 or avec pendentif en pierres naturelles IRIS : am\u00e9thyste, pierre de lune, lapis lazuli, quartz rose ... : creoles.","og_url":"https:\/\/calaglia.com\/produit\/boucles-doreilles-creoles-plaque-or-et-pierres-naturelles-iris\/","og_site_name":"Calaglia","article_publisher":"https:\/\/www.facebook.com\/Calaglia\/","article_modified_time":"2022-12-07T19:29:57+00:00","og_image":[{"width":1080,"height":1080,"url":"https:\/\/calaglia.com\/wp-content\/uploads\/2022\/05\/Boucles-doreilles-creoles-IRIS.png","type":"image\/png"}],"twitter_card":"summary_large_image","twitter_misc":{"Est. reading time":"1 minute"},"schema":{"@context":"https:\/\/schema.org","@graph":[{"@type":"WebPage","@id":"https:\/\/calaglia.com\/produit\/boucles-doreilles-creoles-plaque-or-et-pierres-naturelles-iris\/","url":"https:\/\/calaglia.com\/produit\/boucles-doreilles-creoles-plaque-or-et-pierres-naturelles-iris\/","name":"Boucles d'oreilles cr\u00e9oles plaqu\u00e9 or et pierres naturelles IRIS - Calaglia","isPartOf":{"@id":"https:\/\/calaglia.com\/#website"},"datePublished":"2022-05-03T16:43:29+00:00","dateModified":"2022-12-07T19:29:57+00:00","description":"Boucles d'oreilles : cr\u00e9oles plaqu\u00e9 or avec pendentif en pierres naturelles IRIS : am\u00e9thyste, pierre de lune, lapis lazuli, quartz rose ... : creoles.","breadcrumb":{"@id":"https:\/\/calaglia.com\/produit\/boucles-doreilles-creoles-plaque-or-et-pierres-naturelles-iris\/#breadcrumb"},"inLanguage":"en-US","potentialAction":[{"@type":"ReadAction","target":["https:\/\/calaglia.com\/produit\/boucles-doreilles-creoles-plaque-or-et-pierres-naturelles-iris\/"]}]},{"@type":"BreadcrumbList","@id":"https:\/\/calaglia.com\/produit\/boucles-doreilles-creoles-plaque-or-et-pierres-naturelles-iris\/#breadcrumb","itemListElement":[{"@type":"ListItem","position":1,"name":"Accueil","item":"https:\/\/calaglia.com\/"},{"@type":"ListItem","position":2,"name":"Shop","item":"https:\/\/calaglia.com\/en\/shop\/"},{"@type":"ListItem","position":3,"name":"Boucles d&#8217;oreilles cr\u00e9oles plaqu\u00e9 or et pierres naturelles IRIS"}]},{"@type":"WebSite","@id":"https:\/\/calaglia.com\/#website","url":"https:\/\/calaglia.com\/","name":"Calaglia","description":"","publisher":{"@id":"https:\/\/calaglia.com\/#organization"},"potentialAction":[{"@type":"SearchAction","target":{"@type":"EntryPoint","urlTemplate":"https:\/\/calaglia.com\/?s={search_term_string}"},"query-input":"required name=search_term_string"}],"inLanguage":"en-US"},{"@type":"Organization","@id":"https:\/\/calaglia.com\/#organization","name":"Calaglia","url":"https:\/\/calaglia.com\/","logo":{"@type":"ImageObject","inLanguage":"en-US","@id":"https:\/\/calaglia.com\/#\/schema\/logo\/image\/","url":"https:\/\/calaglia.com\/wp-content\/uploads\/2022\/01\/Calaglia.svg","contentUrl":"https:\/\/calaglia.com\/wp-content\/uploads\/2022\/01\/Calaglia.svg","width":1,"height":1,"caption":"Calaglia"},"image":{"@id":"https:\/\/calaglia.com\/#\/schema\/logo\/image\/"},"sameAs":["https:\/\/www.facebook.com\/Calaglia\/","https:\/\/www.instagram.com\/calaglia\/"]}]}},"featured_image_src_large":["https:\/\/calaglia.com\/wp-content\/uploads\/2022\/05\/Boucles-doreilles-creoles-IRIS-1024x1024.png",1024,1024,true],"comment_info":0,"taxonomy_info":{"product_cat":[{"value":17,"label":"Boucles d'oreilles"},{"value":162,"label":"Boucles d'oreilles plaqu\u00e9 or"},{"value":56,"label":"Cr\u00e9oles"}]},"_links":{"self":[{"href":"https:\/\/calaglia.com\/en\/wp-json\/wp\/v3\/product\/1125"}],"collection":[{"href":"https:\/\/calaglia.com\/en\/wp-json\/wp\/v3\/product"}],"about":[{"href":"https:\/\/calaglia.com\/en\/wp-json\/wp\/v2\/types\/product"}],"replies":[{"embeddable":true,"href":"https:\/\/calaglia.com\/en\/wp-json\/wp\/v2\/comments?post=1125"}],"wp:featuredmedia":[{"embeddable":true,"href":"https:\/\/calaglia.com\/en\/wp-json\/wp\/v2\/media\/1126"}],"wp:attachment":[{"href":"https:\/\/calaglia.com\/en\/wp-json\/wp\/v2\/media?parent=1125"}],"wp:term":[{"taxonomy":"product_cat","embeddable":true,"href":"https:\/\/calaglia.com\/en\/wp-json\/wp\/v2\/product_cat?post=1125"},{"taxonomy":"product_tag","embeddable":true,"href":"https:\/\/calaglia.com\/en\/wp-json\/wp\/v2\/product_tag?post=1125"}],"curies":[{"name":"wp","href":"https:\/\/api.w.org\/{rel}","templated":true}]}}