{"id":1337,"date":"2022-05-08T21:49:00","date_gmt":"2022-05-08T19:49:00","guid":{"rendered":"https:\/\/calaglia.com\/?post_type=product&#038;p=1337"},"modified":"2022-08-02T21:13:17","modified_gmt":"2022-08-02T19:13:17","slug":"bracelet-cordon-argent-pendentif-floral-doria","status":"publish","type":"product","link":"https:\/\/calaglia.com\/en\/produit\/bracelet-cordon-argent-pendentif-floral-doria\/","title":{"rendered":"Bracelet cordon argent pendentif floral DORIA"},"content":{"rendered":"<p>Les perles de verre sont assorties \u00e0 la couleur du cordon.<\/p>\n<p><img class=\"emoji\" role=\"img\" src=\"https:\/\/s.w.org\/images\/core\/emoji\/13.1.0\/svg\/2b50.svg\" alt=\"\u2b50\" \/> Pssssst ce mod\u00e8le de bracelet existe aussi en taille enfant, une bonne id\u00e9e pour un cadeau m\u00e8re \/ fille.<\/p>\n<p>Et si vous avez une \u00e2me cr\u00e9ative, cr\u00e9ez votre bracelet avec la couleur de cordon de votre choix parmi nos 27 coloris.<\/p>\n","protected":false},"excerpt":{"rendered":"<p>DORIA est un bracelet sur cordon ajustable en argent compos\u00e9 d&#8217;un pendentif argent rond ajour\u00e9 avec motifs floraux \/ arabesques de 4 perles de verre.<br \/>\nLe bracelet DORIA est ajustable gr\u00e2ce \u00e0 son noeud coulissant.<\/p>\n<p>&#8211; bracelet cordon : 15 cm \u00e0 19 cm environ<br \/>\n&#8211; pendentif argent motif floral : 13 mm<\/p>\n<p>Exemples de couleurs pr\u00e9sent\u00e9es en photo : Rouge groseille, bleu canard, taupe et anthracite<\/p>\n","protected":false},"featured_media":1344,"comment_status":"open","ping_status":"closed","template":"","meta":{"_kad_blocks_custom_css":"","_kad_blocks_head_custom_js":"","_kad_blocks_body_custom_js":"","_kad_blocks_footer_custom_js":"","_mi_skip_tracking":false,"_kad_post_transparent":"default","_kad_post_title":"","_kad_post_layout":"default","_kad_post_sidebar_id":"","_kad_post_content_style":"default","_kad_post_vertical_padding":"default","_kad_post_feature":"","_kad_post_feature_position":"","_kad_post_header":false,"_kad_post_footer":false},"product_cat":[18,152,52],"product_tag":[],"featured_image_urls":{"full":["https:\/\/calaglia.com\/wp-content\/uploads\/2022\/05\/Bracelet-cordon-DORIA.png",1080,1080,false],"thumbnail":["https:\/\/calaglia.com\/wp-content\/uploads\/2022\/05\/Bracelet-cordon-DORIA-150x150.png",150,150,true],"medium":["https:\/\/calaglia.com\/wp-content\/uploads\/2022\/05\/Bracelet-cordon-DORIA-300x300.png",300,300,true],"medium_large":["https:\/\/calaglia.com\/wp-content\/uploads\/2022\/05\/Bracelet-cordon-DORIA-768x768.png",768,768,true],"large":["https:\/\/calaglia.com\/wp-content\/uploads\/2022\/05\/Bracelet-cordon-DORIA-1024x1024.png",1024,1024,true],"lws_wr_thumbnail":["https:\/\/calaglia.com\/wp-content\/uploads\/2022\/05\/Bracelet-cordon-DORIA-96x96.png",96,96,true],"lws_wr_thumbnail_small":["https:\/\/calaglia.com\/wp-content\/uploads\/2022\/05\/Bracelet-cordon-DORIA-42x42.png",42,42,true],"lws_badge":["https:\/\/calaglia.com\/wp-content\/uploads\/2022\/05\/Bracelet-cordon-DORIA.png",60,60,false],"1536x1536":["https:\/\/calaglia.com\/wp-content\/uploads\/2022\/05\/Bracelet-cordon-DORIA.png",1080,1080,false],"2048x2048":["https:\/\/calaglia.com\/wp-content\/uploads\/2022\/05\/Bracelet-cordon-DORIA.png",1080,1080,false],"mailpoet_newsletter_max":["https:\/\/calaglia.com\/wp-content\/uploads\/2022\/05\/Bracelet-cordon-DORIA.png",1080,1080,false],"woocommerce_thumbnail":["https:\/\/calaglia.com\/wp-content\/uploads\/2022\/05\/Bracelet-cordon-DORIA-300x300.png",300,300,true],"woocommerce_single":["https:\/\/calaglia.com\/wp-content\/uploads\/2022\/05\/Bracelet-cordon-DORIA-465x465.png",465,465,true],"woocommerce_gallery_thumbnail":["https:\/\/calaglia.com\/wp-content\/uploads\/2022\/05\/Bracelet-cordon-DORIA-100x100.png",100,100,true]},"post_excerpt_stackable":"<p>DORIA est un bracelet sur cordon ajustable en argent compos\u00e9 d&#8217;un pendentif argent rond ajour\u00e9 avec motifs floraux \/ arabesques de 4 perles de verre.<br \/>\nLe bracelet DORIA est ajustable gr\u00e2ce \u00e0 son noeud coulissant.<\/p>\n<p>&#8211; bracelet cordon : 15 cm \u00e0 19 cm environ<br \/>\n&#8211; pendentif argent motif floral : 13 mm<\/p>\n<p>Exemples de couleurs pr\u00e9sent\u00e9es en photo : Rouge groseille, bleu canard, taupe et anthracite<\/p>\n","category_list":"","author_info":[],"comments_num":"0 comments","yoast_head":"<!-- This site is optimized with the Yoast SEO plugin v20.5 - https:\/\/yoast.com\/wordpress\/plugins\/seo\/ -->\n<title>Bracelet cordon argent pendentif floral DORIA - Calaglia<\/title>\n<meta name=\"description\" content=\"Bracelets : bracelet cordon et pendentif argent floral DORIA : un bracelet argent sur cordon ajustable avec pendentif argent. Bracelet couleur\" \/>\n<meta name=\"robots\" content=\"index, follow, max-snippet:-1, max-image-preview:large, max-video-preview:-1\" \/>\n<link rel=\"canonical\" href=\"https:\/\/calaglia.com\/produit\/bracelet-cordon-argent-pendentif-floral-doria\/\" \/>\n<meta property=\"og:locale\" content=\"en_US\" \/>\n<meta property=\"og:type\" content=\"article\" \/>\n<meta property=\"og:title\" content=\"Bracelet cordon argent pendentif floral DORIA - Calaglia\" \/>\n<meta property=\"og:description\" content=\"Bracelets : bracelet cordon et pendentif argent floral DORIA : un bracelet argent sur cordon ajustable avec pendentif argent. Bracelet couleur\" \/>\n<meta property=\"og:url\" content=\"https:\/\/calaglia.com\/produit\/bracelet-cordon-argent-pendentif-floral-doria\/\" \/>\n<meta property=\"og:site_name\" content=\"Calaglia\" \/>\n<meta property=\"article:publisher\" content=\"https:\/\/www.facebook.com\/Calaglia\/\" \/>\n<meta property=\"article:modified_time\" content=\"2022-08-02T19:13:17+00:00\" \/>\n<meta property=\"og:image\" content=\"https:\/\/calaglia.com\/wp-content\/uploads\/2022\/05\/Bracelet-cordon-DORIA.png\" \/>\n\t<meta property=\"og:image:width\" content=\"1080\" \/>\n\t<meta property=\"og:image:height\" content=\"1080\" \/>\n\t<meta property=\"og:image:type\" content=\"image\/png\" \/>\n<meta name=\"twitter:card\" content=\"summary_large_image\" \/>\n<meta name=\"twitter:label1\" content=\"Est. reading time\" \/>\n\t<meta name=\"twitter:data1\" content=\"1 minute\" \/>\n<script type=\"application\/ld+json\" class=\"yoast-schema-graph\">{\"@context\":\"https:\/\/schema.org\",\"@graph\":[{\"@type\":\"WebPage\",\"@id\":\"https:\/\/calaglia.com\/produit\/bracelet-cordon-argent-pendentif-floral-doria\/\",\"url\":\"https:\/\/calaglia.com\/produit\/bracelet-cordon-argent-pendentif-floral-doria\/\",\"name\":\"Bracelet cordon argent pendentif floral DORIA - Calaglia\",\"isPartOf\":{\"@id\":\"https:\/\/calaglia.com\/#website\"},\"datePublished\":\"2022-05-08T19:49:00+00:00\",\"dateModified\":\"2022-08-02T19:13:17+00:00\",\"description\":\"Bracelets : bracelet cordon et pendentif argent floral DORIA : un bracelet argent sur cordon ajustable avec pendentif argent. Bracelet couleur\",\"breadcrumb\":{\"@id\":\"https:\/\/calaglia.com\/produit\/bracelet-cordon-argent-pendentif-floral-doria\/#breadcrumb\"},\"inLanguage\":\"en-US\",\"potentialAction\":[{\"@type\":\"ReadAction\",\"target\":[\"https:\/\/calaglia.com\/produit\/bracelet-cordon-argent-pendentif-floral-doria\/\"]}]},{\"@type\":\"BreadcrumbList\",\"@id\":\"https:\/\/calaglia.com\/produit\/bracelet-cordon-argent-pendentif-floral-doria\/#breadcrumb\",\"itemListElement\":[{\"@type\":\"ListItem\",\"position\":1,\"name\":\"Accueil\",\"item\":\"https:\/\/calaglia.com\/\"},{\"@type\":\"ListItem\",\"position\":2,\"name\":\"Shop\",\"item\":\"https:\/\/calaglia.com\/en\/shop\/\"},{\"@type\":\"ListItem\",\"position\":3,\"name\":\"Bracelet cordon argent pendentif floral DORIA\"}]},{\"@type\":\"WebSite\",\"@id\":\"https:\/\/calaglia.com\/#website\",\"url\":\"https:\/\/calaglia.com\/\",\"name\":\"Calaglia\",\"description\":\"\",\"publisher\":{\"@id\":\"https:\/\/calaglia.com\/#organization\"},\"potentialAction\":[{\"@type\":\"SearchAction\",\"target\":{\"@type\":\"EntryPoint\",\"urlTemplate\":\"https:\/\/calaglia.com\/?s={search_term_string}\"},\"query-input\":\"required name=search_term_string\"}],\"inLanguage\":\"en-US\"},{\"@type\":\"Organization\",\"@id\":\"https:\/\/calaglia.com\/#organization\",\"name\":\"Calaglia\",\"url\":\"https:\/\/calaglia.com\/\",\"logo\":{\"@type\":\"ImageObject\",\"inLanguage\":\"en-US\",\"@id\":\"https:\/\/calaglia.com\/#\/schema\/logo\/image\/\",\"url\":\"https:\/\/calaglia.com\/wp-content\/uploads\/2022\/01\/Calaglia.svg\",\"contentUrl\":\"https:\/\/calaglia.com\/wp-content\/uploads\/2022\/01\/Calaglia.svg\",\"width\":1,\"height\":1,\"caption\":\"Calaglia\"},\"image\":{\"@id\":\"https:\/\/calaglia.com\/#\/schema\/logo\/image\/\"},\"sameAs\":[\"https:\/\/www.facebook.com\/Calaglia\/\",\"https:\/\/www.instagram.com\/calaglia\/\"]}]}<\/script>\n<!-- \/ Yoast SEO plugin. -->","yoast_head_json":{"title":"Bracelet cordon argent pendentif floral DORIA - Calaglia","description":"Bracelets : bracelet cordon et pendentif argent floral DORIA : un bracelet argent sur cordon ajustable avec pendentif argent. Bracelet couleur","robots":{"index":"index","follow":"follow","max-snippet":"max-snippet:-1","max-image-preview":"max-image-preview:large","max-video-preview":"max-video-preview:-1"},"canonical":"https:\/\/calaglia.com\/produit\/bracelet-cordon-argent-pendentif-floral-doria\/","og_locale":"en_US","og_type":"article","og_title":"Bracelet cordon argent pendentif floral DORIA - Calaglia","og_description":"Bracelets : bracelet cordon et pendentif argent floral DORIA : un bracelet argent sur cordon ajustable avec pendentif argent. Bracelet couleur","og_url":"https:\/\/calaglia.com\/produit\/bracelet-cordon-argent-pendentif-floral-doria\/","og_site_name":"Calaglia","article_publisher":"https:\/\/www.facebook.com\/Calaglia\/","article_modified_time":"2022-08-02T19:13:17+00:00","og_image":[{"width":1080,"height":1080,"url":"https:\/\/calaglia.com\/wp-content\/uploads\/2022\/05\/Bracelet-cordon-DORIA.png","type":"image\/png"}],"twitter_card":"summary_large_image","twitter_misc":{"Est. reading time":"1 minute"},"schema":{"@context":"https:\/\/schema.org","@graph":[{"@type":"WebPage","@id":"https:\/\/calaglia.com\/produit\/bracelet-cordon-argent-pendentif-floral-doria\/","url":"https:\/\/calaglia.com\/produit\/bracelet-cordon-argent-pendentif-floral-doria\/","name":"Bracelet cordon argent pendentif floral DORIA - Calaglia","isPartOf":{"@id":"https:\/\/calaglia.com\/#website"},"datePublished":"2022-05-08T19:49:00+00:00","dateModified":"2022-08-02T19:13:17+00:00","description":"Bracelets : bracelet cordon et pendentif argent floral DORIA : un bracelet argent sur cordon ajustable avec pendentif argent. Bracelet couleur","breadcrumb":{"@id":"https:\/\/calaglia.com\/produit\/bracelet-cordon-argent-pendentif-floral-doria\/#breadcrumb"},"inLanguage":"en-US","potentialAction":[{"@type":"ReadAction","target":["https:\/\/calaglia.com\/produit\/bracelet-cordon-argent-pendentif-floral-doria\/"]}]},{"@type":"BreadcrumbList","@id":"https:\/\/calaglia.com\/produit\/bracelet-cordon-argent-pendentif-floral-doria\/#breadcrumb","itemListElement":[{"@type":"ListItem","position":1,"name":"Accueil","item":"https:\/\/calaglia.com\/"},{"@type":"ListItem","position":2,"name":"Shop","item":"https:\/\/calaglia.com\/en\/shop\/"},{"@type":"ListItem","position":3,"name":"Bracelet cordon argent pendentif floral DORIA"}]},{"@type":"WebSite","@id":"https:\/\/calaglia.com\/#website","url":"https:\/\/calaglia.com\/","name":"Calaglia","description":"","publisher":{"@id":"https:\/\/calaglia.com\/#organization"},"potentialAction":[{"@type":"SearchAction","target":{"@type":"EntryPoint","urlTemplate":"https:\/\/calaglia.com\/?s={search_term_string}"},"query-input":"required name=search_term_string"}],"inLanguage":"en-US"},{"@type":"Organization","@id":"https:\/\/calaglia.com\/#organization","name":"Calaglia","url":"https:\/\/calaglia.com\/","logo":{"@type":"ImageObject","inLanguage":"en-US","@id":"https:\/\/calaglia.com\/#\/schema\/logo\/image\/","url":"https:\/\/calaglia.com\/wp-content\/uploads\/2022\/01\/Calaglia.svg","contentUrl":"https:\/\/calaglia.com\/wp-content\/uploads\/2022\/01\/Calaglia.svg","width":1,"height":1,"caption":"Calaglia"},"image":{"@id":"https:\/\/calaglia.com\/#\/schema\/logo\/image\/"},"sameAs":["https:\/\/www.facebook.com\/Calaglia\/","https:\/\/www.instagram.com\/calaglia\/"]}]}},"featured_image_src_large":["https:\/\/calaglia.com\/wp-content\/uploads\/2022\/05\/Bracelet-cordon-DORIA-1024x1024.png",1024,1024,true],"comment_info":0,"taxonomy_info":{"product_cat":[{"value":18,"label":"Bracelets"},{"value":152,"label":"Bracelets argent"},{"value":52,"label":"Bracelets cordons"}]},"_links":{"self":[{"href":"https:\/\/calaglia.com\/en\/wp-json\/wp\/v3\/product\/1337"}],"collection":[{"href":"https:\/\/calaglia.com\/en\/wp-json\/wp\/v3\/product"}],"about":[{"href":"https:\/\/calaglia.com\/en\/wp-json\/wp\/v2\/types\/product"}],"replies":[{"embeddable":true,"href":"https:\/\/calaglia.com\/en\/wp-json\/wp\/v2\/comments?post=1337"}],"wp:featuredmedia":[{"embeddable":true,"href":"https:\/\/calaglia.com\/en\/wp-json\/wp\/v2\/media\/1344"}],"wp:attachment":[{"href":"https:\/\/calaglia.com\/en\/wp-json\/wp\/v2\/media?parent=1337"}],"wp:term":[{"taxonomy":"product_cat","embeddable":true,"href":"https:\/\/calaglia.com\/en\/wp-json\/wp\/v2\/product_cat?post=1337"},{"taxonomy":"product_tag","embeddable":true,"href":"https:\/\/calaglia.com\/en\/wp-json\/wp\/v2\/product_tag?post=1337"}],"curies":[{"name":"wp","href":"https:\/\/api.w.org\/{rel}","templated":true}]}}