{"id":2095,"date":"2022-05-18T22:31:21","date_gmt":"2022-05-18T20:31:21","guid":{"rendered":"https:\/\/calaglia.com\/?post_type=product&#038;p=2095"},"modified":"2024-06-11T19:35:40","modified_gmt":"2024-06-11T17:35:40","slug":"boucles-doreilles-creoles-pendentif-cristal-de-roche-mia","status":"publish","type":"product","link":"https:\/\/calaglia.com\/en\/produit\/boucles-doreilles-creoles-pendentif-cristal-de-roche-mia\/","title":{"rendered":"Boucles d&#8217;oreilles cr\u00e9oles pendentif cristal de roche MIA"},"content":{"rendered":"<p>Ce mod\u00e8le de cr\u00e9oles est tr\u00e8s facile \u00e0 porter, les bienfaits du cristal de roche s&#8217;additionnent \u00e0 la beaut\u00e9 de cette pierre.<\/p>\n","protected":false},"excerpt":{"rendered":"<p>MIA sont des boucles d&#8217;oreilles cr\u00e9oles en finition argent ou plaqu\u00e9 or compos\u00e9es d\u2019un pendentif en pierre naturelle de cristal de roche facett\u00e9e.<br \/>\nLes cr\u00e9oles MIA, avec cette pierre cristalline, s&#8217;assortiront \u00e0 toutes vos tenues !<\/p>\n<p>\u2013 cr\u00e9oles argent ou plaqu\u00e9 or : 20 mm<br \/>\n\u2013 pendentif cristal de roche : 8 mm<\/p>\n<p>La pierre naturelle en cristal de roche vous aidera \u00e0 d\u00e9cupler votre \u00e9nergie et \u00e9liminer la n\u00e9gativit\u00e9.<br \/>\nChaque pierre est s\u00e9lectionn\u00e9e avec attention : elles sont toutes uniques.<\/p>\n","protected":false},"featured_media":2101,"comment_status":"open","ping_status":"closed","template":"","meta":{"_kad_blocks_custom_css":"","_kad_blocks_head_custom_js":"","_kad_blocks_body_custom_js":"","_kad_blocks_footer_custom_js":"","_mi_skip_tracking":false,"_kad_post_transparent":"default","_kad_post_title":"","_kad_post_layout":"default","_kad_post_sidebar_id":"","_kad_post_content_style":"default","_kad_post_vertical_padding":"default","_kad_post_feature":"","_kad_post_feature_position":"","_kad_post_header":false,"_kad_post_footer":false},"product_cat":[17,161,162,56],"product_tag":[],"featured_image_urls":{"full":["https:\/\/calaglia.com\/wp-content\/uploads\/2022\/05\/galerie16.png",1080,1080,false],"thumbnail":["https:\/\/calaglia.com\/wp-content\/uploads\/2022\/05\/galerie16-150x150.png",150,150,true],"medium":["https:\/\/calaglia.com\/wp-content\/uploads\/2022\/05\/galerie16-300x300.png",300,300,true],"medium_large":["https:\/\/calaglia.com\/wp-content\/uploads\/2022\/05\/galerie16-768x768.png",768,768,true],"large":["https:\/\/calaglia.com\/wp-content\/uploads\/2022\/05\/galerie16-1024x1024.png",1024,1024,true],"lws_wr_thumbnail":["https:\/\/calaglia.com\/wp-content\/uploads\/2022\/05\/galerie16-96x96.png",96,96,true],"lws_wr_thumbnail_small":["https:\/\/calaglia.com\/wp-content\/uploads\/2022\/05\/galerie16-42x42.png",42,42,true],"lws_badge":["https:\/\/calaglia.com\/wp-content\/uploads\/2022\/05\/galerie16-60x60.png",60,60,true],"1536x1536":["https:\/\/calaglia.com\/wp-content\/uploads\/2022\/05\/galerie16.png",1080,1080,false],"2048x2048":["https:\/\/calaglia.com\/wp-content\/uploads\/2022\/05\/galerie16.png",1080,1080,false],"mailpoet_newsletter_max":["https:\/\/calaglia.com\/wp-content\/uploads\/2022\/05\/galerie16.png",1080,1080,false],"woocommerce_thumbnail":["https:\/\/calaglia.com\/wp-content\/uploads\/2022\/05\/galerie16-300x300.png",300,300,true],"woocommerce_single":["https:\/\/calaglia.com\/wp-content\/uploads\/2022\/05\/galerie16-465x465.png",465,465,true],"woocommerce_gallery_thumbnail":["https:\/\/calaglia.com\/wp-content\/uploads\/2022\/05\/galerie16-100x100.png",100,100,true]},"post_excerpt_stackable":"<p>MIA sont des boucles d&#8217;oreilles cr\u00e9oles en finition argent ou plaqu\u00e9 or compos\u00e9es d\u2019un pendentif en pierre naturelle de cristal de roche facett\u00e9e.<br \/>\nLes cr\u00e9oles MIA, avec cette pierre cristalline, s&#8217;assortiront \u00e0 toutes vos tenues !<\/p>\n<p>\u2013 cr\u00e9oles argent ou plaqu\u00e9 or : 20 mm<br \/>\n\u2013 pendentif cristal de roche : 8 mm<\/p>\n<p>La pierre naturelle en cristal de roche vous aidera \u00e0 d\u00e9cupler votre \u00e9nergie et \u00e9liminer la n\u00e9gativit\u00e9.<br \/>\nChaque pierre est s\u00e9lectionn\u00e9e avec attention : elles sont toutes uniques.<\/p>\n","category_list":"","author_info":[],"comments_num":"0 comments","yoast_head":"<!-- This site is optimized with the Yoast SEO plugin v20.5 - https:\/\/yoast.com\/wordpress\/plugins\/seo\/ -->\n<title>Boucles d&#039;oreilles cr\u00e9oles pendentif cristal de roche MIA - Calaglia<\/title>\n<meta name=\"description\" content=\"Boucles d&#039;oreilles : cr\u00e9oles argent et plaqu\u00e9 or avec pendentif en pierre naturelle de cristal de roche MIA : des creoles argent et plaqu\u00e9 or en cristal.\" \/>\n<meta name=\"robots\" content=\"index, follow, max-snippet:-1, max-image-preview:large, max-video-preview:-1\" \/>\n<link rel=\"canonical\" href=\"https:\/\/calaglia.com\/produit\/boucles-doreilles-creoles-pendentif-cristal-de-roche-mia\/\" \/>\n<meta property=\"og:locale\" content=\"en_US\" \/>\n<meta property=\"og:type\" content=\"article\" \/>\n<meta property=\"og:title\" content=\"Boucles d&#039;oreilles cr\u00e9oles pendentif cristal de roche MIA - Calaglia\" \/>\n<meta property=\"og:description\" content=\"Boucles d&#039;oreilles : cr\u00e9oles argent et plaqu\u00e9 or avec pendentif en pierre naturelle de cristal de roche MIA : des creoles argent et plaqu\u00e9 or en cristal.\" \/>\n<meta property=\"og:url\" content=\"https:\/\/calaglia.com\/produit\/boucles-doreilles-creoles-pendentif-cristal-de-roche-mia\/\" \/>\n<meta property=\"og:site_name\" content=\"Calaglia\" \/>\n<meta property=\"article:publisher\" content=\"https:\/\/www.facebook.com\/Calaglia\/\" \/>\n<meta property=\"article:modified_time\" content=\"2024-06-11T17:35:40+00:00\" \/>\n<meta property=\"og:image\" content=\"https:\/\/calaglia.com\/wp-content\/uploads\/2022\/05\/galerie16.png\" \/>\n\t<meta property=\"og:image:width\" content=\"1080\" \/>\n\t<meta property=\"og:image:height\" content=\"1080\" \/>\n\t<meta property=\"og:image:type\" content=\"image\/png\" \/>\n<meta name=\"twitter:card\" content=\"summary_large_image\" \/>\n<meta name=\"twitter:label1\" content=\"Est. reading time\" \/>\n\t<meta name=\"twitter:data1\" content=\"1 minute\" \/>\n<script type=\"application\/ld+json\" class=\"yoast-schema-graph\">{\"@context\":\"https:\/\/schema.org\",\"@graph\":[{\"@type\":\"WebPage\",\"@id\":\"https:\/\/calaglia.com\/produit\/boucles-doreilles-creoles-pendentif-cristal-de-roche-mia\/\",\"url\":\"https:\/\/calaglia.com\/produit\/boucles-doreilles-creoles-pendentif-cristal-de-roche-mia\/\",\"name\":\"Boucles d'oreilles cr\u00e9oles pendentif cristal de roche MIA - Calaglia\",\"isPartOf\":{\"@id\":\"https:\/\/calaglia.com\/#website\"},\"datePublished\":\"2022-05-18T20:31:21+00:00\",\"dateModified\":\"2024-06-11T17:35:40+00:00\",\"description\":\"Boucles d'oreilles : cr\u00e9oles argent et plaqu\u00e9 or avec pendentif en pierre naturelle de cristal de roche MIA : des creoles argent et plaqu\u00e9 or en cristal.\",\"breadcrumb\":{\"@id\":\"https:\/\/calaglia.com\/produit\/boucles-doreilles-creoles-pendentif-cristal-de-roche-mia\/#breadcrumb\"},\"inLanguage\":\"en-US\",\"potentialAction\":[{\"@type\":\"ReadAction\",\"target\":[\"https:\/\/calaglia.com\/produit\/boucles-doreilles-creoles-pendentif-cristal-de-roche-mia\/\"]}]},{\"@type\":\"BreadcrumbList\",\"@id\":\"https:\/\/calaglia.com\/produit\/boucles-doreilles-creoles-pendentif-cristal-de-roche-mia\/#breadcrumb\",\"itemListElement\":[{\"@type\":\"ListItem\",\"position\":1,\"name\":\"Accueil\",\"item\":\"https:\/\/calaglia.com\/\"},{\"@type\":\"ListItem\",\"position\":2,\"name\":\"Shop\",\"item\":\"https:\/\/calaglia.com\/en\/shop\/\"},{\"@type\":\"ListItem\",\"position\":3,\"name\":\"Boucles d&#8217;oreilles cr\u00e9oles pendentif cristal de roche MIA\"}]},{\"@type\":\"WebSite\",\"@id\":\"https:\/\/calaglia.com\/#website\",\"url\":\"https:\/\/calaglia.com\/\",\"name\":\"Calaglia\",\"description\":\"\",\"publisher\":{\"@id\":\"https:\/\/calaglia.com\/#organization\"},\"potentialAction\":[{\"@type\":\"SearchAction\",\"target\":{\"@type\":\"EntryPoint\",\"urlTemplate\":\"https:\/\/calaglia.com\/?s={search_term_string}\"},\"query-input\":\"required name=search_term_string\"}],\"inLanguage\":\"en-US\"},{\"@type\":\"Organization\",\"@id\":\"https:\/\/calaglia.com\/#organization\",\"name\":\"Calaglia\",\"url\":\"https:\/\/calaglia.com\/\",\"logo\":{\"@type\":\"ImageObject\",\"inLanguage\":\"en-US\",\"@id\":\"https:\/\/calaglia.com\/#\/schema\/logo\/image\/\",\"url\":\"https:\/\/calaglia.com\/wp-content\/uploads\/2022\/01\/Calaglia.svg\",\"contentUrl\":\"https:\/\/calaglia.com\/wp-content\/uploads\/2022\/01\/Calaglia.svg\",\"width\":1,\"height\":1,\"caption\":\"Calaglia\"},\"image\":{\"@id\":\"https:\/\/calaglia.com\/#\/schema\/logo\/image\/\"},\"sameAs\":[\"https:\/\/www.facebook.com\/Calaglia\/\",\"https:\/\/www.instagram.com\/calaglia\/\"]}]}<\/script>\n<!-- \/ Yoast SEO plugin. -->","yoast_head_json":{"title":"Boucles d'oreilles cr\u00e9oles pendentif cristal de roche MIA - Calaglia","description":"Boucles d'oreilles : cr\u00e9oles argent et plaqu\u00e9 or avec pendentif en pierre naturelle de cristal de roche MIA : des creoles argent et plaqu\u00e9 or en cristal.","robots":{"index":"index","follow":"follow","max-snippet":"max-snippet:-1","max-image-preview":"max-image-preview:large","max-video-preview":"max-video-preview:-1"},"canonical":"https:\/\/calaglia.com\/produit\/boucles-doreilles-creoles-pendentif-cristal-de-roche-mia\/","og_locale":"en_US","og_type":"article","og_title":"Boucles d'oreilles cr\u00e9oles pendentif cristal de roche MIA - Calaglia","og_description":"Boucles d'oreilles : cr\u00e9oles argent et plaqu\u00e9 or avec pendentif en pierre naturelle de cristal de roche MIA : des creoles argent et plaqu\u00e9 or en cristal.","og_url":"https:\/\/calaglia.com\/produit\/boucles-doreilles-creoles-pendentif-cristal-de-roche-mia\/","og_site_name":"Calaglia","article_publisher":"https:\/\/www.facebook.com\/Calaglia\/","article_modified_time":"2024-06-11T17:35:40+00:00","og_image":[{"width":1080,"height":1080,"url":"https:\/\/calaglia.com\/wp-content\/uploads\/2022\/05\/galerie16.png","type":"image\/png"}],"twitter_card":"summary_large_image","twitter_misc":{"Est. reading time":"1 minute"},"schema":{"@context":"https:\/\/schema.org","@graph":[{"@type":"WebPage","@id":"https:\/\/calaglia.com\/produit\/boucles-doreilles-creoles-pendentif-cristal-de-roche-mia\/","url":"https:\/\/calaglia.com\/produit\/boucles-doreilles-creoles-pendentif-cristal-de-roche-mia\/","name":"Boucles d'oreilles cr\u00e9oles pendentif cristal de roche MIA - Calaglia","isPartOf":{"@id":"https:\/\/calaglia.com\/#website"},"datePublished":"2022-05-18T20:31:21+00:00","dateModified":"2024-06-11T17:35:40+00:00","description":"Boucles d'oreilles : cr\u00e9oles argent et plaqu\u00e9 or avec pendentif en pierre naturelle de cristal de roche MIA : des creoles argent et plaqu\u00e9 or en cristal.","breadcrumb":{"@id":"https:\/\/calaglia.com\/produit\/boucles-doreilles-creoles-pendentif-cristal-de-roche-mia\/#breadcrumb"},"inLanguage":"en-US","potentialAction":[{"@type":"ReadAction","target":["https:\/\/calaglia.com\/produit\/boucles-doreilles-creoles-pendentif-cristal-de-roche-mia\/"]}]},{"@type":"BreadcrumbList","@id":"https:\/\/calaglia.com\/produit\/boucles-doreilles-creoles-pendentif-cristal-de-roche-mia\/#breadcrumb","itemListElement":[{"@type":"ListItem","position":1,"name":"Accueil","item":"https:\/\/calaglia.com\/"},{"@type":"ListItem","position":2,"name":"Shop","item":"https:\/\/calaglia.com\/en\/shop\/"},{"@type":"ListItem","position":3,"name":"Boucles d&#8217;oreilles cr\u00e9oles pendentif cristal de roche MIA"}]},{"@type":"WebSite","@id":"https:\/\/calaglia.com\/#website","url":"https:\/\/calaglia.com\/","name":"Calaglia","description":"","publisher":{"@id":"https:\/\/calaglia.com\/#organization"},"potentialAction":[{"@type":"SearchAction","target":{"@type":"EntryPoint","urlTemplate":"https:\/\/calaglia.com\/?s={search_term_string}"},"query-input":"required name=search_term_string"}],"inLanguage":"en-US"},{"@type":"Organization","@id":"https:\/\/calaglia.com\/#organization","name":"Calaglia","url":"https:\/\/calaglia.com\/","logo":{"@type":"ImageObject","inLanguage":"en-US","@id":"https:\/\/calaglia.com\/#\/schema\/logo\/image\/","url":"https:\/\/calaglia.com\/wp-content\/uploads\/2022\/01\/Calaglia.svg","contentUrl":"https:\/\/calaglia.com\/wp-content\/uploads\/2022\/01\/Calaglia.svg","width":1,"height":1,"caption":"Calaglia"},"image":{"@id":"https:\/\/calaglia.com\/#\/schema\/logo\/image\/"},"sameAs":["https:\/\/www.facebook.com\/Calaglia\/","https:\/\/www.instagram.com\/calaglia\/"]}]}},"featured_image_src_large":["https:\/\/calaglia.com\/wp-content\/uploads\/2022\/05\/galerie16-1024x1024.png",1024,1024,true],"comment_info":0,"taxonomy_info":{"product_cat":[{"value":17,"label":"Boucles d'oreilles"},{"value":161,"label":"Boucles d'oreilles argent"},{"value":162,"label":"Boucles d'oreilles plaqu\u00e9 or"},{"value":56,"label":"Cr\u00e9oles"}]},"_links":{"self":[{"href":"https:\/\/calaglia.com\/en\/wp-json\/wp\/v3\/product\/2095"}],"collection":[{"href":"https:\/\/calaglia.com\/en\/wp-json\/wp\/v3\/product"}],"about":[{"href":"https:\/\/calaglia.com\/en\/wp-json\/wp\/v2\/types\/product"}],"replies":[{"embeddable":true,"href":"https:\/\/calaglia.com\/en\/wp-json\/wp\/v2\/comments?post=2095"}],"wp:featuredmedia":[{"embeddable":true,"href":"https:\/\/calaglia.com\/en\/wp-json\/wp\/v2\/media\/2101"}],"wp:attachment":[{"href":"https:\/\/calaglia.com\/en\/wp-json\/wp\/v2\/media?parent=2095"}],"wp:term":[{"taxonomy":"product_cat","embeddable":true,"href":"https:\/\/calaglia.com\/en\/wp-json\/wp\/v2\/product_cat?post=2095"},{"taxonomy":"product_tag","embeddable":true,"href":"https:\/\/calaglia.com\/en\/wp-json\/wp\/v2\/product_tag?post=2095"}],"curies":[{"name":"wp","href":"https:\/\/api.w.org\/{rel}","templated":true}]}}