{"id":4655,"date":"2022-07-25T16:54:50","date_gmt":"2022-07-25T14:54:50","guid":{"rendered":"https:\/\/calaglia.com\/?post_type=product&#038;p=4655"},"modified":"2023-10-02T18:33:57","modified_gmt":"2023-10-02T16:33:57","slug":"boucles-doreilles-creoles-marguerite-margot","status":"publish","type":"product","link":"https:\/\/calaglia.com\/en\/produit\/boucles-doreilles-creoles-marguerite-margot\/","title":{"rendered":"Boucles d&#8217;oreilles cr\u00e9oles marguerite MARGOT"},"content":{"rendered":"<p>Ce mod\u00e8le de boucles d\u2019oreilles peut aussi bien se porter pour les tenues de tous les jours, que pour un \u00e9v\u00e8nement guinguette.<\/p>\n<p>\u2b50 Dans la m\u00eame collection : nous avons cr\u00e9\u00e9 le collier, le bracelet et les boucles d&#8217;oreilles mini cr\u00e9oles assortis<\/p>\n","protected":false},"excerpt":{"rendered":"<p>MARGOT sont des boucles d&#8217;oreilles cr\u00e9oles en finition argent ou plaqu\u00e9 or avec pendentif marguerite en nacre et 4 perles en plaqu\u00e9 or ou argent.<br \/>\nLes cr\u00e9oles MARGOT, apporteront une touche de fra\u00eecheur \u00e0 votre tenue.<\/p>\n<p>\u2013 cr\u00e9oles plaqu\u00e9 or : 30 mm<br \/>\n\u2013 pendentif marguerite en nacre : 12 mm<br \/>\n&#8211; perles argent ou plaqu\u00e9 or : 2 mm \u00e0 4 mm<\/p>\n<p>La marguerite, tout en nacre, boostera votre sociabilit\u00e9 et d\u00e9veloppera votre charisme.<br \/>\nChaque perle est s\u00e9lectionn\u00e9e avec attention : elles sont toutes uniques.<\/p>\n","protected":false},"featured_media":5957,"comment_status":"open","ping_status":"closed","template":"","meta":{"_kad_blocks_custom_css":"","_kad_blocks_head_custom_js":"","_kad_blocks_body_custom_js":"","_kad_blocks_footer_custom_js":"","_mi_skip_tracking":false,"_kad_post_transparent":"default","_kad_post_title":"","_kad_post_layout":"default","_kad_post_sidebar_id":"","_kad_post_content_style":"default","_kad_post_vertical_padding":"default","_kad_post_feature":"","_kad_post_feature_position":"","_kad_post_header":false,"_kad_post_footer":false},"product_cat":[17,161,162,56],"product_tag":[],"featured_image_urls":{"full":["https:\/\/calaglia.com\/wp-content\/uploads\/2022\/07\/Design-sans-titre-7-1.png",1080,1080,false],"thumbnail":["https:\/\/calaglia.com\/wp-content\/uploads\/2022\/07\/Design-sans-titre-7-1-150x150.png",150,150,true],"medium":["https:\/\/calaglia.com\/wp-content\/uploads\/2022\/07\/Design-sans-titre-7-1-300x300.png",300,300,true],"medium_large":["https:\/\/calaglia.com\/wp-content\/uploads\/2022\/07\/Design-sans-titre-7-1-768x768.png",768,768,true],"large":["https:\/\/calaglia.com\/wp-content\/uploads\/2022\/07\/Design-sans-titre-7-1-1024x1024.png",1024,1024,true],"lws_wr_thumbnail":["https:\/\/calaglia.com\/wp-content\/uploads\/2022\/07\/Design-sans-titre-7-1-96x96.png",96,96,true],"lws_wr_thumbnail_small":["https:\/\/calaglia.com\/wp-content\/uploads\/2022\/07\/Design-sans-titre-7-1-42x42.png",42,42,true],"lws_badge":["https:\/\/calaglia.com\/wp-content\/uploads\/2022\/07\/Design-sans-titre-7-1-60x60.png",60,60,true],"1536x1536":["https:\/\/calaglia.com\/wp-content\/uploads\/2022\/07\/Design-sans-titre-7-1.png",1080,1080,false],"2048x2048":["https:\/\/calaglia.com\/wp-content\/uploads\/2022\/07\/Design-sans-titre-7-1.png",1080,1080,false],"mailpoet_newsletter_max":["https:\/\/calaglia.com\/wp-content\/uploads\/2022\/07\/Design-sans-titre-7-1.png",1080,1080,false],"woocommerce_thumbnail":["https:\/\/calaglia.com\/wp-content\/uploads\/2022\/07\/Design-sans-titre-7-1-300x300.png",300,300,true],"woocommerce_single":["https:\/\/calaglia.com\/wp-content\/uploads\/2022\/07\/Design-sans-titre-7-1-465x465.png",465,465,true],"woocommerce_gallery_thumbnail":["https:\/\/calaglia.com\/wp-content\/uploads\/2022\/07\/Design-sans-titre-7-1-100x100.png",100,100,true]},"post_excerpt_stackable":"<p>MARGOT sont des boucles d&#8217;oreilles cr\u00e9oles en finition argent ou plaqu\u00e9 or avec pendentif marguerite en nacre et 4 perles en plaqu\u00e9 or ou argent.<br \/>\nLes cr\u00e9oles MARGOT, apporteront une touche de fra\u00eecheur \u00e0 votre tenue.<\/p>\n<p>\u2013 cr\u00e9oles plaqu\u00e9 or : 30 mm<br \/>\n\u2013 pendentif marguerite en nacre : 12 mm<br \/>\n&#8211; perles argent ou plaqu\u00e9 or : 2 mm \u00e0 4 mm<\/p>\n<p>La marguerite, tout en nacre, boostera votre sociabilit\u00e9 et d\u00e9veloppera votre charisme.<br \/>\nChaque perle est s\u00e9lectionn\u00e9e avec attention : elles sont toutes uniques.<\/p>\n","category_list":"","author_info":[],"comments_num":"0 comments","yoast_head":"<!-- This site is optimized with the Yoast SEO plugin v20.5 - https:\/\/yoast.com\/wordpress\/plugins\/seo\/ -->\n<title>Boucles d&#039;oreilles cr\u00e9oles marguerite MARGOT - Calaglia<\/title>\n<meta name=\"description\" content=\"Boucles d&#039;oreilles : cr\u00e9oles plaqu\u00e9 or avec pendentif marguerite MARGOT et perles : des creoles plaqu\u00e9 or avec pendentif marguerite en nacre : cr\u00e9oles\" \/>\n<meta name=\"robots\" content=\"index, follow, max-snippet:-1, max-image-preview:large, max-video-preview:-1\" \/>\n<link rel=\"canonical\" href=\"https:\/\/calaglia.com\/produit\/boucles-doreilles-creoles-marguerite-margot\/\" \/>\n<meta property=\"og:locale\" content=\"en_US\" \/>\n<meta property=\"og:type\" content=\"article\" \/>\n<meta property=\"og:title\" content=\"Boucles d&#039;oreilles cr\u00e9oles marguerite MARGOT - Calaglia\" \/>\n<meta property=\"og:description\" content=\"Boucles d&#039;oreilles : cr\u00e9oles plaqu\u00e9 or avec pendentif marguerite MARGOT et perles : des creoles plaqu\u00e9 or avec pendentif marguerite en nacre : cr\u00e9oles\" \/>\n<meta property=\"og:url\" content=\"https:\/\/calaglia.com\/produit\/boucles-doreilles-creoles-marguerite-margot\/\" \/>\n<meta property=\"og:site_name\" content=\"Calaglia\" \/>\n<meta property=\"article:publisher\" content=\"https:\/\/www.facebook.com\/Calaglia\/\" \/>\n<meta property=\"article:modified_time\" content=\"2023-10-02T16:33:57+00:00\" \/>\n<meta property=\"og:image\" content=\"https:\/\/calaglia.com\/wp-content\/uploads\/2022\/07\/Design-sans-titre-7-1.png\" \/>\n\t<meta property=\"og:image:width\" content=\"1080\" \/>\n\t<meta property=\"og:image:height\" content=\"1080\" \/>\n\t<meta property=\"og:image:type\" content=\"image\/png\" \/>\n<meta name=\"twitter:card\" content=\"summary_large_image\" \/>\n<meta name=\"twitter:label1\" content=\"Est. reading time\" \/>\n\t<meta name=\"twitter:data1\" content=\"1 minute\" \/>\n<script type=\"application\/ld+json\" class=\"yoast-schema-graph\">{\"@context\":\"https:\/\/schema.org\",\"@graph\":[{\"@type\":\"WebPage\",\"@id\":\"https:\/\/calaglia.com\/produit\/boucles-doreilles-creoles-marguerite-margot\/\",\"url\":\"https:\/\/calaglia.com\/produit\/boucles-doreilles-creoles-marguerite-margot\/\",\"name\":\"Boucles d'oreilles cr\u00e9oles marguerite MARGOT - Calaglia\",\"isPartOf\":{\"@id\":\"https:\/\/calaglia.com\/#website\"},\"datePublished\":\"2022-07-25T14:54:50+00:00\",\"dateModified\":\"2023-10-02T16:33:57+00:00\",\"description\":\"Boucles d'oreilles : cr\u00e9oles plaqu\u00e9 or avec pendentif marguerite MARGOT et perles : des creoles plaqu\u00e9 or avec pendentif marguerite en nacre : cr\u00e9oles\",\"breadcrumb\":{\"@id\":\"https:\/\/calaglia.com\/produit\/boucles-doreilles-creoles-marguerite-margot\/#breadcrumb\"},\"inLanguage\":\"en-US\",\"potentialAction\":[{\"@type\":\"ReadAction\",\"target\":[\"https:\/\/calaglia.com\/produit\/boucles-doreilles-creoles-marguerite-margot\/\"]}]},{\"@type\":\"BreadcrumbList\",\"@id\":\"https:\/\/calaglia.com\/produit\/boucles-doreilles-creoles-marguerite-margot\/#breadcrumb\",\"itemListElement\":[{\"@type\":\"ListItem\",\"position\":1,\"name\":\"Accueil\",\"item\":\"https:\/\/calaglia.com\/\"},{\"@type\":\"ListItem\",\"position\":2,\"name\":\"Shop\",\"item\":\"https:\/\/calaglia.com\/en\/shop\/\"},{\"@type\":\"ListItem\",\"position\":3,\"name\":\"Boucles d&#8217;oreilles cr\u00e9oles marguerite MARGOT\"}]},{\"@type\":\"WebSite\",\"@id\":\"https:\/\/calaglia.com\/#website\",\"url\":\"https:\/\/calaglia.com\/\",\"name\":\"Calaglia\",\"description\":\"\",\"publisher\":{\"@id\":\"https:\/\/calaglia.com\/#organization\"},\"potentialAction\":[{\"@type\":\"SearchAction\",\"target\":{\"@type\":\"EntryPoint\",\"urlTemplate\":\"https:\/\/calaglia.com\/?s={search_term_string}\"},\"query-input\":\"required name=search_term_string\"}],\"inLanguage\":\"en-US\"},{\"@type\":\"Organization\",\"@id\":\"https:\/\/calaglia.com\/#organization\",\"name\":\"Calaglia\",\"url\":\"https:\/\/calaglia.com\/\",\"logo\":{\"@type\":\"ImageObject\",\"inLanguage\":\"en-US\",\"@id\":\"https:\/\/calaglia.com\/#\/schema\/logo\/image\/\",\"url\":\"https:\/\/calaglia.com\/wp-content\/uploads\/2022\/01\/Calaglia.svg\",\"contentUrl\":\"https:\/\/calaglia.com\/wp-content\/uploads\/2022\/01\/Calaglia.svg\",\"width\":1,\"height\":1,\"caption\":\"Calaglia\"},\"image\":{\"@id\":\"https:\/\/calaglia.com\/#\/schema\/logo\/image\/\"},\"sameAs\":[\"https:\/\/www.facebook.com\/Calaglia\/\",\"https:\/\/www.instagram.com\/calaglia\/\"]}]}<\/script>\n<!-- \/ Yoast SEO plugin. -->","yoast_head_json":{"title":"Boucles d'oreilles cr\u00e9oles marguerite MARGOT - Calaglia","description":"Boucles d'oreilles : cr\u00e9oles plaqu\u00e9 or avec pendentif marguerite MARGOT et perles : des creoles plaqu\u00e9 or avec pendentif marguerite en nacre : cr\u00e9oles","robots":{"index":"index","follow":"follow","max-snippet":"max-snippet:-1","max-image-preview":"max-image-preview:large","max-video-preview":"max-video-preview:-1"},"canonical":"https:\/\/calaglia.com\/produit\/boucles-doreilles-creoles-marguerite-margot\/","og_locale":"en_US","og_type":"article","og_title":"Boucles d'oreilles cr\u00e9oles marguerite MARGOT - Calaglia","og_description":"Boucles d'oreilles : cr\u00e9oles plaqu\u00e9 or avec pendentif marguerite MARGOT et perles : des creoles plaqu\u00e9 or avec pendentif marguerite en nacre : cr\u00e9oles","og_url":"https:\/\/calaglia.com\/produit\/boucles-doreilles-creoles-marguerite-margot\/","og_site_name":"Calaglia","article_publisher":"https:\/\/www.facebook.com\/Calaglia\/","article_modified_time":"2023-10-02T16:33:57+00:00","og_image":[{"width":1080,"height":1080,"url":"https:\/\/calaglia.com\/wp-content\/uploads\/2022\/07\/Design-sans-titre-7-1.png","type":"image\/png"}],"twitter_card":"summary_large_image","twitter_misc":{"Est. reading time":"1 minute"},"schema":{"@context":"https:\/\/schema.org","@graph":[{"@type":"WebPage","@id":"https:\/\/calaglia.com\/produit\/boucles-doreilles-creoles-marguerite-margot\/","url":"https:\/\/calaglia.com\/produit\/boucles-doreilles-creoles-marguerite-margot\/","name":"Boucles d'oreilles cr\u00e9oles marguerite MARGOT - Calaglia","isPartOf":{"@id":"https:\/\/calaglia.com\/#website"},"datePublished":"2022-07-25T14:54:50+00:00","dateModified":"2023-10-02T16:33:57+00:00","description":"Boucles d'oreilles : cr\u00e9oles plaqu\u00e9 or avec pendentif marguerite MARGOT et perles : des creoles plaqu\u00e9 or avec pendentif marguerite en nacre : cr\u00e9oles","breadcrumb":{"@id":"https:\/\/calaglia.com\/produit\/boucles-doreilles-creoles-marguerite-margot\/#breadcrumb"},"inLanguage":"en-US","potentialAction":[{"@type":"ReadAction","target":["https:\/\/calaglia.com\/produit\/boucles-doreilles-creoles-marguerite-margot\/"]}]},{"@type":"BreadcrumbList","@id":"https:\/\/calaglia.com\/produit\/boucles-doreilles-creoles-marguerite-margot\/#breadcrumb","itemListElement":[{"@type":"ListItem","position":1,"name":"Accueil","item":"https:\/\/calaglia.com\/"},{"@type":"ListItem","position":2,"name":"Shop","item":"https:\/\/calaglia.com\/en\/shop\/"},{"@type":"ListItem","position":3,"name":"Boucles d&#8217;oreilles cr\u00e9oles marguerite MARGOT"}]},{"@type":"WebSite","@id":"https:\/\/calaglia.com\/#website","url":"https:\/\/calaglia.com\/","name":"Calaglia","description":"","publisher":{"@id":"https:\/\/calaglia.com\/#organization"},"potentialAction":[{"@type":"SearchAction","target":{"@type":"EntryPoint","urlTemplate":"https:\/\/calaglia.com\/?s={search_term_string}"},"query-input":"required name=search_term_string"}],"inLanguage":"en-US"},{"@type":"Organization","@id":"https:\/\/calaglia.com\/#organization","name":"Calaglia","url":"https:\/\/calaglia.com\/","logo":{"@type":"ImageObject","inLanguage":"en-US","@id":"https:\/\/calaglia.com\/#\/schema\/logo\/image\/","url":"https:\/\/calaglia.com\/wp-content\/uploads\/2022\/01\/Calaglia.svg","contentUrl":"https:\/\/calaglia.com\/wp-content\/uploads\/2022\/01\/Calaglia.svg","width":1,"height":1,"caption":"Calaglia"},"image":{"@id":"https:\/\/calaglia.com\/#\/schema\/logo\/image\/"},"sameAs":["https:\/\/www.facebook.com\/Calaglia\/","https:\/\/www.instagram.com\/calaglia\/"]}]}},"featured_image_src_large":["https:\/\/calaglia.com\/wp-content\/uploads\/2022\/07\/Design-sans-titre-7-1-1024x1024.png",1024,1024,true],"comment_info":0,"taxonomy_info":{"product_cat":[{"value":17,"label":"Boucles d'oreilles"},{"value":161,"label":"Boucles d'oreilles argent"},{"value":162,"label":"Boucles d'oreilles plaqu\u00e9 or"},{"value":56,"label":"Cr\u00e9oles"}]},"_links":{"self":[{"href":"https:\/\/calaglia.com\/en\/wp-json\/wp\/v3\/product\/4655"}],"collection":[{"href":"https:\/\/calaglia.com\/en\/wp-json\/wp\/v3\/product"}],"about":[{"href":"https:\/\/calaglia.com\/en\/wp-json\/wp\/v2\/types\/product"}],"replies":[{"embeddable":true,"href":"https:\/\/calaglia.com\/en\/wp-json\/wp\/v2\/comments?post=4655"}],"wp:featuredmedia":[{"embeddable":true,"href":"https:\/\/calaglia.com\/en\/wp-json\/wp\/v2\/media\/5957"}],"wp:attachment":[{"href":"https:\/\/calaglia.com\/en\/wp-json\/wp\/v2\/media?parent=4655"}],"wp:term":[{"taxonomy":"product_cat","embeddable":true,"href":"https:\/\/calaglia.com\/en\/wp-json\/wp\/v2\/product_cat?post=4655"},{"taxonomy":"product_tag","embeddable":true,"href":"https:\/\/calaglia.com\/en\/wp-json\/wp\/v2\/product_tag?post=4655"}],"curies":[{"name":"wp","href":"https:\/\/api.w.org\/{rel}","templated":true}]}}