{"id":5515,"date":"2022-12-07T17:32:24","date_gmt":"2022-12-07T16:32:24","guid":{"rendered":"https:\/\/calaglia.com\/?post_type=product&#038;p=5515"},"modified":"2022-12-07T20:53:42","modified_gmt":"2022-12-07T19:53:42","slug":"bague-ajustable-plaque-or-torsadee-et-pierre-naturelle-opra","status":"publish","type":"product","link":"https:\/\/calaglia.com\/en\/produit\/bague-ajustable-plaque-or-torsadee-et-pierre-naturelle-opra\/","title":{"rendered":"Bague ajustable torsad\u00e9e plaqu\u00e9 or et pierre naturelle OPRA"},"content":{"rendered":"<p>\u2b50 Ce bijou est un 2 en 1 car vous pouvez le porter de 2 fa\u00e7ons :<br \/>\n\u2013 recto avec bague &#8220;pleine&#8221; et cabochon en pierre naturelle<br \/>\n\u2013 verso pour un effet &#8220;tout plaqu\u00e9 or&#8221; avec ouverture et boules sur le dessus<\/p>\n","protected":false},"excerpt":{"rendered":"<p>OPRA est une bague ajustable torsad\u00e9e en plaqu\u00e9 or compos\u00e9e d\u2019un cabochon en pierre naturelle..<br \/>\nLa bague OPRA est une bague ajustable avec un effet torsad\u00e9 et comporte deux boules aux extr\u00e9mit\u00e9s.<\/p>\n<p>\u2013 bague plaqu\u00e9 or torsad\u00e9e : ajustable des tailles 48 \u00e0 58 et largeur de 1,5 mm<br \/>\n\u2013 pierre naturelle facett\u00e9e : 10 x 8 mm<\/p>\n<p>Chaque pierre est s\u00e9lectionn\u00e9e avec attention : elles sont toutes uniques.<br \/>\nBienfaits des pierres dans notre colorth\u00e8que un peu plus bas.<\/p>\n","protected":false},"featured_media":5535,"comment_status":"open","ping_status":"closed","template":"","meta":{"_kad_blocks_custom_css":"","_kad_blocks_head_custom_js":"","_kad_blocks_body_custom_js":"","_kad_blocks_footer_custom_js":"","_mi_skip_tracking":false,"_kad_post_transparent":"default","_kad_post_title":"","_kad_post_layout":"default","_kad_post_sidebar_id":"","_kad_post_content_style":"default","_kad_post_vertical_padding":"default","_kad_post_feature":"","_kad_post_feature_position":"","_kad_post_header":false,"_kad_post_footer":false},"product_cat":[21,156,159],"product_tag":[],"featured_image_urls":{"full":["https:\/\/calaglia.com\/wp-content\/uploads\/2022\/12\/Sans-titre-2022-12-07T171855.479-1.png",1080,1080,false],"thumbnail":["https:\/\/calaglia.com\/wp-content\/uploads\/2022\/12\/Sans-titre-2022-12-07T171855.479-1-150x150.png",150,150,true],"medium":["https:\/\/calaglia.com\/wp-content\/uploads\/2022\/12\/Sans-titre-2022-12-07T171855.479-1-300x300.png",300,300,true],"medium_large":["https:\/\/calaglia.com\/wp-content\/uploads\/2022\/12\/Sans-titre-2022-12-07T171855.479-1-768x768.png",768,768,true],"large":["https:\/\/calaglia.com\/wp-content\/uploads\/2022\/12\/Sans-titre-2022-12-07T171855.479-1-1024x1024.png",1024,1024,true],"lws_wr_thumbnail":["https:\/\/calaglia.com\/wp-content\/uploads\/2022\/12\/Sans-titre-2022-12-07T171855.479-1-96x96.png",96,96,true],"lws_wr_thumbnail_small":["https:\/\/calaglia.com\/wp-content\/uploads\/2022\/12\/Sans-titre-2022-12-07T171855.479-1-42x42.png",42,42,true],"lws_badge":["https:\/\/calaglia.com\/wp-content\/uploads\/2022\/12\/Sans-titre-2022-12-07T171855.479-1-60x60.png",60,60,true],"1536x1536":["https:\/\/calaglia.com\/wp-content\/uploads\/2022\/12\/Sans-titre-2022-12-07T171855.479-1.png",1080,1080,false],"2048x2048":["https:\/\/calaglia.com\/wp-content\/uploads\/2022\/12\/Sans-titre-2022-12-07T171855.479-1.png",1080,1080,false],"mailpoet_newsletter_max":["https:\/\/calaglia.com\/wp-content\/uploads\/2022\/12\/Sans-titre-2022-12-07T171855.479-1.png",1080,1080,false],"woocommerce_thumbnail":["https:\/\/calaglia.com\/wp-content\/uploads\/2022\/12\/Sans-titre-2022-12-07T171855.479-1-300x300.png",300,300,true],"woocommerce_single":["https:\/\/calaglia.com\/wp-content\/uploads\/2022\/12\/Sans-titre-2022-12-07T171855.479-1-465x465.png",465,465,true],"woocommerce_gallery_thumbnail":["https:\/\/calaglia.com\/wp-content\/uploads\/2022\/12\/Sans-titre-2022-12-07T171855.479-1-100x100.png",100,100,true]},"post_excerpt_stackable":"<p>OPRA est une bague ajustable torsad\u00e9e en plaqu\u00e9 or compos\u00e9e d\u2019un cabochon en pierre naturelle..<br \/>\nLa bague OPRA est une bague ajustable avec un effet torsad\u00e9 et comporte deux boules aux extr\u00e9mit\u00e9s.<\/p>\n<p>\u2013 bague plaqu\u00e9 or torsad\u00e9e : ajustable des tailles 48 \u00e0 58 et largeur de 1,5 mm<br \/>\n\u2013 pierre naturelle facett\u00e9e : 10 x 8 mm<\/p>\n<p>Chaque pierre est s\u00e9lectionn\u00e9e avec attention : elles sont toutes uniques.<br \/>\nBienfaits des pierres dans notre colorth\u00e8que un peu plus bas.<\/p>\n","category_list":"","author_info":[],"comments_num":"0 comments","yoast_head":"<!-- This site is optimized with the Yoast SEO plugin v20.5 - https:\/\/yoast.com\/wordpress\/plugins\/seo\/ -->\n<title>Bague ajustable torsad\u00e9e plaqu\u00e9 or et pierre naturelle OPRA - Calaglia<\/title>\n<meta name=\"description\" content=\"Bagues : bague ajustable plaqu\u00e9 or torsad\u00e9e et pierre naturelle OPRA : bague plaqu\u00e9 or ajustable type jonc avec cabochon en pierre fine. Bague plaqu\u00e9 or, pierres.\" \/>\n<meta name=\"robots\" content=\"index, follow, max-snippet:-1, max-image-preview:large, max-video-preview:-1\" \/>\n<link rel=\"canonical\" href=\"https:\/\/calaglia.com\/produit\/bague-ajustable-plaque-or-torsadee-et-pierre-naturelle-opra\/\" \/>\n<meta property=\"og:locale\" content=\"en_US\" \/>\n<meta property=\"og:type\" content=\"article\" \/>\n<meta property=\"og:title\" content=\"Bague ajustable torsad\u00e9e plaqu\u00e9 or et pierre naturelle OPRA - Calaglia\" \/>\n<meta property=\"og:description\" content=\"Bagues : bague ajustable plaqu\u00e9 or torsad\u00e9e et pierre naturelle OPRA : bague plaqu\u00e9 or ajustable type jonc avec cabochon en pierre fine. Bague plaqu\u00e9 or, pierres.\" \/>\n<meta property=\"og:url\" content=\"https:\/\/calaglia.com\/produit\/bague-ajustable-plaque-or-torsadee-et-pierre-naturelle-opra\/\" \/>\n<meta property=\"og:site_name\" content=\"Calaglia\" \/>\n<meta property=\"article:publisher\" content=\"https:\/\/www.facebook.com\/Calaglia\/\" \/>\n<meta property=\"article:modified_time\" content=\"2022-12-07T19:53:42+00:00\" \/>\n<meta property=\"og:image\" content=\"https:\/\/calaglia.com\/wp-content\/uploads\/2022\/12\/Sans-titre-2022-12-07T171855.479-1.png\" \/>\n\t<meta property=\"og:image:width\" content=\"1080\" \/>\n\t<meta property=\"og:image:height\" content=\"1080\" \/>\n\t<meta property=\"og:image:type\" content=\"image\/png\" \/>\n<meta name=\"twitter:card\" content=\"summary_large_image\" \/>\n<meta name=\"twitter:label1\" content=\"Est. reading time\" \/>\n\t<meta name=\"twitter:data1\" content=\"1 minute\" \/>\n<script type=\"application\/ld+json\" class=\"yoast-schema-graph\">{\"@context\":\"https:\/\/schema.org\",\"@graph\":[{\"@type\":\"WebPage\",\"@id\":\"https:\/\/calaglia.com\/produit\/bague-ajustable-plaque-or-torsadee-et-pierre-naturelle-opra\/\",\"url\":\"https:\/\/calaglia.com\/produit\/bague-ajustable-plaque-or-torsadee-et-pierre-naturelle-opra\/\",\"name\":\"Bague ajustable torsad\u00e9e plaqu\u00e9 or et pierre naturelle OPRA - Calaglia\",\"isPartOf\":{\"@id\":\"https:\/\/calaglia.com\/#website\"},\"datePublished\":\"2022-12-07T16:32:24+00:00\",\"dateModified\":\"2022-12-07T19:53:42+00:00\",\"description\":\"Bagues : bague ajustable plaqu\u00e9 or torsad\u00e9e et pierre naturelle OPRA : bague plaqu\u00e9 or ajustable type jonc avec cabochon en pierre fine. Bague plaqu\u00e9 or, pierres.\",\"breadcrumb\":{\"@id\":\"https:\/\/calaglia.com\/produit\/bague-ajustable-plaque-or-torsadee-et-pierre-naturelle-opra\/#breadcrumb\"},\"inLanguage\":\"en-US\",\"potentialAction\":[{\"@type\":\"ReadAction\",\"target\":[\"https:\/\/calaglia.com\/produit\/bague-ajustable-plaque-or-torsadee-et-pierre-naturelle-opra\/\"]}]},{\"@type\":\"BreadcrumbList\",\"@id\":\"https:\/\/calaglia.com\/produit\/bague-ajustable-plaque-or-torsadee-et-pierre-naturelle-opra\/#breadcrumb\",\"itemListElement\":[{\"@type\":\"ListItem\",\"position\":1,\"name\":\"Accueil\",\"item\":\"https:\/\/calaglia.com\/\"},{\"@type\":\"ListItem\",\"position\":2,\"name\":\"Shop\",\"item\":\"https:\/\/calaglia.com\/en\/shop\/\"},{\"@type\":\"ListItem\",\"position\":3,\"name\":\"Bague ajustable torsad\u00e9e plaqu\u00e9 or et pierre naturelle OPRA\"}]},{\"@type\":\"WebSite\",\"@id\":\"https:\/\/calaglia.com\/#website\",\"url\":\"https:\/\/calaglia.com\/\",\"name\":\"Calaglia\",\"description\":\"\",\"publisher\":{\"@id\":\"https:\/\/calaglia.com\/#organization\"},\"potentialAction\":[{\"@type\":\"SearchAction\",\"target\":{\"@type\":\"EntryPoint\",\"urlTemplate\":\"https:\/\/calaglia.com\/?s={search_term_string}\"},\"query-input\":\"required name=search_term_string\"}],\"inLanguage\":\"en-US\"},{\"@type\":\"Organization\",\"@id\":\"https:\/\/calaglia.com\/#organization\",\"name\":\"Calaglia\",\"url\":\"https:\/\/calaglia.com\/\",\"logo\":{\"@type\":\"ImageObject\",\"inLanguage\":\"en-US\",\"@id\":\"https:\/\/calaglia.com\/#\/schema\/logo\/image\/\",\"url\":\"https:\/\/calaglia.com\/wp-content\/uploads\/2022\/01\/Calaglia.svg\",\"contentUrl\":\"https:\/\/calaglia.com\/wp-content\/uploads\/2022\/01\/Calaglia.svg\",\"width\":1,\"height\":1,\"caption\":\"Calaglia\"},\"image\":{\"@id\":\"https:\/\/calaglia.com\/#\/schema\/logo\/image\/\"},\"sameAs\":[\"https:\/\/www.facebook.com\/Calaglia\/\",\"https:\/\/www.instagram.com\/calaglia\/\"]}]}<\/script>\n<!-- \/ Yoast SEO plugin. -->","yoast_head_json":{"title":"Bague ajustable torsad\u00e9e plaqu\u00e9 or et pierre naturelle OPRA - Calaglia","description":"Bagues : bague ajustable plaqu\u00e9 or torsad\u00e9e et pierre naturelle OPRA : bague plaqu\u00e9 or ajustable type jonc avec cabochon en pierre fine. Bague plaqu\u00e9 or, pierres.","robots":{"index":"index","follow":"follow","max-snippet":"max-snippet:-1","max-image-preview":"max-image-preview:large","max-video-preview":"max-video-preview:-1"},"canonical":"https:\/\/calaglia.com\/produit\/bague-ajustable-plaque-or-torsadee-et-pierre-naturelle-opra\/","og_locale":"en_US","og_type":"article","og_title":"Bague ajustable torsad\u00e9e plaqu\u00e9 or et pierre naturelle OPRA - Calaglia","og_description":"Bagues : bague ajustable plaqu\u00e9 or torsad\u00e9e et pierre naturelle OPRA : bague plaqu\u00e9 or ajustable type jonc avec cabochon en pierre fine. Bague plaqu\u00e9 or, pierres.","og_url":"https:\/\/calaglia.com\/produit\/bague-ajustable-plaque-or-torsadee-et-pierre-naturelle-opra\/","og_site_name":"Calaglia","article_publisher":"https:\/\/www.facebook.com\/Calaglia\/","article_modified_time":"2022-12-07T19:53:42+00:00","og_image":[{"width":1080,"height":1080,"url":"https:\/\/calaglia.com\/wp-content\/uploads\/2022\/12\/Sans-titre-2022-12-07T171855.479-1.png","type":"image\/png"}],"twitter_card":"summary_large_image","twitter_misc":{"Est. reading time":"1 minute"},"schema":{"@context":"https:\/\/schema.org","@graph":[{"@type":"WebPage","@id":"https:\/\/calaglia.com\/produit\/bague-ajustable-plaque-or-torsadee-et-pierre-naturelle-opra\/","url":"https:\/\/calaglia.com\/produit\/bague-ajustable-plaque-or-torsadee-et-pierre-naturelle-opra\/","name":"Bague ajustable torsad\u00e9e plaqu\u00e9 or et pierre naturelle OPRA - Calaglia","isPartOf":{"@id":"https:\/\/calaglia.com\/#website"},"datePublished":"2022-12-07T16:32:24+00:00","dateModified":"2022-12-07T19:53:42+00:00","description":"Bagues : bague ajustable plaqu\u00e9 or torsad\u00e9e et pierre naturelle OPRA : bague plaqu\u00e9 or ajustable type jonc avec cabochon en pierre fine. Bague plaqu\u00e9 or, pierres.","breadcrumb":{"@id":"https:\/\/calaglia.com\/produit\/bague-ajustable-plaque-or-torsadee-et-pierre-naturelle-opra\/#breadcrumb"},"inLanguage":"en-US","potentialAction":[{"@type":"ReadAction","target":["https:\/\/calaglia.com\/produit\/bague-ajustable-plaque-or-torsadee-et-pierre-naturelle-opra\/"]}]},{"@type":"BreadcrumbList","@id":"https:\/\/calaglia.com\/produit\/bague-ajustable-plaque-or-torsadee-et-pierre-naturelle-opra\/#breadcrumb","itemListElement":[{"@type":"ListItem","position":1,"name":"Accueil","item":"https:\/\/calaglia.com\/"},{"@type":"ListItem","position":2,"name":"Shop","item":"https:\/\/calaglia.com\/en\/shop\/"},{"@type":"ListItem","position":3,"name":"Bague ajustable torsad\u00e9e plaqu\u00e9 or et pierre naturelle OPRA"}]},{"@type":"WebSite","@id":"https:\/\/calaglia.com\/#website","url":"https:\/\/calaglia.com\/","name":"Calaglia","description":"","publisher":{"@id":"https:\/\/calaglia.com\/#organization"},"potentialAction":[{"@type":"SearchAction","target":{"@type":"EntryPoint","urlTemplate":"https:\/\/calaglia.com\/?s={search_term_string}"},"query-input":"required name=search_term_string"}],"inLanguage":"en-US"},{"@type":"Organization","@id":"https:\/\/calaglia.com\/#organization","name":"Calaglia","url":"https:\/\/calaglia.com\/","logo":{"@type":"ImageObject","inLanguage":"en-US","@id":"https:\/\/calaglia.com\/#\/schema\/logo\/image\/","url":"https:\/\/calaglia.com\/wp-content\/uploads\/2022\/01\/Calaglia.svg","contentUrl":"https:\/\/calaglia.com\/wp-content\/uploads\/2022\/01\/Calaglia.svg","width":1,"height":1,"caption":"Calaglia"},"image":{"@id":"https:\/\/calaglia.com\/#\/schema\/logo\/image\/"},"sameAs":["https:\/\/www.facebook.com\/Calaglia\/","https:\/\/www.instagram.com\/calaglia\/"]}]}},"featured_image_src_large":["https:\/\/calaglia.com\/wp-content\/uploads\/2022\/12\/Sans-titre-2022-12-07T171855.479-1-1024x1024.png",1024,1024,true],"comment_info":0,"taxonomy_info":{"product_cat":[{"value":21,"label":"Bagues"},{"value":156,"label":"Bagues joncs"},{"value":159,"label":"Bagues plaqu\u00e9 or"}]},"_links":{"self":[{"href":"https:\/\/calaglia.com\/en\/wp-json\/wp\/v3\/product\/5515"}],"collection":[{"href":"https:\/\/calaglia.com\/en\/wp-json\/wp\/v3\/product"}],"about":[{"href":"https:\/\/calaglia.com\/en\/wp-json\/wp\/v2\/types\/product"}],"replies":[{"embeddable":true,"href":"https:\/\/calaglia.com\/en\/wp-json\/wp\/v2\/comments?post=5515"}],"wp:featuredmedia":[{"embeddable":true,"href":"https:\/\/calaglia.com\/en\/wp-json\/wp\/v2\/media\/5535"}],"wp:attachment":[{"href":"https:\/\/calaglia.com\/en\/wp-json\/wp\/v2\/media?parent=5515"}],"wp:term":[{"taxonomy":"product_cat","embeddable":true,"href":"https:\/\/calaglia.com\/en\/wp-json\/wp\/v2\/product_cat?post=5515"},{"taxonomy":"product_tag","embeddable":true,"href":"https:\/\/calaglia.com\/en\/wp-json\/wp\/v2\/product_tag?post=5515"}],"curies":[{"name":"wp","href":"https:\/\/api.w.org\/{rel}","templated":true}]}}