{"id":5597,"date":"2022-12-07T20:06:56","date_gmt":"2022-12-07T19:06:56","guid":{"rendered":"https:\/\/calaglia.com\/?post_type=product&#038;p=5597"},"modified":"2023-02-08T18:42:13","modified_gmt":"2023-02-08T17:42:13","slug":"collier-chaine-pierre-naturelle-pendentif-rond-et-anneau-nuun","status":"publish","type":"product","link":"https:\/\/calaglia.com\/en\/produit\/collier-chaine-pierre-naturelle-pendentif-rond-et-anneau-nuun\/","title":{"rendered":"Collier cha\u00eene pierre naturelle pendentif rond et anneau NUUN"},"content":{"rendered":"<p>\u2b50 Dans la m\u00eame collection : nous avons cr\u00e9\u00e9 le bracelet et jonc assortis<\/p>\n","protected":false},"excerpt":{"rendered":"<p>NUUN est un collier cha\u00eene en plaqu\u00e9 or compos\u00e9 d&#8217;une v\u00e9ritable pierre naturelle facett\u00e9e, d&#8217;un pendentif rond et d&#8217;un pendentif anneau. La pierre est facett\u00e9e, elle renvoie naturellement la lumi\u00e8re ! Le collier NUUN allie modernit\u00e9 de par ses courbes et bienfaits des pierres, il se porte fa\u00e7on sautoir, une longueur qui met en valeur ce pendentif vertical.<\/p>\n<p>&#8211; cha\u00eene jaseron plaqu\u00e9 or : 58,5 cm de longueur et 2,5 mm d&#8217;\u00e9paisseur<br \/>\n&#8211; pierre naturelle facett\u00e9e : 8 mm environ (chaque pierre est unique)<br \/>\n&#8211; pendentif rond argent ou plaqu\u00e9 or\u00a0 : 10 mm<br \/>\n&#8211; anneau plaqu\u00e9 or\u00a0 : 17 mm<\/p>\n<p>Chaque pierre est s\u00e9lectionn\u00e9e avec attention : elles sont toutes uniques.<br \/>\nBienfaits des pierres dans notre colorth\u00e8que un peu plus bas.<\/p>\n","protected":false},"featured_media":5608,"comment_status":"open","ping_status":"closed","template":"","meta":{"_kad_blocks_custom_css":"","_kad_blocks_head_custom_js":"","_kad_blocks_body_custom_js":"","_kad_blocks_footer_custom_js":"","_mi_skip_tracking":false,"_kad_post_transparent":"default","_kad_post_title":"","_kad_post_layout":"default","_kad_post_sidebar_id":"","_kad_post_content_style":"default","_kad_post_vertical_padding":"default","_kad_post_feature":"","_kad_post_feature_position":"","_kad_post_header":false,"_kad_post_footer":false},"product_cat":[20,54,158],"product_tag":[],"featured_image_urls":{"full":["https:\/\/calaglia.com\/wp-content\/uploads\/2022\/12\/Sans-titre-2022-12-07T200541.392-1.png",1080,1080,false],"thumbnail":["https:\/\/calaglia.com\/wp-content\/uploads\/2022\/12\/Sans-titre-2022-12-07T200541.392-1-150x150.png",150,150,true],"medium":["https:\/\/calaglia.com\/wp-content\/uploads\/2022\/12\/Sans-titre-2022-12-07T200541.392-1-300x300.png",300,300,true],"medium_large":["https:\/\/calaglia.com\/wp-content\/uploads\/2022\/12\/Sans-titre-2022-12-07T200541.392-1-768x768.png",768,768,true],"large":["https:\/\/calaglia.com\/wp-content\/uploads\/2022\/12\/Sans-titre-2022-12-07T200541.392-1-1024x1024.png",1024,1024,true],"lws_wr_thumbnail":["https:\/\/calaglia.com\/wp-content\/uploads\/2022\/12\/Sans-titre-2022-12-07T200541.392-1-96x96.png",96,96,true],"lws_wr_thumbnail_small":["https:\/\/calaglia.com\/wp-content\/uploads\/2022\/12\/Sans-titre-2022-12-07T200541.392-1-42x42.png",42,42,true],"lws_badge":["https:\/\/calaglia.com\/wp-content\/uploads\/2022\/12\/Sans-titre-2022-12-07T200541.392-1-60x60.png",60,60,true],"1536x1536":["https:\/\/calaglia.com\/wp-content\/uploads\/2022\/12\/Sans-titre-2022-12-07T200541.392-1.png",1080,1080,false],"2048x2048":["https:\/\/calaglia.com\/wp-content\/uploads\/2022\/12\/Sans-titre-2022-12-07T200541.392-1.png",1080,1080,false],"mailpoet_newsletter_max":["https:\/\/calaglia.com\/wp-content\/uploads\/2022\/12\/Sans-titre-2022-12-07T200541.392-1.png",1080,1080,false],"woocommerce_thumbnail":["https:\/\/calaglia.com\/wp-content\/uploads\/2022\/12\/Sans-titre-2022-12-07T200541.392-1-300x300.png",300,300,true],"woocommerce_single":["https:\/\/calaglia.com\/wp-content\/uploads\/2022\/12\/Sans-titre-2022-12-07T200541.392-1-465x465.png",465,465,true],"woocommerce_gallery_thumbnail":["https:\/\/calaglia.com\/wp-content\/uploads\/2022\/12\/Sans-titre-2022-12-07T200541.392-1-100x100.png",100,100,true]},"post_excerpt_stackable":"<p>NUUN est un collier cha\u00eene en plaqu\u00e9 or compos\u00e9 d&#8217;une v\u00e9ritable pierre naturelle facett\u00e9e, d&#8217;un pendentif rond et d&#8217;un pendentif anneau. La pierre est facett\u00e9e, elle renvoie naturellement la lumi\u00e8re ! Le collier NUUN allie modernit\u00e9 de par ses courbes et bienfaits des pierres, il se porte fa\u00e7on sautoir, une longueur qui met en valeur ce pendentif vertical.<\/p>\n<p>&#8211; cha\u00eene jaseron plaqu\u00e9 or : 58,5 cm de longueur et 2,5 mm d&#8217;\u00e9paisseur<br \/>\n&#8211; pierre naturelle facett\u00e9e : 8 mm environ (chaque pierre est unique)<br \/>\n&#8211; pendentif rond argent ou plaqu\u00e9 or\u00a0 : 10 mm<br \/>\n&#8211; anneau plaqu\u00e9 or\u00a0 : 17 mm<\/p>\n<p>Chaque pierre est s\u00e9lectionn\u00e9e avec attention : elles sont toutes uniques.<br \/>\nBienfaits des pierres dans notre colorth\u00e8que un peu plus bas.<\/p>\n","category_list":"","author_info":[],"comments_num":"0 comments","yoast_head":"<!-- This site is optimized with the Yoast SEO plugin v20.5 - https:\/\/yoast.com\/wordpress\/plugins\/seo\/ -->\n<title>Collier cha\u00eene pierre naturelle pendentif rond et anneau NUUN - Calaglia<\/title>\n<meta name=\"description\" content=\"Colliers : collier chaine plaqu\u00e9 or avec pierre naturelle facett\u00e9e pendentif rond et anneau NUUN : un collier chaine avec pierre naturelle facett\u00e9e pendentif rond et anneau\" \/>\n<meta name=\"robots\" content=\"index, follow, max-snippet:-1, max-image-preview:large, max-video-preview:-1\" \/>\n<link rel=\"canonical\" href=\"https:\/\/calaglia.com\/produit\/collier-chaine-pierre-naturelle-pendentif-rond-et-anneau-nuun\/\" \/>\n<meta property=\"og:locale\" content=\"en_US\" \/>\n<meta property=\"og:type\" content=\"article\" \/>\n<meta property=\"og:title\" content=\"Collier cha\u00eene pierre naturelle pendentif rond et anneau NUUN - Calaglia\" \/>\n<meta property=\"og:description\" content=\"Colliers : collier chaine plaqu\u00e9 or avec pierre naturelle facett\u00e9e pendentif rond et anneau NUUN : un collier chaine avec pierre naturelle facett\u00e9e pendentif rond et anneau\" \/>\n<meta property=\"og:url\" content=\"https:\/\/calaglia.com\/produit\/collier-chaine-pierre-naturelle-pendentif-rond-et-anneau-nuun\/\" \/>\n<meta property=\"og:site_name\" content=\"Calaglia\" \/>\n<meta property=\"article:publisher\" content=\"https:\/\/www.facebook.com\/Calaglia\/\" \/>\n<meta property=\"article:modified_time\" content=\"2023-02-08T17:42:13+00:00\" \/>\n<meta property=\"og:image\" content=\"https:\/\/calaglia.com\/wp-content\/uploads\/2022\/12\/Sans-titre-2022-12-07T200541.392-1.png\" \/>\n\t<meta property=\"og:image:width\" content=\"1080\" \/>\n\t<meta property=\"og:image:height\" content=\"1080\" \/>\n\t<meta property=\"og:image:type\" content=\"image\/png\" \/>\n<meta name=\"twitter:card\" content=\"summary_large_image\" \/>\n<meta name=\"twitter:label1\" content=\"Est. reading time\" \/>\n\t<meta name=\"twitter:data1\" content=\"1 minute\" \/>\n<script type=\"application\/ld+json\" class=\"yoast-schema-graph\">{\"@context\":\"https:\/\/schema.org\",\"@graph\":[{\"@type\":\"WebPage\",\"@id\":\"https:\/\/calaglia.com\/produit\/collier-chaine-pierre-naturelle-pendentif-rond-et-anneau-nuun\/\",\"url\":\"https:\/\/calaglia.com\/produit\/collier-chaine-pierre-naturelle-pendentif-rond-et-anneau-nuun\/\",\"name\":\"Collier cha\u00eene pierre naturelle pendentif rond et anneau NUUN - Calaglia\",\"isPartOf\":{\"@id\":\"https:\/\/calaglia.com\/#website\"},\"datePublished\":\"2022-12-07T19:06:56+00:00\",\"dateModified\":\"2023-02-08T17:42:13+00:00\",\"description\":\"Colliers : collier chaine plaqu\u00e9 or avec pierre naturelle facett\u00e9e pendentif rond et anneau NUUN : un collier chaine avec pierre naturelle facett\u00e9e pendentif rond et anneau\",\"breadcrumb\":{\"@id\":\"https:\/\/calaglia.com\/produit\/collier-chaine-pierre-naturelle-pendentif-rond-et-anneau-nuun\/#breadcrumb\"},\"inLanguage\":\"en-US\",\"potentialAction\":[{\"@type\":\"ReadAction\",\"target\":[\"https:\/\/calaglia.com\/produit\/collier-chaine-pierre-naturelle-pendentif-rond-et-anneau-nuun\/\"]}]},{\"@type\":\"BreadcrumbList\",\"@id\":\"https:\/\/calaglia.com\/produit\/collier-chaine-pierre-naturelle-pendentif-rond-et-anneau-nuun\/#breadcrumb\",\"itemListElement\":[{\"@type\":\"ListItem\",\"position\":1,\"name\":\"Accueil\",\"item\":\"https:\/\/calaglia.com\/\"},{\"@type\":\"ListItem\",\"position\":2,\"name\":\"Shop\",\"item\":\"https:\/\/calaglia.com\/en\/shop\/\"},{\"@type\":\"ListItem\",\"position\":3,\"name\":\"Collier cha\u00eene pierre naturelle pendentif rond et anneau NUUN\"}]},{\"@type\":\"WebSite\",\"@id\":\"https:\/\/calaglia.com\/#website\",\"url\":\"https:\/\/calaglia.com\/\",\"name\":\"Calaglia\",\"description\":\"\",\"publisher\":{\"@id\":\"https:\/\/calaglia.com\/#organization\"},\"potentialAction\":[{\"@type\":\"SearchAction\",\"target\":{\"@type\":\"EntryPoint\",\"urlTemplate\":\"https:\/\/calaglia.com\/?s={search_term_string}\"},\"query-input\":\"required name=search_term_string\"}],\"inLanguage\":\"en-US\"},{\"@type\":\"Organization\",\"@id\":\"https:\/\/calaglia.com\/#organization\",\"name\":\"Calaglia\",\"url\":\"https:\/\/calaglia.com\/\",\"logo\":{\"@type\":\"ImageObject\",\"inLanguage\":\"en-US\",\"@id\":\"https:\/\/calaglia.com\/#\/schema\/logo\/image\/\",\"url\":\"https:\/\/calaglia.com\/wp-content\/uploads\/2022\/01\/Calaglia.svg\",\"contentUrl\":\"https:\/\/calaglia.com\/wp-content\/uploads\/2022\/01\/Calaglia.svg\",\"width\":1,\"height\":1,\"caption\":\"Calaglia\"},\"image\":{\"@id\":\"https:\/\/calaglia.com\/#\/schema\/logo\/image\/\"},\"sameAs\":[\"https:\/\/www.facebook.com\/Calaglia\/\",\"https:\/\/www.instagram.com\/calaglia\/\"]}]}<\/script>\n<!-- \/ Yoast SEO plugin. -->","yoast_head_json":{"title":"Collier cha\u00eene pierre naturelle pendentif rond et anneau NUUN - Calaglia","description":"Colliers : collier chaine plaqu\u00e9 or avec pierre naturelle facett\u00e9e pendentif rond et anneau NUUN : un collier chaine avec pierre naturelle facett\u00e9e pendentif rond et anneau","robots":{"index":"index","follow":"follow","max-snippet":"max-snippet:-1","max-image-preview":"max-image-preview:large","max-video-preview":"max-video-preview:-1"},"canonical":"https:\/\/calaglia.com\/produit\/collier-chaine-pierre-naturelle-pendentif-rond-et-anneau-nuun\/","og_locale":"en_US","og_type":"article","og_title":"Collier cha\u00eene pierre naturelle pendentif rond et anneau NUUN - Calaglia","og_description":"Colliers : collier chaine plaqu\u00e9 or avec pierre naturelle facett\u00e9e pendentif rond et anneau NUUN : un collier chaine avec pierre naturelle facett\u00e9e pendentif rond et anneau","og_url":"https:\/\/calaglia.com\/produit\/collier-chaine-pierre-naturelle-pendentif-rond-et-anneau-nuun\/","og_site_name":"Calaglia","article_publisher":"https:\/\/www.facebook.com\/Calaglia\/","article_modified_time":"2023-02-08T17:42:13+00:00","og_image":[{"width":1080,"height":1080,"url":"https:\/\/calaglia.com\/wp-content\/uploads\/2022\/12\/Sans-titre-2022-12-07T200541.392-1.png","type":"image\/png"}],"twitter_card":"summary_large_image","twitter_misc":{"Est. reading time":"1 minute"},"schema":{"@context":"https:\/\/schema.org","@graph":[{"@type":"WebPage","@id":"https:\/\/calaglia.com\/produit\/collier-chaine-pierre-naturelle-pendentif-rond-et-anneau-nuun\/","url":"https:\/\/calaglia.com\/produit\/collier-chaine-pierre-naturelle-pendentif-rond-et-anneau-nuun\/","name":"Collier cha\u00eene pierre naturelle pendentif rond et anneau NUUN - Calaglia","isPartOf":{"@id":"https:\/\/calaglia.com\/#website"},"datePublished":"2022-12-07T19:06:56+00:00","dateModified":"2023-02-08T17:42:13+00:00","description":"Colliers : collier chaine plaqu\u00e9 or avec pierre naturelle facett\u00e9e pendentif rond et anneau NUUN : un collier chaine avec pierre naturelle facett\u00e9e pendentif rond et anneau","breadcrumb":{"@id":"https:\/\/calaglia.com\/produit\/collier-chaine-pierre-naturelle-pendentif-rond-et-anneau-nuun\/#breadcrumb"},"inLanguage":"en-US","potentialAction":[{"@type":"ReadAction","target":["https:\/\/calaglia.com\/produit\/collier-chaine-pierre-naturelle-pendentif-rond-et-anneau-nuun\/"]}]},{"@type":"BreadcrumbList","@id":"https:\/\/calaglia.com\/produit\/collier-chaine-pierre-naturelle-pendentif-rond-et-anneau-nuun\/#breadcrumb","itemListElement":[{"@type":"ListItem","position":1,"name":"Accueil","item":"https:\/\/calaglia.com\/"},{"@type":"ListItem","position":2,"name":"Shop","item":"https:\/\/calaglia.com\/en\/shop\/"},{"@type":"ListItem","position":3,"name":"Collier cha\u00eene pierre naturelle pendentif rond et anneau NUUN"}]},{"@type":"WebSite","@id":"https:\/\/calaglia.com\/#website","url":"https:\/\/calaglia.com\/","name":"Calaglia","description":"","publisher":{"@id":"https:\/\/calaglia.com\/#organization"},"potentialAction":[{"@type":"SearchAction","target":{"@type":"EntryPoint","urlTemplate":"https:\/\/calaglia.com\/?s={search_term_string}"},"query-input":"required name=search_term_string"}],"inLanguage":"en-US"},{"@type":"Organization","@id":"https:\/\/calaglia.com\/#organization","name":"Calaglia","url":"https:\/\/calaglia.com\/","logo":{"@type":"ImageObject","inLanguage":"en-US","@id":"https:\/\/calaglia.com\/#\/schema\/logo\/image\/","url":"https:\/\/calaglia.com\/wp-content\/uploads\/2022\/01\/Calaglia.svg","contentUrl":"https:\/\/calaglia.com\/wp-content\/uploads\/2022\/01\/Calaglia.svg","width":1,"height":1,"caption":"Calaglia"},"image":{"@id":"https:\/\/calaglia.com\/#\/schema\/logo\/image\/"},"sameAs":["https:\/\/www.facebook.com\/Calaglia\/","https:\/\/www.instagram.com\/calaglia\/"]}]}},"featured_image_src_large":["https:\/\/calaglia.com\/wp-content\/uploads\/2022\/12\/Sans-titre-2022-12-07T200541.392-1-1024x1024.png",1024,1024,true],"comment_info":0,"taxonomy_info":{"product_cat":[{"value":20,"label":"Colliers"},{"value":54,"label":"Colliers cha\u00eenes"},{"value":158,"label":"Colliers plaqu\u00e9 or"}]},"_links":{"self":[{"href":"https:\/\/calaglia.com\/en\/wp-json\/wp\/v3\/product\/5597"}],"collection":[{"href":"https:\/\/calaglia.com\/en\/wp-json\/wp\/v3\/product"}],"about":[{"href":"https:\/\/calaglia.com\/en\/wp-json\/wp\/v2\/types\/product"}],"replies":[{"embeddable":true,"href":"https:\/\/calaglia.com\/en\/wp-json\/wp\/v2\/comments?post=5597"}],"wp:featuredmedia":[{"embeddable":true,"href":"https:\/\/calaglia.com\/en\/wp-json\/wp\/v2\/media\/5608"}],"wp:attachment":[{"href":"https:\/\/calaglia.com\/en\/wp-json\/wp\/v2\/media?parent=5597"}],"wp:term":[{"taxonomy":"product_cat","embeddable":true,"href":"https:\/\/calaglia.com\/en\/wp-json\/wp\/v2\/product_cat?post=5597"},{"taxonomy":"product_tag","embeddable":true,"href":"https:\/\/calaglia.com\/en\/wp-json\/wp\/v2\/product_tag?post=5597"}],"curies":[{"name":"wp","href":"https:\/\/api.w.org\/{rel}","templated":true}]}}