{"id":5831,"date":"2023-02-20T22:50:28","date_gmt":"2023-02-20T21:50:28","guid":{"rendered":"https:\/\/calaglia.com\/?post_type=product&#038;p=5831"},"modified":"2023-02-20T23:37:41","modified_gmt":"2023-02-20T22:37:41","slug":"collier-chaine-plaque-or-et-pendentif-losange-motif-ethnique-zima","status":"publish","type":"product","link":"https:\/\/calaglia.com\/en\/produit\/collier-chaine-plaque-or-et-pendentif-losange-motif-ethnique-zima\/","title":{"rendered":"Collier cha\u00eene plaqu\u00e9 or et pendentif losange motif ethnique ZIMA"},"content":{"rendered":"","protected":false},"excerpt":{"rendered":"<p>ZIMA est un collier cha\u00eene en finition plaqu\u00e9 or compos\u00e9 d&#8217;un pendentif losange en 3D type &#8220;grigri&#8221; avec un motif ethnique orn\u00e9 de formes g\u00e9om\u00e9triques grav\u00e9es. Ce collier est une pi\u00e8ce &#8220;forte&#8221;, elle apportera du style \u00e0 votre tenue. Ce collier se porte seul avec une chemise ouverte par exemple ou en stacking avec un ou deux colliers et ainsi cr\u00e9er un multi-rangs.<\/p>\n<p>&#8211; cha\u00eene plaqu\u00e9 or : 60 cm de longueur et 2 mm d&#8217;\u00e9paisseur<br \/>\n&#8211; pendentif losange 3D &#8220;grigri&#8221; avec motifs : 30 mm x 12 mm<\/p>\n<p>Bouton d&#8217;aide au choix de la longueur des colliers un peu plus bas.<\/p>\n","protected":false},"featured_media":5832,"comment_status":"open","ping_status":"closed","template":"","meta":{"_kad_blocks_custom_css":"","_kad_blocks_head_custom_js":"","_kad_blocks_body_custom_js":"","_kad_blocks_footer_custom_js":"","_mi_skip_tracking":false,"_kad_post_transparent":"default","_kad_post_title":"","_kad_post_layout":"default","_kad_post_sidebar_id":"","_kad_post_content_style":"default","_kad_post_vertical_padding":"default","_kad_post_feature":"","_kad_post_feature_position":"","_kad_post_header":false,"_kad_post_footer":false},"product_cat":[20,54,158],"product_tag":[],"featured_image_urls":{"full":["https:\/\/calaglia.com\/wp-content\/uploads\/2023\/02\/20FEV1-3.png",1080,1080,false],"thumbnail":["https:\/\/calaglia.com\/wp-content\/uploads\/2023\/02\/20FEV1-3-150x150.png",150,150,true],"medium":["https:\/\/calaglia.com\/wp-content\/uploads\/2023\/02\/20FEV1-3-300x300.png",300,300,true],"medium_large":["https:\/\/calaglia.com\/wp-content\/uploads\/2023\/02\/20FEV1-3-768x768.png",768,768,true],"large":["https:\/\/calaglia.com\/wp-content\/uploads\/2023\/02\/20FEV1-3-1024x1024.png",1024,1024,true],"lws_wr_thumbnail":["https:\/\/calaglia.com\/wp-content\/uploads\/2023\/02\/20FEV1-3-96x96.png",96,96,true],"lws_wr_thumbnail_small":["https:\/\/calaglia.com\/wp-content\/uploads\/2023\/02\/20FEV1-3-42x42.png",42,42,true],"lws_badge":["https:\/\/calaglia.com\/wp-content\/uploads\/2023\/02\/20FEV1-3-60x60.png",60,60,true],"1536x1536":["https:\/\/calaglia.com\/wp-content\/uploads\/2023\/02\/20FEV1-3.png",1080,1080,false],"2048x2048":["https:\/\/calaglia.com\/wp-content\/uploads\/2023\/02\/20FEV1-3.png",1080,1080,false],"mailpoet_newsletter_max":["https:\/\/calaglia.com\/wp-content\/uploads\/2023\/02\/20FEV1-3.png",1080,1080,false],"woocommerce_thumbnail":["https:\/\/calaglia.com\/wp-content\/uploads\/2023\/02\/20FEV1-3-300x300.png",300,300,true],"woocommerce_single":["https:\/\/calaglia.com\/wp-content\/uploads\/2023\/02\/20FEV1-3-465x465.png",465,465,true],"woocommerce_gallery_thumbnail":["https:\/\/calaglia.com\/wp-content\/uploads\/2023\/02\/20FEV1-3-100x100.png",100,100,true]},"post_excerpt_stackable":"<p>ZIMA est un collier cha\u00eene en finition plaqu\u00e9 or compos\u00e9 d&#8217;un pendentif losange en 3D type &#8220;grigri&#8221; avec un motif ethnique orn\u00e9 de formes g\u00e9om\u00e9triques grav\u00e9es. Ce collier est une pi\u00e8ce &#8220;forte&#8221;, elle apportera du style \u00e0 votre tenue. Ce collier se porte seul avec une chemise ouverte par exemple ou en stacking avec un ou deux colliers et ainsi cr\u00e9er un multi-rangs.<\/p>\n<p>&#8211; cha\u00eene plaqu\u00e9 or : 60 cm de longueur et 2 mm d&#8217;\u00e9paisseur<br \/>\n&#8211; pendentif losange 3D &#8220;grigri&#8221; avec motifs : 30 mm x 12 mm<\/p>\n<p>Bouton d&#8217;aide au choix de la longueur des colliers un peu plus bas.<\/p>\n","category_list":"","author_info":[],"comments_num":"0 comments","yoast_head":"<!-- This site is optimized with the Yoast SEO plugin v20.5 - https:\/\/yoast.com\/wordpress\/plugins\/seo\/ -->\n<title>Collier cha\u00eene plaqu\u00e9 or et pendentif losange motif ethnique ZIMA - Calaglia<\/title>\n<meta name=\"description\" content=\"Colliers : collier chaine argent ou plaqu\u00e9 or avec pierre naturelle sertie et anneau ARIA : un collier chaine avec pierre naturelle et pendentif anneau\" \/>\n<meta name=\"robots\" content=\"index, follow, max-snippet:-1, max-image-preview:large, max-video-preview:-1\" \/>\n<link rel=\"canonical\" href=\"https:\/\/calaglia.com\/produit\/collier-chaine-plaque-or-et-pendentif-losange-motif-ethnique-zima\/\" \/>\n<meta property=\"og:locale\" content=\"en_US\" \/>\n<meta property=\"og:type\" content=\"article\" \/>\n<meta property=\"og:title\" content=\"Collier cha\u00eene plaqu\u00e9 or et pendentif losange motif ethnique ZIMA - Calaglia\" \/>\n<meta property=\"og:description\" content=\"Colliers : collier chaine argent ou plaqu\u00e9 or avec pierre naturelle sertie et anneau ARIA : un collier chaine avec pierre naturelle et pendentif anneau\" \/>\n<meta property=\"og:url\" content=\"https:\/\/calaglia.com\/produit\/collier-chaine-plaque-or-et-pendentif-losange-motif-ethnique-zima\/\" \/>\n<meta property=\"og:site_name\" content=\"Calaglia\" \/>\n<meta property=\"article:publisher\" content=\"https:\/\/www.facebook.com\/Calaglia\/\" \/>\n<meta property=\"article:modified_time\" content=\"2023-02-20T22:37:41+00:00\" \/>\n<meta property=\"og:image\" content=\"https:\/\/calaglia.com\/wp-content\/uploads\/2023\/02\/20FEV1-3.png\" \/>\n\t<meta property=\"og:image:width\" content=\"1080\" \/>\n\t<meta property=\"og:image:height\" content=\"1080\" \/>\n\t<meta property=\"og:image:type\" content=\"image\/png\" \/>\n<meta name=\"twitter:card\" content=\"summary_large_image\" \/>\n<script type=\"application\/ld+json\" class=\"yoast-schema-graph\">{\"@context\":\"https:\/\/schema.org\",\"@graph\":[{\"@type\":\"WebPage\",\"@id\":\"https:\/\/calaglia.com\/produit\/collier-chaine-plaque-or-et-pendentif-losange-motif-ethnique-zima\/\",\"url\":\"https:\/\/calaglia.com\/produit\/collier-chaine-plaque-or-et-pendentif-losange-motif-ethnique-zima\/\",\"name\":\"Collier cha\u00eene plaqu\u00e9 or et pendentif losange motif ethnique ZIMA - Calaglia\",\"isPartOf\":{\"@id\":\"https:\/\/calaglia.com\/#website\"},\"datePublished\":\"2023-02-20T21:50:28+00:00\",\"dateModified\":\"2023-02-20T22:37:41+00:00\",\"description\":\"Colliers : collier chaine argent ou plaqu\u00e9 or avec pierre naturelle sertie et anneau ARIA : un collier chaine avec pierre naturelle et pendentif anneau\",\"breadcrumb\":{\"@id\":\"https:\/\/calaglia.com\/produit\/collier-chaine-plaque-or-et-pendentif-losange-motif-ethnique-zima\/#breadcrumb\"},\"inLanguage\":\"en-US\",\"potentialAction\":[{\"@type\":\"ReadAction\",\"target\":[\"https:\/\/calaglia.com\/produit\/collier-chaine-plaque-or-et-pendentif-losange-motif-ethnique-zima\/\"]}]},{\"@type\":\"BreadcrumbList\",\"@id\":\"https:\/\/calaglia.com\/produit\/collier-chaine-plaque-or-et-pendentif-losange-motif-ethnique-zima\/#breadcrumb\",\"itemListElement\":[{\"@type\":\"ListItem\",\"position\":1,\"name\":\"Accueil\",\"item\":\"https:\/\/calaglia.com\/\"},{\"@type\":\"ListItem\",\"position\":2,\"name\":\"Shop\",\"item\":\"https:\/\/calaglia.com\/en\/shop\/\"},{\"@type\":\"ListItem\",\"position\":3,\"name\":\"Collier cha\u00eene plaqu\u00e9 or et pendentif losange motif ethnique ZIMA\"}]},{\"@type\":\"WebSite\",\"@id\":\"https:\/\/calaglia.com\/#website\",\"url\":\"https:\/\/calaglia.com\/\",\"name\":\"Calaglia\",\"description\":\"\",\"publisher\":{\"@id\":\"https:\/\/calaglia.com\/#organization\"},\"potentialAction\":[{\"@type\":\"SearchAction\",\"target\":{\"@type\":\"EntryPoint\",\"urlTemplate\":\"https:\/\/calaglia.com\/?s={search_term_string}\"},\"query-input\":\"required name=search_term_string\"}],\"inLanguage\":\"en-US\"},{\"@type\":\"Organization\",\"@id\":\"https:\/\/calaglia.com\/#organization\",\"name\":\"Calaglia\",\"url\":\"https:\/\/calaglia.com\/\",\"logo\":{\"@type\":\"ImageObject\",\"inLanguage\":\"en-US\",\"@id\":\"https:\/\/calaglia.com\/#\/schema\/logo\/image\/\",\"url\":\"https:\/\/calaglia.com\/wp-content\/uploads\/2022\/01\/Calaglia.svg\",\"contentUrl\":\"https:\/\/calaglia.com\/wp-content\/uploads\/2022\/01\/Calaglia.svg\",\"width\":1,\"height\":1,\"caption\":\"Calaglia\"},\"image\":{\"@id\":\"https:\/\/calaglia.com\/#\/schema\/logo\/image\/\"},\"sameAs\":[\"https:\/\/www.facebook.com\/Calaglia\/\",\"https:\/\/www.instagram.com\/calaglia\/\"]}]}<\/script>\n<!-- \/ Yoast SEO plugin. -->","yoast_head_json":{"title":"Collier cha\u00eene plaqu\u00e9 or et pendentif losange motif ethnique ZIMA - Calaglia","description":"Colliers : collier chaine argent ou plaqu\u00e9 or avec pierre naturelle sertie et anneau ARIA : un collier chaine avec pierre naturelle et pendentif anneau","robots":{"index":"index","follow":"follow","max-snippet":"max-snippet:-1","max-image-preview":"max-image-preview:large","max-video-preview":"max-video-preview:-1"},"canonical":"https:\/\/calaglia.com\/produit\/collier-chaine-plaque-or-et-pendentif-losange-motif-ethnique-zima\/","og_locale":"en_US","og_type":"article","og_title":"Collier cha\u00eene plaqu\u00e9 or et pendentif losange motif ethnique ZIMA - Calaglia","og_description":"Colliers : collier chaine argent ou plaqu\u00e9 or avec pierre naturelle sertie et anneau ARIA : un collier chaine avec pierre naturelle et pendentif anneau","og_url":"https:\/\/calaglia.com\/produit\/collier-chaine-plaque-or-et-pendentif-losange-motif-ethnique-zima\/","og_site_name":"Calaglia","article_publisher":"https:\/\/www.facebook.com\/Calaglia\/","article_modified_time":"2023-02-20T22:37:41+00:00","og_image":[{"width":1080,"height":1080,"url":"https:\/\/calaglia.com\/wp-content\/uploads\/2023\/02\/20FEV1-3.png","type":"image\/png"}],"twitter_card":"summary_large_image","schema":{"@context":"https:\/\/schema.org","@graph":[{"@type":"WebPage","@id":"https:\/\/calaglia.com\/produit\/collier-chaine-plaque-or-et-pendentif-losange-motif-ethnique-zima\/","url":"https:\/\/calaglia.com\/produit\/collier-chaine-plaque-or-et-pendentif-losange-motif-ethnique-zima\/","name":"Collier cha\u00eene plaqu\u00e9 or et pendentif losange motif ethnique ZIMA - Calaglia","isPartOf":{"@id":"https:\/\/calaglia.com\/#website"},"datePublished":"2023-02-20T21:50:28+00:00","dateModified":"2023-02-20T22:37:41+00:00","description":"Colliers : collier chaine argent ou plaqu\u00e9 or avec pierre naturelle sertie et anneau ARIA : un collier chaine avec pierre naturelle et pendentif anneau","breadcrumb":{"@id":"https:\/\/calaglia.com\/produit\/collier-chaine-plaque-or-et-pendentif-losange-motif-ethnique-zima\/#breadcrumb"},"inLanguage":"en-US","potentialAction":[{"@type":"ReadAction","target":["https:\/\/calaglia.com\/produit\/collier-chaine-plaque-or-et-pendentif-losange-motif-ethnique-zima\/"]}]},{"@type":"BreadcrumbList","@id":"https:\/\/calaglia.com\/produit\/collier-chaine-plaque-or-et-pendentif-losange-motif-ethnique-zima\/#breadcrumb","itemListElement":[{"@type":"ListItem","position":1,"name":"Accueil","item":"https:\/\/calaglia.com\/"},{"@type":"ListItem","position":2,"name":"Shop","item":"https:\/\/calaglia.com\/en\/shop\/"},{"@type":"ListItem","position":3,"name":"Collier cha\u00eene plaqu\u00e9 or et pendentif losange motif ethnique ZIMA"}]},{"@type":"WebSite","@id":"https:\/\/calaglia.com\/#website","url":"https:\/\/calaglia.com\/","name":"Calaglia","description":"","publisher":{"@id":"https:\/\/calaglia.com\/#organization"},"potentialAction":[{"@type":"SearchAction","target":{"@type":"EntryPoint","urlTemplate":"https:\/\/calaglia.com\/?s={search_term_string}"},"query-input":"required name=search_term_string"}],"inLanguage":"en-US"},{"@type":"Organization","@id":"https:\/\/calaglia.com\/#organization","name":"Calaglia","url":"https:\/\/calaglia.com\/","logo":{"@type":"ImageObject","inLanguage":"en-US","@id":"https:\/\/calaglia.com\/#\/schema\/logo\/image\/","url":"https:\/\/calaglia.com\/wp-content\/uploads\/2022\/01\/Calaglia.svg","contentUrl":"https:\/\/calaglia.com\/wp-content\/uploads\/2022\/01\/Calaglia.svg","width":1,"height":1,"caption":"Calaglia"},"image":{"@id":"https:\/\/calaglia.com\/#\/schema\/logo\/image\/"},"sameAs":["https:\/\/www.facebook.com\/Calaglia\/","https:\/\/www.instagram.com\/calaglia\/"]}]}},"featured_image_src_large":["https:\/\/calaglia.com\/wp-content\/uploads\/2023\/02\/20FEV1-3-1024x1024.png",1024,1024,true],"comment_info":0,"taxonomy_info":{"product_cat":[{"value":20,"label":"Colliers"},{"value":54,"label":"Colliers cha\u00eenes"},{"value":158,"label":"Colliers plaqu\u00e9 or"}]},"_links":{"self":[{"href":"https:\/\/calaglia.com\/en\/wp-json\/wp\/v3\/product\/5831"}],"collection":[{"href":"https:\/\/calaglia.com\/en\/wp-json\/wp\/v3\/product"}],"about":[{"href":"https:\/\/calaglia.com\/en\/wp-json\/wp\/v2\/types\/product"}],"replies":[{"embeddable":true,"href":"https:\/\/calaglia.com\/en\/wp-json\/wp\/v2\/comments?post=5831"}],"wp:featuredmedia":[{"embeddable":true,"href":"https:\/\/calaglia.com\/en\/wp-json\/wp\/v2\/media\/5832"}],"wp:attachment":[{"href":"https:\/\/calaglia.com\/en\/wp-json\/wp\/v2\/media?parent=5831"}],"wp:term":[{"taxonomy":"product_cat","embeddable":true,"href":"https:\/\/calaglia.com\/en\/wp-json\/wp\/v2\/product_cat?post=5831"},{"taxonomy":"product_tag","embeddable":true,"href":"https:\/\/calaglia.com\/en\/wp-json\/wp\/v2\/product_tag?post=5831"}],"curies":[{"name":"wp","href":"https:\/\/api.w.org\/{rel}","templated":true}]}}