{"id":1401,"date":"2022-05-08T22:51:11","date_gmt":"2022-05-08T20:51:11","guid":{"rendered":"https:\/\/calaglia.com\/?post_type=product&#038;p=1401"},"modified":"2022-10-19T18:00:05","modified_gmt":"2022-10-19T16:00:05","slug":"bracelet-cordon-et-pendentif-cristal-de-roche-baia","status":"publish","type":"product","link":"https:\/\/calaglia.com\/es\/produit\/bracelet-cordon-et-pendentif-cristal-de-roche-baia\/","title":{"rendered":"Bracelet cordon et pendentif cristal de roche BAIA"},"content":{"rendered":"<p><img class=\"emoji\" role=\"img\" src=\"https:\/\/s.w.org\/images\/core\/emoji\/13.1.0\/svg\/2b50.svg\" alt=\"\u2b50\" \/> Pssssst ce mod\u00e8le de bracelet existe aussi en taille enfant, une bonne id\u00e9e pour un cadeau m\u00e8re \/ fille.<\/p>\n<p>Ce mod\u00e8le de bracelet est tr\u00e8s facile \u00e0 porter, les bienfaits du cristal de roche s\u2019additionnent \u00e0 la beaut\u00e9 de cette pierre.<br \/>\nLa couleur de cette pierre cristalline vous permettra de l\u2019assortir \u00e0 toutes vos tenues !<\/p>\n","protected":false},"excerpt":{"rendered":"<p>BAIA est un bracelet sur cordon ajustable compos\u00e9 d&#8217;une pierre en cristal de roche facett\u00e9e et 2 perles de verre.<br \/>\nLe bracelet BAIA est ajustable gr\u00e2ce \u00e0 son noeud coulissant.<\/p>\n<p>&#8211; bracelet cordon : 15 cm \u00e0 19 cm environ<br \/>\n&#8211; pendentif cristal de roche : 8 mm<\/p>\n<p>La pierre naturelle en cristal de roche vous aidera \u00e0 d\u00e9cupler votre \u00e9nergie et \u00e9liminer la n\u00e9gativit\u00e9.<br \/>\nChaque pierre est s\u00e9lectionn\u00e9e avec attention : elles sont toutes uniques.<\/p>\n<p>Exemples de couleurs pr\u00e9sent\u00e9es en photo : Jaune fluo, rose fluo et bleu azur.<\/p>\n","protected":false},"featured_media":5290,"comment_status":"open","ping_status":"closed","template":"","meta":{"_kad_blocks_custom_css":"","_kad_blocks_head_custom_js":"","_kad_blocks_body_custom_js":"","_kad_blocks_footer_custom_js":"","_mi_skip_tracking":false,"_kad_post_transparent":"default","_kad_post_title":"","_kad_post_layout":"default","_kad_post_sidebar_id":"","_kad_post_content_style":"default","_kad_post_vertical_padding":"default","_kad_post_feature":"","_kad_post_feature_position":"","_kad_post_header":false,"_kad_post_footer":false},"product_cat":[18,52],"product_tag":[],"featured_image_urls":{"full":["https:\/\/calaglia.com\/wp-content\/uploads\/2022\/05\/Sans-titre-88-1.png",1080,1080,false],"thumbnail":["https:\/\/calaglia.com\/wp-content\/uploads\/2022\/05\/Sans-titre-88-1-150x150.png",150,150,true],"medium":["https:\/\/calaglia.com\/wp-content\/uploads\/2022\/05\/Sans-titre-88-1-300x300.png",300,300,true],"medium_large":["https:\/\/calaglia.com\/wp-content\/uploads\/2022\/05\/Sans-titre-88-1-768x768.png",768,768,true],"large":["https:\/\/calaglia.com\/wp-content\/uploads\/2022\/05\/Sans-titre-88-1-1024x1024.png",1024,1024,true],"lws_wr_thumbnail":["https:\/\/calaglia.com\/wp-content\/uploads\/2022\/05\/Sans-titre-88-1-96x96.png",96,96,true],"lws_wr_thumbnail_small":["https:\/\/calaglia.com\/wp-content\/uploads\/2022\/05\/Sans-titre-88-1-42x42.png",42,42,true],"lws_badge":["https:\/\/calaglia.com\/wp-content\/uploads\/2022\/05\/Sans-titre-88-1-60x60.png",60,60,true],"1536x1536":["https:\/\/calaglia.com\/wp-content\/uploads\/2022\/05\/Sans-titre-88-1.png",1080,1080,false],"2048x2048":["https:\/\/calaglia.com\/wp-content\/uploads\/2022\/05\/Sans-titre-88-1.png",1080,1080,false],"mailpoet_newsletter_max":["https:\/\/calaglia.com\/wp-content\/uploads\/2022\/05\/Sans-titre-88-1.png",1080,1080,false],"woocommerce_thumbnail":["https:\/\/calaglia.com\/wp-content\/uploads\/2022\/05\/Sans-titre-88-1-300x300.png",300,300,true],"woocommerce_single":["https:\/\/calaglia.com\/wp-content\/uploads\/2022\/05\/Sans-titre-88-1-465x465.png",465,465,true],"woocommerce_gallery_thumbnail":["https:\/\/calaglia.com\/wp-content\/uploads\/2022\/05\/Sans-titre-88-1-100x100.png",100,100,true]},"post_excerpt_stackable":"<p>BAIA est un bracelet sur cordon ajustable compos\u00e9 d&#8217;une pierre en cristal de roche facett\u00e9e et 2 perles de verre.<br \/>\nLe bracelet BAIA est ajustable gr\u00e2ce \u00e0 son noeud coulissant.<\/p>\n<p>&#8211; bracelet cordon : 15 cm \u00e0 19 cm environ<br \/>\n&#8211; pendentif cristal de roche : 8 mm<\/p>\n<p>La pierre naturelle en cristal de roche vous aidera \u00e0 d\u00e9cupler votre \u00e9nergie et \u00e9liminer la n\u00e9gativit\u00e9.<br \/>\nChaque pierre est s\u00e9lectionn\u00e9e avec attention : elles sont toutes uniques.<\/p>\n<p>Exemples de couleurs pr\u00e9sent\u00e9es en photo : Jaune fluo, rose fluo et bleu azur.<\/p>\n","category_list":"","author_info":[],"comments_num":"0 comentarios","yoast_head":"<!-- This site is optimized with the Yoast SEO plugin v20.5 - https:\/\/yoast.com\/wordpress\/plugins\/seo\/ -->\n<title>Bracelet cordon et pendentif cristal de roche BAIA - Calaglia<\/title>\n<meta name=\"description\" content=\"Bracelets : bracelet cordon avec pierre naturelle en cristal de roche BAIA : un bracelet cordon ajustable avec cristal de roche. Bracelet couleur.\" \/>\n<meta name=\"robots\" content=\"index, follow, max-snippet:-1, max-image-preview:large, max-video-preview:-1\" \/>\n<link rel=\"canonical\" href=\"https:\/\/calaglia.com\/produit\/bracelet-cordon-et-pendentif-cristal-de-roche-baia\/\" \/>\n<meta property=\"og:locale\" content=\"es_ES\" \/>\n<meta property=\"og:type\" content=\"article\" \/>\n<meta property=\"og:title\" content=\"Bracelet cordon et pendentif cristal de roche BAIA - Calaglia\" \/>\n<meta property=\"og:description\" content=\"Bracelets : bracelet cordon avec pierre naturelle en cristal de roche BAIA : un bracelet cordon ajustable avec cristal de roche. Bracelet couleur.\" \/>\n<meta property=\"og:url\" content=\"https:\/\/calaglia.com\/produit\/bracelet-cordon-et-pendentif-cristal-de-roche-baia\/\" \/>\n<meta property=\"og:site_name\" content=\"Calaglia\" \/>\n<meta property=\"article:publisher\" content=\"https:\/\/www.facebook.com\/Calaglia\/\" \/>\n<meta property=\"article:modified_time\" content=\"2022-10-19T16:00:05+00:00\" \/>\n<meta property=\"og:image\" content=\"https:\/\/calaglia.com\/wp-content\/uploads\/2022\/05\/Sans-titre-88-1.png\" \/>\n\t<meta property=\"og:image:width\" content=\"1080\" \/>\n\t<meta property=\"og:image:height\" content=\"1080\" \/>\n\t<meta property=\"og:image:type\" content=\"image\/png\" \/>\n<meta name=\"twitter:card\" content=\"summary_large_image\" \/>\n<meta name=\"twitter:label1\" content=\"Tiempo de lectura\" \/>\n\t<meta name=\"twitter:data1\" content=\"1 minuto\" \/>\n<script type=\"application\/ld+json\" class=\"yoast-schema-graph\">{\"@context\":\"https:\/\/schema.org\",\"@graph\":[{\"@type\":\"WebPage\",\"@id\":\"https:\/\/calaglia.com\/produit\/bracelet-cordon-et-pendentif-cristal-de-roche-baia\/\",\"url\":\"https:\/\/calaglia.com\/produit\/bracelet-cordon-et-pendentif-cristal-de-roche-baia\/\",\"name\":\"Bracelet cordon et pendentif cristal de roche BAIA - Calaglia\",\"isPartOf\":{\"@id\":\"https:\/\/calaglia.com\/#website\"},\"datePublished\":\"2022-05-08T20:51:11+00:00\",\"dateModified\":\"2022-10-19T16:00:05+00:00\",\"description\":\"Bracelets : bracelet cordon avec pierre naturelle en cristal de roche BAIA : un bracelet cordon ajustable avec cristal de roche. Bracelet couleur.\",\"breadcrumb\":{\"@id\":\"https:\/\/calaglia.com\/produit\/bracelet-cordon-et-pendentif-cristal-de-roche-baia\/#breadcrumb\"},\"inLanguage\":\"es\",\"potentialAction\":[{\"@type\":\"ReadAction\",\"target\":[\"https:\/\/calaglia.com\/produit\/bracelet-cordon-et-pendentif-cristal-de-roche-baia\/\"]}]},{\"@type\":\"BreadcrumbList\",\"@id\":\"https:\/\/calaglia.com\/produit\/bracelet-cordon-et-pendentif-cristal-de-roche-baia\/#breadcrumb\",\"itemListElement\":[{\"@type\":\"ListItem\",\"position\":1,\"name\":\"Accueil\",\"item\":\"https:\/\/calaglia.com\/\"},{\"@type\":\"ListItem\",\"position\":2,\"name\":\"Boutique\",\"item\":\"https:\/\/calaglia.com\/boutique\/\"},{\"@type\":\"ListItem\",\"position\":3,\"name\":\"Bracelet cordon et pendentif cristal de roche BAIA\"}]},{\"@type\":\"WebSite\",\"@id\":\"https:\/\/calaglia.com\/#website\",\"url\":\"https:\/\/calaglia.com\/\",\"name\":\"Calaglia\",\"description\":\"\",\"publisher\":{\"@id\":\"https:\/\/calaglia.com\/#organization\"},\"potentialAction\":[{\"@type\":\"SearchAction\",\"target\":{\"@type\":\"EntryPoint\",\"urlTemplate\":\"https:\/\/calaglia.com\/?s={search_term_string}\"},\"query-input\":\"required name=search_term_string\"}],\"inLanguage\":\"es\"},{\"@type\":\"Organization\",\"@id\":\"https:\/\/calaglia.com\/#organization\",\"name\":\"Calaglia\",\"url\":\"https:\/\/calaglia.com\/\",\"logo\":{\"@type\":\"ImageObject\",\"inLanguage\":\"es\",\"@id\":\"https:\/\/calaglia.com\/#\/schema\/logo\/image\/\",\"url\":\"https:\/\/calaglia.com\/wp-content\/uploads\/2022\/01\/Calaglia.svg\",\"contentUrl\":\"https:\/\/calaglia.com\/wp-content\/uploads\/2022\/01\/Calaglia.svg\",\"width\":1,\"height\":1,\"caption\":\"Calaglia\"},\"image\":{\"@id\":\"https:\/\/calaglia.com\/#\/schema\/logo\/image\/\"},\"sameAs\":[\"https:\/\/www.facebook.com\/Calaglia\/\",\"https:\/\/www.instagram.com\/calaglia\/\"]}]}<\/script>\n<!-- \/ Yoast SEO plugin. -->","yoast_head_json":{"title":"Bracelet cordon et pendentif cristal de roche BAIA - Calaglia","description":"Bracelets : bracelet cordon avec pierre naturelle en cristal de roche BAIA : un bracelet cordon ajustable avec cristal de roche. Bracelet couleur.","robots":{"index":"index","follow":"follow","max-snippet":"max-snippet:-1","max-image-preview":"max-image-preview:large","max-video-preview":"max-video-preview:-1"},"canonical":"https:\/\/calaglia.com\/produit\/bracelet-cordon-et-pendentif-cristal-de-roche-baia\/","og_locale":"es_ES","og_type":"article","og_title":"Bracelet cordon et pendentif cristal de roche BAIA - Calaglia","og_description":"Bracelets : bracelet cordon avec pierre naturelle en cristal de roche BAIA : un bracelet cordon ajustable avec cristal de roche. Bracelet couleur.","og_url":"https:\/\/calaglia.com\/produit\/bracelet-cordon-et-pendentif-cristal-de-roche-baia\/","og_site_name":"Calaglia","article_publisher":"https:\/\/www.facebook.com\/Calaglia\/","article_modified_time":"2022-10-19T16:00:05+00:00","og_image":[{"width":1080,"height":1080,"url":"https:\/\/calaglia.com\/wp-content\/uploads\/2022\/05\/Sans-titre-88-1.png","type":"image\/png"}],"twitter_card":"summary_large_image","twitter_misc":{"Tiempo de lectura":"1 minuto"},"schema":{"@context":"https:\/\/schema.org","@graph":[{"@type":"WebPage","@id":"https:\/\/calaglia.com\/produit\/bracelet-cordon-et-pendentif-cristal-de-roche-baia\/","url":"https:\/\/calaglia.com\/produit\/bracelet-cordon-et-pendentif-cristal-de-roche-baia\/","name":"Bracelet cordon et pendentif cristal de roche BAIA - Calaglia","isPartOf":{"@id":"https:\/\/calaglia.com\/#website"},"datePublished":"2022-05-08T20:51:11+00:00","dateModified":"2022-10-19T16:00:05+00:00","description":"Bracelets : bracelet cordon avec pierre naturelle en cristal de roche BAIA : un bracelet cordon ajustable avec cristal de roche. Bracelet couleur.","breadcrumb":{"@id":"https:\/\/calaglia.com\/produit\/bracelet-cordon-et-pendentif-cristal-de-roche-baia\/#breadcrumb"},"inLanguage":"es","potentialAction":[{"@type":"ReadAction","target":["https:\/\/calaglia.com\/produit\/bracelet-cordon-et-pendentif-cristal-de-roche-baia\/"]}]},{"@type":"BreadcrumbList","@id":"https:\/\/calaglia.com\/produit\/bracelet-cordon-et-pendentif-cristal-de-roche-baia\/#breadcrumb","itemListElement":[{"@type":"ListItem","position":1,"name":"Accueil","item":"https:\/\/calaglia.com\/"},{"@type":"ListItem","position":2,"name":"Boutique","item":"https:\/\/calaglia.com\/boutique\/"},{"@type":"ListItem","position":3,"name":"Bracelet cordon et pendentif cristal de roche BAIA"}]},{"@type":"WebSite","@id":"https:\/\/calaglia.com\/#website","url":"https:\/\/calaglia.com\/","name":"Calaglia","description":"","publisher":{"@id":"https:\/\/calaglia.com\/#organization"},"potentialAction":[{"@type":"SearchAction","target":{"@type":"EntryPoint","urlTemplate":"https:\/\/calaglia.com\/?s={search_term_string}"},"query-input":"required name=search_term_string"}],"inLanguage":"es"},{"@type":"Organization","@id":"https:\/\/calaglia.com\/#organization","name":"Calaglia","url":"https:\/\/calaglia.com\/","logo":{"@type":"ImageObject","inLanguage":"es","@id":"https:\/\/calaglia.com\/#\/schema\/logo\/image\/","url":"https:\/\/calaglia.com\/wp-content\/uploads\/2022\/01\/Calaglia.svg","contentUrl":"https:\/\/calaglia.com\/wp-content\/uploads\/2022\/01\/Calaglia.svg","width":1,"height":1,"caption":"Calaglia"},"image":{"@id":"https:\/\/calaglia.com\/#\/schema\/logo\/image\/"},"sameAs":["https:\/\/www.facebook.com\/Calaglia\/","https:\/\/www.instagram.com\/calaglia\/"]}]}},"featured_image_src_large":["https:\/\/calaglia.com\/wp-content\/uploads\/2022\/05\/Sans-titre-88-1-1024x1024.png",1024,1024,true],"comment_info":0,"taxonomy_info":{"product_cat":[{"value":18,"label":"Bracelets"},{"value":52,"label":"Bracelets cordons"}]},"_links":{"self":[{"href":"https:\/\/calaglia.com\/es\/wp-json\/wp\/v3\/product\/1401"}],"collection":[{"href":"https:\/\/calaglia.com\/es\/wp-json\/wp\/v3\/product"}],"about":[{"href":"https:\/\/calaglia.com\/es\/wp-json\/wp\/v2\/types\/product"}],"replies":[{"embeddable":true,"href":"https:\/\/calaglia.com\/es\/wp-json\/wp\/v2\/comments?post=1401"}],"wp:featuredmedia":[{"embeddable":true,"href":"https:\/\/calaglia.com\/es\/wp-json\/wp\/v2\/media\/5290"}],"wp:attachment":[{"href":"https:\/\/calaglia.com\/es\/wp-json\/wp\/v2\/media?parent=1401"}],"wp:term":[{"taxonomy":"product_cat","embeddable":true,"href":"https:\/\/calaglia.com\/es\/wp-json\/wp\/v2\/product_cat?post=1401"},{"taxonomy":"product_tag","embeddable":true,"href":"https:\/\/calaglia.com\/es\/wp-json\/wp\/v2\/product_tag?post=1401"}],"curies":[{"name":"wp","href":"https:\/\/api.w.org\/{rel}","templated":true}]}}