{"id":2110,"date":"2022-05-18T23:08:25","date_gmt":"2022-05-18T21:08:25","guid":{"rendered":"https:\/\/calaglia.com\/?post_type=product&#038;p=2110"},"modified":"2024-11-18T09:51:16","modified_gmt":"2024-11-18T08:51:16","slug":"collier-chaine-plaque-or-pendentif-martele-et-cristal-de-roche-plum","status":"publish","type":"product","link":"https:\/\/calaglia.com\/es\/produit\/collier-chaine-plaque-or-pendentif-martele-et-cristal-de-roche-plum\/","title":{"rendered":"Collier cha\u00eene plaqu\u00e9 or pendentif martel\u00e9 et cristal de roche PLUM"},"content":{"rendered":"","protected":false},"excerpt":{"rendered":"<p>PLUM est un collier cha\u00eene en plaqu\u00e9 or compos\u00e9 d&#8217;un pendentif en pierre naturelle de cristal de roche facett\u00e9e et d&#8217;un pendentif rond martel\u00e9 en plaqu\u00e9 or. Le collier PLUM peut se porter au quotidien comme pour un \u00e9v\u00e8nement.<\/p>\n<p>&#8211; pendentif en cristal de roche : 8 mm<br \/>\n&#8211; pendentif plaqu\u00e9 or rond martel\u00e9 : 18 mm<br \/>\n&#8211; cha\u00eene plaqu\u00e9 or : 40 cm de longueur et 2 mm d\u2019\u00e9paisseur<\/p>\n<p>La pierre naturelle en cristal de roche vous aidera \u00e0 d\u00e9cupler votre \u00e9nergie et \u00e9liminer la n\u00e9gativit\u00e9.<br \/>\nChaque pierre est s\u00e9lectionn\u00e9e avec attention : elles sont toutes uniques.<br \/>\nAide pour les longueurs de colliers un peu plus bas.<\/p>\n","protected":false},"featured_media":4484,"comment_status":"open","ping_status":"closed","template":"","meta":{"_kad_blocks_custom_css":"","_kad_blocks_head_custom_js":"","_kad_blocks_body_custom_js":"","_kad_blocks_footer_custom_js":"","_mi_skip_tracking":false,"_kad_post_transparent":"default","_kad_post_title":"","_kad_post_layout":"default","_kad_post_sidebar_id":"","_kad_post_content_style":"default","_kad_post_vertical_padding":"default","_kad_post_feature":"","_kad_post_feature_position":"","_kad_post_header":false,"_kad_post_footer":false},"product_cat":[20,54,158],"product_tag":[],"featured_image_urls":{"full":["https:\/\/calaglia.com\/wp-content\/uploads\/2022\/05\/Sans-titre-67-1.png",1080,1080,false],"thumbnail":["https:\/\/calaglia.com\/wp-content\/uploads\/2022\/05\/Sans-titre-67-1-150x150.png",150,150,true],"medium":["https:\/\/calaglia.com\/wp-content\/uploads\/2022\/05\/Sans-titre-67-1-300x300.png",300,300,true],"medium_large":["https:\/\/calaglia.com\/wp-content\/uploads\/2022\/05\/Sans-titre-67-1-768x768.png",768,768,true],"large":["https:\/\/calaglia.com\/wp-content\/uploads\/2022\/05\/Sans-titre-67-1-1024x1024.png",1024,1024,true],"lws_wr_thumbnail":["https:\/\/calaglia.com\/wp-content\/uploads\/2022\/05\/Sans-titre-67-1-96x96.png",96,96,true],"lws_wr_thumbnail_small":["https:\/\/calaglia.com\/wp-content\/uploads\/2022\/05\/Sans-titre-67-1-42x42.png",42,42,true],"lws_badge":["https:\/\/calaglia.com\/wp-content\/uploads\/2022\/05\/Sans-titre-67-1-60x60.png",60,60,true],"1536x1536":["https:\/\/calaglia.com\/wp-content\/uploads\/2022\/05\/Sans-titre-67-1.png",1080,1080,false],"2048x2048":["https:\/\/calaglia.com\/wp-content\/uploads\/2022\/05\/Sans-titre-67-1.png",1080,1080,false],"mailpoet_newsletter_max":["https:\/\/calaglia.com\/wp-content\/uploads\/2022\/05\/Sans-titre-67-1.png",1080,1080,false],"woocommerce_thumbnail":["https:\/\/calaglia.com\/wp-content\/uploads\/2022\/05\/Sans-titre-67-1-300x300.png",300,300,true],"woocommerce_single":["https:\/\/calaglia.com\/wp-content\/uploads\/2022\/05\/Sans-titre-67-1-465x465.png",465,465,true],"woocommerce_gallery_thumbnail":["https:\/\/calaglia.com\/wp-content\/uploads\/2022\/05\/Sans-titre-67-1-100x100.png",100,100,true]},"post_excerpt_stackable":"<p>PLUM est un collier cha\u00eene en plaqu\u00e9 or compos\u00e9 d&#8217;un pendentif en pierre naturelle de cristal de roche facett\u00e9e et d&#8217;un pendentif rond martel\u00e9 en plaqu\u00e9 or. Le collier PLUM peut se porter au quotidien comme pour un \u00e9v\u00e8nement.<\/p>\n<p>&#8211; pendentif en cristal de roche : 8 mm<br \/>\n&#8211; pendentif plaqu\u00e9 or rond martel\u00e9 : 18 mm<br \/>\n&#8211; cha\u00eene plaqu\u00e9 or : 40 cm de longueur et 2 mm d\u2019\u00e9paisseur<\/p>\n<p>La pierre naturelle en cristal de roche vous aidera \u00e0 d\u00e9cupler votre \u00e9nergie et \u00e9liminer la n\u00e9gativit\u00e9.<br \/>\nChaque pierre est s\u00e9lectionn\u00e9e avec attention : elles sont toutes uniques.<br \/>\nAide pour les longueurs de colliers un peu plus bas.<\/p>\n","category_list":"","author_info":[],"comments_num":"0 comentarios","yoast_head":"<!-- This site is optimized with the Yoast SEO plugin v20.5 - https:\/\/yoast.com\/wordpress\/plugins\/seo\/ -->\n<title>Collier cha\u00eene plaqu\u00e9 or pendentif martel\u00e9 et cristal de roche PLUM - Calaglia<\/title>\n<meta name=\"description\" content=\"Colliers : collier chaine avec pendentif rond martel\u00e9 plaqu\u00e9 or et cristal de roche PLUM : un collier chaine plaqu\u00e9 or avec pendentif. Collier plaqu\u00e9 or\" \/>\n<meta name=\"robots\" content=\"index, follow, max-snippet:-1, max-image-preview:large, max-video-preview:-1\" \/>\n<link rel=\"canonical\" href=\"https:\/\/calaglia.com\/produit\/collier-chaine-plaque-or-pendentif-martele-et-cristal-de-roche-plum\/\" \/>\n<meta property=\"og:locale\" content=\"es_ES\" \/>\n<meta property=\"og:type\" content=\"article\" \/>\n<meta property=\"og:title\" content=\"Collier cha\u00eene plaqu\u00e9 or pendentif martel\u00e9 et cristal de roche PLUM - Calaglia\" \/>\n<meta property=\"og:description\" content=\"Colliers : collier chaine avec pendentif rond martel\u00e9 plaqu\u00e9 or et cristal de roche PLUM : un collier chaine plaqu\u00e9 or avec pendentif. Collier plaqu\u00e9 or\" \/>\n<meta property=\"og:url\" content=\"https:\/\/calaglia.com\/produit\/collier-chaine-plaque-or-pendentif-martele-et-cristal-de-roche-plum\/\" \/>\n<meta property=\"og:site_name\" content=\"Calaglia\" \/>\n<meta property=\"article:publisher\" content=\"https:\/\/www.facebook.com\/Calaglia\/\" \/>\n<meta property=\"article:modified_time\" content=\"2024-11-18T08:51:16+00:00\" \/>\n<meta property=\"og:image\" content=\"https:\/\/calaglia.com\/wp-content\/uploads\/2022\/05\/Sans-titre-67-1.png\" \/>\n\t<meta property=\"og:image:width\" content=\"1080\" \/>\n\t<meta property=\"og:image:height\" content=\"1080\" \/>\n\t<meta property=\"og:image:type\" content=\"image\/png\" \/>\n<meta name=\"twitter:card\" content=\"summary_large_image\" \/>\n<script type=\"application\/ld+json\" class=\"yoast-schema-graph\">{\"@context\":\"https:\/\/schema.org\",\"@graph\":[{\"@type\":\"WebPage\",\"@id\":\"https:\/\/calaglia.com\/produit\/collier-chaine-plaque-or-pendentif-martele-et-cristal-de-roche-plum\/\",\"url\":\"https:\/\/calaglia.com\/produit\/collier-chaine-plaque-or-pendentif-martele-et-cristal-de-roche-plum\/\",\"name\":\"Collier cha\u00eene plaqu\u00e9 or pendentif martel\u00e9 et cristal de roche PLUM - Calaglia\",\"isPartOf\":{\"@id\":\"https:\/\/calaglia.com\/#website\"},\"datePublished\":\"2022-05-18T21:08:25+00:00\",\"dateModified\":\"2024-11-18T08:51:16+00:00\",\"description\":\"Colliers : collier chaine avec pendentif rond martel\u00e9 plaqu\u00e9 or et cristal de roche PLUM : un collier chaine plaqu\u00e9 or avec pendentif. Collier plaqu\u00e9 or\",\"breadcrumb\":{\"@id\":\"https:\/\/calaglia.com\/produit\/collier-chaine-plaque-or-pendentif-martele-et-cristal-de-roche-plum\/#breadcrumb\"},\"inLanguage\":\"es\",\"potentialAction\":[{\"@type\":\"ReadAction\",\"target\":[\"https:\/\/calaglia.com\/produit\/collier-chaine-plaque-or-pendentif-martele-et-cristal-de-roche-plum\/\"]}]},{\"@type\":\"BreadcrumbList\",\"@id\":\"https:\/\/calaglia.com\/produit\/collier-chaine-plaque-or-pendentif-martele-et-cristal-de-roche-plum\/#breadcrumb\",\"itemListElement\":[{\"@type\":\"ListItem\",\"position\":1,\"name\":\"Accueil\",\"item\":\"https:\/\/calaglia.com\/\"},{\"@type\":\"ListItem\",\"position\":2,\"name\":\"Boutique\",\"item\":\"https:\/\/calaglia.com\/boutique\/\"},{\"@type\":\"ListItem\",\"position\":3,\"name\":\"Collier cha\u00eene plaqu\u00e9 or pendentif martel\u00e9 et cristal de roche PLUM\"}]},{\"@type\":\"WebSite\",\"@id\":\"https:\/\/calaglia.com\/#website\",\"url\":\"https:\/\/calaglia.com\/\",\"name\":\"Calaglia\",\"description\":\"\",\"publisher\":{\"@id\":\"https:\/\/calaglia.com\/#organization\"},\"potentialAction\":[{\"@type\":\"SearchAction\",\"target\":{\"@type\":\"EntryPoint\",\"urlTemplate\":\"https:\/\/calaglia.com\/?s={search_term_string}\"},\"query-input\":\"required name=search_term_string\"}],\"inLanguage\":\"es\"},{\"@type\":\"Organization\",\"@id\":\"https:\/\/calaglia.com\/#organization\",\"name\":\"Calaglia\",\"url\":\"https:\/\/calaglia.com\/\",\"logo\":{\"@type\":\"ImageObject\",\"inLanguage\":\"es\",\"@id\":\"https:\/\/calaglia.com\/#\/schema\/logo\/image\/\",\"url\":\"https:\/\/calaglia.com\/wp-content\/uploads\/2022\/01\/Calaglia.svg\",\"contentUrl\":\"https:\/\/calaglia.com\/wp-content\/uploads\/2022\/01\/Calaglia.svg\",\"width\":1,\"height\":1,\"caption\":\"Calaglia\"},\"image\":{\"@id\":\"https:\/\/calaglia.com\/#\/schema\/logo\/image\/\"},\"sameAs\":[\"https:\/\/www.facebook.com\/Calaglia\/\",\"https:\/\/www.instagram.com\/calaglia\/\"]}]}<\/script>\n<!-- \/ Yoast SEO plugin. -->","yoast_head_json":{"title":"Collier cha\u00eene plaqu\u00e9 or pendentif martel\u00e9 et cristal de roche PLUM - Calaglia","description":"Colliers : collier chaine avec pendentif rond martel\u00e9 plaqu\u00e9 or et cristal de roche PLUM : un collier chaine plaqu\u00e9 or avec pendentif. Collier plaqu\u00e9 or","robots":{"index":"index","follow":"follow","max-snippet":"max-snippet:-1","max-image-preview":"max-image-preview:large","max-video-preview":"max-video-preview:-1"},"canonical":"https:\/\/calaglia.com\/produit\/collier-chaine-plaque-or-pendentif-martele-et-cristal-de-roche-plum\/","og_locale":"es_ES","og_type":"article","og_title":"Collier cha\u00eene plaqu\u00e9 or pendentif martel\u00e9 et cristal de roche PLUM - Calaglia","og_description":"Colliers : collier chaine avec pendentif rond martel\u00e9 plaqu\u00e9 or et cristal de roche PLUM : un collier chaine plaqu\u00e9 or avec pendentif. Collier plaqu\u00e9 or","og_url":"https:\/\/calaglia.com\/produit\/collier-chaine-plaque-or-pendentif-martele-et-cristal-de-roche-plum\/","og_site_name":"Calaglia","article_publisher":"https:\/\/www.facebook.com\/Calaglia\/","article_modified_time":"2024-11-18T08:51:16+00:00","og_image":[{"width":1080,"height":1080,"url":"https:\/\/calaglia.com\/wp-content\/uploads\/2022\/05\/Sans-titre-67-1.png","type":"image\/png"}],"twitter_card":"summary_large_image","schema":{"@context":"https:\/\/schema.org","@graph":[{"@type":"WebPage","@id":"https:\/\/calaglia.com\/produit\/collier-chaine-plaque-or-pendentif-martele-et-cristal-de-roche-plum\/","url":"https:\/\/calaglia.com\/produit\/collier-chaine-plaque-or-pendentif-martele-et-cristal-de-roche-plum\/","name":"Collier cha\u00eene plaqu\u00e9 or pendentif martel\u00e9 et cristal de roche PLUM - Calaglia","isPartOf":{"@id":"https:\/\/calaglia.com\/#website"},"datePublished":"2022-05-18T21:08:25+00:00","dateModified":"2024-11-18T08:51:16+00:00","description":"Colliers : collier chaine avec pendentif rond martel\u00e9 plaqu\u00e9 or et cristal de roche PLUM : un collier chaine plaqu\u00e9 or avec pendentif. Collier plaqu\u00e9 or","breadcrumb":{"@id":"https:\/\/calaglia.com\/produit\/collier-chaine-plaque-or-pendentif-martele-et-cristal-de-roche-plum\/#breadcrumb"},"inLanguage":"es","potentialAction":[{"@type":"ReadAction","target":["https:\/\/calaglia.com\/produit\/collier-chaine-plaque-or-pendentif-martele-et-cristal-de-roche-plum\/"]}]},{"@type":"BreadcrumbList","@id":"https:\/\/calaglia.com\/produit\/collier-chaine-plaque-or-pendentif-martele-et-cristal-de-roche-plum\/#breadcrumb","itemListElement":[{"@type":"ListItem","position":1,"name":"Accueil","item":"https:\/\/calaglia.com\/"},{"@type":"ListItem","position":2,"name":"Boutique","item":"https:\/\/calaglia.com\/boutique\/"},{"@type":"ListItem","position":3,"name":"Collier cha\u00eene plaqu\u00e9 or pendentif martel\u00e9 et cristal de roche PLUM"}]},{"@type":"WebSite","@id":"https:\/\/calaglia.com\/#website","url":"https:\/\/calaglia.com\/","name":"Calaglia","description":"","publisher":{"@id":"https:\/\/calaglia.com\/#organization"},"potentialAction":[{"@type":"SearchAction","target":{"@type":"EntryPoint","urlTemplate":"https:\/\/calaglia.com\/?s={search_term_string}"},"query-input":"required name=search_term_string"}],"inLanguage":"es"},{"@type":"Organization","@id":"https:\/\/calaglia.com\/#organization","name":"Calaglia","url":"https:\/\/calaglia.com\/","logo":{"@type":"ImageObject","inLanguage":"es","@id":"https:\/\/calaglia.com\/#\/schema\/logo\/image\/","url":"https:\/\/calaglia.com\/wp-content\/uploads\/2022\/01\/Calaglia.svg","contentUrl":"https:\/\/calaglia.com\/wp-content\/uploads\/2022\/01\/Calaglia.svg","width":1,"height":1,"caption":"Calaglia"},"image":{"@id":"https:\/\/calaglia.com\/#\/schema\/logo\/image\/"},"sameAs":["https:\/\/www.facebook.com\/Calaglia\/","https:\/\/www.instagram.com\/calaglia\/"]}]}},"featured_image_src_large":["https:\/\/calaglia.com\/wp-content\/uploads\/2022\/05\/Sans-titre-67-1-1024x1024.png",1024,1024,true],"comment_info":0,"taxonomy_info":{"product_cat":[{"value":20,"label":"Colliers"},{"value":54,"label":"Colliers cha\u00eenes"},{"value":158,"label":"Colliers plaqu\u00e9 or"}]},"_links":{"self":[{"href":"https:\/\/calaglia.com\/es\/wp-json\/wp\/v3\/product\/2110"}],"collection":[{"href":"https:\/\/calaglia.com\/es\/wp-json\/wp\/v3\/product"}],"about":[{"href":"https:\/\/calaglia.com\/es\/wp-json\/wp\/v2\/types\/product"}],"replies":[{"embeddable":true,"href":"https:\/\/calaglia.com\/es\/wp-json\/wp\/v2\/comments?post=2110"}],"wp:featuredmedia":[{"embeddable":true,"href":"https:\/\/calaglia.com\/es\/wp-json\/wp\/v2\/media\/4484"}],"wp:attachment":[{"href":"https:\/\/calaglia.com\/es\/wp-json\/wp\/v2\/media?parent=2110"}],"wp:term":[{"taxonomy":"product_cat","embeddable":true,"href":"https:\/\/calaglia.com\/es\/wp-json\/wp\/v2\/product_cat?post=2110"},{"taxonomy":"product_tag","embeddable":true,"href":"https:\/\/calaglia.com\/es\/wp-json\/wp\/v2\/product_tag?post=2110"}],"curies":[{"name":"wp","href":"https:\/\/api.w.org\/{rel}","templated":true}]}}