{"id":4465,"date":"2022-08-03T11:15:35","date_gmt":"2022-08-03T09:15:35","guid":{"rendered":"https:\/\/calaglia.com\/?post_type=product&#038;p=4465"},"modified":"2024-05-02T11:44:45","modified_gmt":"2024-05-02T09:44:45","slug":"bracelet-chaine-et-pendentif-oeil-de-protection-nacre-mati","status":"publish","type":"product","link":"https:\/\/calaglia.com\/es\/produit\/bracelet-chaine-et-pendentif-oeil-de-protection-nacre-mati\/","title":{"rendered":"Bracelet cha\u00eene et pendentif oeil de protection nacre MATI"},"content":{"rendered":"<p>Ce mod\u00e8le de bracelet est tr\u00e8s facile \u00e0 porter, les bienfaits du cristal de roche s&#8217;additionnent \u00e0 la beaut\u00e9 de cette pierre.<\/p>\n","protected":false},"excerpt":{"rendered":"<p>MATI est un bracelet cha\u00eene en finition argent ou plaqu\u00e9 or compos\u00e9 d\u2019un pendentif en nacre naturelle surmont\u00e9e d&#8217;un oeil de protection.<br \/>\nLe bracelet MATI, avec cette perle si particuli\u00e8re, allie fra\u00eecheur et tradition.<\/p>\n<p>\u2013 cha\u00eene argent r\u00e9glable : 17 cm \u00e0 18,5 cm<br \/>\n\u2013 perle en nacre surmont\u00e9e d&#8217;un oeil de protection : 17 mm<\/p>\n<p>La perle en nacre, boostera votre sociabilit\u00e9 et d\u00e9veloppera votre charisme.<br \/>\nEn plus du pouvoir de la nacre, cet oeil de protection de tradition m\u00e9diterran\u00e9enne repoussera les ondes malveillantes d&#8217;apr\u00e8s la tradition grecque et turque. Cet oeil s&#8217;appelle MATI, MATIASMA ou NAZAR BONCUK.<br \/>\nChaque perle est s\u00e9lectionn\u00e9e avec attention : elles sont toutes uniques.<\/p>\n","protected":false},"featured_media":4468,"comment_status":"open","ping_status":"closed","template":"","meta":{"_kad_blocks_custom_css":"","_kad_blocks_head_custom_js":"","_kad_blocks_body_custom_js":"","_kad_blocks_footer_custom_js":"","_mi_skip_tracking":false,"_kad_post_transparent":"default","_kad_post_title":"","_kad_post_layout":"default","_kad_post_sidebar_id":"","_kad_post_content_style":"default","_kad_post_vertical_padding":"default","_kad_post_feature":"","_kad_post_feature_position":"","_kad_post_header":false,"_kad_post_footer":false},"product_cat":[18,152,53,153],"product_tag":[],"featured_image_urls":{"full":["https:\/\/calaglia.com\/wp-content\/uploads\/2022\/07\/21.png",1080,1080,false],"thumbnail":["https:\/\/calaglia.com\/wp-content\/uploads\/2022\/07\/21-150x150.png",150,150,true],"medium":["https:\/\/calaglia.com\/wp-content\/uploads\/2022\/07\/21-300x300.png",300,300,true],"medium_large":["https:\/\/calaglia.com\/wp-content\/uploads\/2022\/07\/21-768x768.png",768,768,true],"large":["https:\/\/calaglia.com\/wp-content\/uploads\/2022\/07\/21-1024x1024.png",1024,1024,true],"lws_wr_thumbnail":["https:\/\/calaglia.com\/wp-content\/uploads\/2022\/07\/21-96x96.png",96,96,true],"lws_wr_thumbnail_small":["https:\/\/calaglia.com\/wp-content\/uploads\/2022\/07\/21-42x42.png",42,42,true],"lws_badge":["https:\/\/calaglia.com\/wp-content\/uploads\/2022\/07\/21-60x60.png",60,60,true],"1536x1536":["https:\/\/calaglia.com\/wp-content\/uploads\/2022\/07\/21.png",1080,1080,false],"2048x2048":["https:\/\/calaglia.com\/wp-content\/uploads\/2022\/07\/21.png",1080,1080,false],"mailpoet_newsletter_max":["https:\/\/calaglia.com\/wp-content\/uploads\/2022\/07\/21.png",1080,1080,false],"woocommerce_thumbnail":["https:\/\/calaglia.com\/wp-content\/uploads\/2022\/07\/21-300x300.png",300,300,true],"woocommerce_single":["https:\/\/calaglia.com\/wp-content\/uploads\/2022\/07\/21-465x465.png",465,465,true],"woocommerce_gallery_thumbnail":["https:\/\/calaglia.com\/wp-content\/uploads\/2022\/07\/21-100x100.png",100,100,true]},"post_excerpt_stackable":"<p>MATI est un bracelet cha\u00eene en finition argent ou plaqu\u00e9 or compos\u00e9 d\u2019un pendentif en nacre naturelle surmont\u00e9e d&#8217;un oeil de protection.<br \/>\nLe bracelet MATI, avec cette perle si particuli\u00e8re, allie fra\u00eecheur et tradition.<\/p>\n<p>\u2013 cha\u00eene argent r\u00e9glable : 17 cm \u00e0 18,5 cm<br \/>\n\u2013 perle en nacre surmont\u00e9e d&#8217;un oeil de protection : 17 mm<\/p>\n<p>La perle en nacre, boostera votre sociabilit\u00e9 et d\u00e9veloppera votre charisme.<br \/>\nEn plus du pouvoir de la nacre, cet oeil de protection de tradition m\u00e9diterran\u00e9enne repoussera les ondes malveillantes d&#8217;apr\u00e8s la tradition grecque et turque. Cet oeil s&#8217;appelle MATI, MATIASMA ou NAZAR BONCUK.<br \/>\nChaque perle est s\u00e9lectionn\u00e9e avec attention : elles sont toutes uniques.<\/p>\n","category_list":"","author_info":[],"comments_num":"0 comentarios","yoast_head":"<!-- This site is optimized with the Yoast SEO plugin v20.5 - https:\/\/yoast.com\/wordpress\/plugins\/seo\/ -->\n<title>Bracelet cha\u00eene et pendentif oeil de protection nacre MATI - Calaglia<\/title>\n<meta name=\"description\" content=\"Bracelets : bracelet argent type chaine avec pierre naturelle en cristal de roche MIA : un bracelet chaine argent ou plaqu\u00e9 or avec cristal de roche.\" \/>\n<meta name=\"robots\" content=\"index, follow, max-snippet:-1, max-image-preview:large, max-video-preview:-1\" \/>\n<link rel=\"canonical\" href=\"https:\/\/calaglia.com\/produit\/bracelet-chaine-et-pendentif-oeil-de-protection-nacre-mati\/\" \/>\n<meta property=\"og:locale\" content=\"es_ES\" \/>\n<meta property=\"og:type\" content=\"article\" \/>\n<meta property=\"og:title\" content=\"Bracelet cha\u00eene et pendentif oeil de protection nacre MATI - Calaglia\" \/>\n<meta property=\"og:description\" content=\"Bracelets : bracelet argent type chaine avec pierre naturelle en cristal de roche MIA : un bracelet chaine argent ou plaqu\u00e9 or avec cristal de roche.\" \/>\n<meta property=\"og:url\" content=\"https:\/\/calaglia.com\/produit\/bracelet-chaine-et-pendentif-oeil-de-protection-nacre-mati\/\" \/>\n<meta property=\"og:site_name\" content=\"Calaglia\" \/>\n<meta property=\"article:publisher\" content=\"https:\/\/www.facebook.com\/Calaglia\/\" \/>\n<meta property=\"article:modified_time\" content=\"2024-05-02T09:44:45+00:00\" \/>\n<meta property=\"og:image\" content=\"https:\/\/calaglia.com\/wp-content\/uploads\/2022\/07\/21.png\" \/>\n\t<meta property=\"og:image:width\" content=\"1080\" \/>\n\t<meta property=\"og:image:height\" content=\"1080\" \/>\n\t<meta property=\"og:image:type\" content=\"image\/png\" \/>\n<meta name=\"twitter:card\" content=\"summary_large_image\" \/>\n<meta name=\"twitter:label1\" content=\"Tiempo de lectura\" \/>\n\t<meta name=\"twitter:data1\" content=\"1 minuto\" \/>\n<script type=\"application\/ld+json\" class=\"yoast-schema-graph\">{\"@context\":\"https:\/\/schema.org\",\"@graph\":[{\"@type\":\"WebPage\",\"@id\":\"https:\/\/calaglia.com\/produit\/bracelet-chaine-et-pendentif-oeil-de-protection-nacre-mati\/\",\"url\":\"https:\/\/calaglia.com\/produit\/bracelet-chaine-et-pendentif-oeil-de-protection-nacre-mati\/\",\"name\":\"Bracelet cha\u00eene et pendentif oeil de protection nacre MATI - Calaglia\",\"isPartOf\":{\"@id\":\"https:\/\/calaglia.com\/#website\"},\"datePublished\":\"2022-08-03T09:15:35+00:00\",\"dateModified\":\"2024-05-02T09:44:45+00:00\",\"description\":\"Bracelets : bracelet argent type chaine avec pierre naturelle en cristal de roche MIA : un bracelet chaine argent ou plaqu\u00e9 or avec cristal de roche.\",\"breadcrumb\":{\"@id\":\"https:\/\/calaglia.com\/produit\/bracelet-chaine-et-pendentif-oeil-de-protection-nacre-mati\/#breadcrumb\"},\"inLanguage\":\"es\",\"potentialAction\":[{\"@type\":\"ReadAction\",\"target\":[\"https:\/\/calaglia.com\/produit\/bracelet-chaine-et-pendentif-oeil-de-protection-nacre-mati\/\"]}]},{\"@type\":\"BreadcrumbList\",\"@id\":\"https:\/\/calaglia.com\/produit\/bracelet-chaine-et-pendentif-oeil-de-protection-nacre-mati\/#breadcrumb\",\"itemListElement\":[{\"@type\":\"ListItem\",\"position\":1,\"name\":\"Accueil\",\"item\":\"https:\/\/calaglia.com\/\"},{\"@type\":\"ListItem\",\"position\":2,\"name\":\"Boutique\",\"item\":\"https:\/\/calaglia.com\/boutique\/\"},{\"@type\":\"ListItem\",\"position\":3,\"name\":\"Bracelet cha\u00eene et pendentif oeil de protection nacre MATI\"}]},{\"@type\":\"WebSite\",\"@id\":\"https:\/\/calaglia.com\/#website\",\"url\":\"https:\/\/calaglia.com\/\",\"name\":\"Calaglia\",\"description\":\"\",\"publisher\":{\"@id\":\"https:\/\/calaglia.com\/#organization\"},\"potentialAction\":[{\"@type\":\"SearchAction\",\"target\":{\"@type\":\"EntryPoint\",\"urlTemplate\":\"https:\/\/calaglia.com\/?s={search_term_string}\"},\"query-input\":\"required name=search_term_string\"}],\"inLanguage\":\"es\"},{\"@type\":\"Organization\",\"@id\":\"https:\/\/calaglia.com\/#organization\",\"name\":\"Calaglia\",\"url\":\"https:\/\/calaglia.com\/\",\"logo\":{\"@type\":\"ImageObject\",\"inLanguage\":\"es\",\"@id\":\"https:\/\/calaglia.com\/#\/schema\/logo\/image\/\",\"url\":\"https:\/\/calaglia.com\/wp-content\/uploads\/2022\/01\/Calaglia.svg\",\"contentUrl\":\"https:\/\/calaglia.com\/wp-content\/uploads\/2022\/01\/Calaglia.svg\",\"width\":1,\"height\":1,\"caption\":\"Calaglia\"},\"image\":{\"@id\":\"https:\/\/calaglia.com\/#\/schema\/logo\/image\/\"},\"sameAs\":[\"https:\/\/www.facebook.com\/Calaglia\/\",\"https:\/\/www.instagram.com\/calaglia\/\"]}]}<\/script>\n<!-- \/ Yoast SEO plugin. -->","yoast_head_json":{"title":"Bracelet cha\u00eene et pendentif oeil de protection nacre MATI - Calaglia","description":"Bracelets : bracelet argent type chaine avec pierre naturelle en cristal de roche MIA : un bracelet chaine argent ou plaqu\u00e9 or avec cristal de roche.","robots":{"index":"index","follow":"follow","max-snippet":"max-snippet:-1","max-image-preview":"max-image-preview:large","max-video-preview":"max-video-preview:-1"},"canonical":"https:\/\/calaglia.com\/produit\/bracelet-chaine-et-pendentif-oeil-de-protection-nacre-mati\/","og_locale":"es_ES","og_type":"article","og_title":"Bracelet cha\u00eene et pendentif oeil de protection nacre MATI - Calaglia","og_description":"Bracelets : bracelet argent type chaine avec pierre naturelle en cristal de roche MIA : un bracelet chaine argent ou plaqu\u00e9 or avec cristal de roche.","og_url":"https:\/\/calaglia.com\/produit\/bracelet-chaine-et-pendentif-oeil-de-protection-nacre-mati\/","og_site_name":"Calaglia","article_publisher":"https:\/\/www.facebook.com\/Calaglia\/","article_modified_time":"2024-05-02T09:44:45+00:00","og_image":[{"width":1080,"height":1080,"url":"https:\/\/calaglia.com\/wp-content\/uploads\/2022\/07\/21.png","type":"image\/png"}],"twitter_card":"summary_large_image","twitter_misc":{"Tiempo de lectura":"1 minuto"},"schema":{"@context":"https:\/\/schema.org","@graph":[{"@type":"WebPage","@id":"https:\/\/calaglia.com\/produit\/bracelet-chaine-et-pendentif-oeil-de-protection-nacre-mati\/","url":"https:\/\/calaglia.com\/produit\/bracelet-chaine-et-pendentif-oeil-de-protection-nacre-mati\/","name":"Bracelet cha\u00eene et pendentif oeil de protection nacre MATI - Calaglia","isPartOf":{"@id":"https:\/\/calaglia.com\/#website"},"datePublished":"2022-08-03T09:15:35+00:00","dateModified":"2024-05-02T09:44:45+00:00","description":"Bracelets : bracelet argent type chaine avec pierre naturelle en cristal de roche MIA : un bracelet chaine argent ou plaqu\u00e9 or avec cristal de roche.","breadcrumb":{"@id":"https:\/\/calaglia.com\/produit\/bracelet-chaine-et-pendentif-oeil-de-protection-nacre-mati\/#breadcrumb"},"inLanguage":"es","potentialAction":[{"@type":"ReadAction","target":["https:\/\/calaglia.com\/produit\/bracelet-chaine-et-pendentif-oeil-de-protection-nacre-mati\/"]}]},{"@type":"BreadcrumbList","@id":"https:\/\/calaglia.com\/produit\/bracelet-chaine-et-pendentif-oeil-de-protection-nacre-mati\/#breadcrumb","itemListElement":[{"@type":"ListItem","position":1,"name":"Accueil","item":"https:\/\/calaglia.com\/"},{"@type":"ListItem","position":2,"name":"Boutique","item":"https:\/\/calaglia.com\/boutique\/"},{"@type":"ListItem","position":3,"name":"Bracelet cha\u00eene et pendentif oeil de protection nacre MATI"}]},{"@type":"WebSite","@id":"https:\/\/calaglia.com\/#website","url":"https:\/\/calaglia.com\/","name":"Calaglia","description":"","publisher":{"@id":"https:\/\/calaglia.com\/#organization"},"potentialAction":[{"@type":"SearchAction","target":{"@type":"EntryPoint","urlTemplate":"https:\/\/calaglia.com\/?s={search_term_string}"},"query-input":"required name=search_term_string"}],"inLanguage":"es"},{"@type":"Organization","@id":"https:\/\/calaglia.com\/#organization","name":"Calaglia","url":"https:\/\/calaglia.com\/","logo":{"@type":"ImageObject","inLanguage":"es","@id":"https:\/\/calaglia.com\/#\/schema\/logo\/image\/","url":"https:\/\/calaglia.com\/wp-content\/uploads\/2022\/01\/Calaglia.svg","contentUrl":"https:\/\/calaglia.com\/wp-content\/uploads\/2022\/01\/Calaglia.svg","width":1,"height":1,"caption":"Calaglia"},"image":{"@id":"https:\/\/calaglia.com\/#\/schema\/logo\/image\/"},"sameAs":["https:\/\/www.facebook.com\/Calaglia\/","https:\/\/www.instagram.com\/calaglia\/"]}]}},"featured_image_src_large":["https:\/\/calaglia.com\/wp-content\/uploads\/2022\/07\/21-1024x1024.png",1024,1024,true],"comment_info":0,"taxonomy_info":{"product_cat":[{"value":18,"label":"Bracelets"},{"value":152,"label":"Bracelets argent"},{"value":53,"label":"Bracelets cha\u00eenes"},{"value":153,"label":"Bracelets plaqu\u00e9 or"}]},"_links":{"self":[{"href":"https:\/\/calaglia.com\/es\/wp-json\/wp\/v3\/product\/4465"}],"collection":[{"href":"https:\/\/calaglia.com\/es\/wp-json\/wp\/v3\/product"}],"about":[{"href":"https:\/\/calaglia.com\/es\/wp-json\/wp\/v2\/types\/product"}],"replies":[{"embeddable":true,"href":"https:\/\/calaglia.com\/es\/wp-json\/wp\/v2\/comments?post=4465"}],"wp:featuredmedia":[{"embeddable":true,"href":"https:\/\/calaglia.com\/es\/wp-json\/wp\/v2\/media\/4468"}],"wp:attachment":[{"href":"https:\/\/calaglia.com\/es\/wp-json\/wp\/v2\/media?parent=4465"}],"wp:term":[{"taxonomy":"product_cat","embeddable":true,"href":"https:\/\/calaglia.com\/es\/wp-json\/wp\/v2\/product_cat?post=4465"},{"taxonomy":"product_tag","embeddable":true,"href":"https:\/\/calaglia.com\/es\/wp-json\/wp\/v2\/product_tag?post=4465"}],"curies":[{"name":"wp","href":"https:\/\/api.w.org\/{rel}","templated":true}]}}