{"id":688,"date":"2022-04-14T18:50:02","date_gmt":"2022-04-14T16:50:02","guid":{"rendered":"https:\/\/calaglia.com\/?post_type=product&#038;p=688"},"modified":"2024-06-11T21:54:16","modified_gmt":"2024-06-11T19:54:16","slug":"carte-cadeau","status":"publish","type":"product","link":"https:\/\/calaglia.com\/es\/produit\/carte-cadeau\/","title":{"rendered":"Carte cadeau"},"content":{"rendered":"","protected":false},"excerpt":{"rendered":"<p>Vous ne savez pas quel(s) bijou(x) choisir ?<br \/>\nLa carte cadeau vous permettra de faire plaisir \u00e0 co\u00fbt s\u00fbr !<\/p>\n<p>Vous choisissez le montant \u00e0 offrir (ou \u00e0 vous offrir) et le destinataire recevra par email une e-carte cadeau \u00e0 utiliser librement pendant 1 an.<\/p>\n<p><span style=\"font-family: var(--global-body-font-family);\">\u26a0\ufe0f La carte cadeau sera envoy\u00e9e par email d\u00e8s validation de votre commande \u00e0 la personne que vous saisissez \u00e0 &#8220;Pour&#8221;. <\/span>Si vous voulez garder la surprise, vous pouvez indiquer votre adresse email et vous charger de la transf\u00e9rer au moment voulu \ud83d\ude09<\/p>\n","protected":false},"featured_media":1737,"comment_status":"closed","ping_status":"closed","template":"","meta":{"_kad_blocks_custom_css":"","_kad_blocks_head_custom_js":"","_kad_blocks_body_custom_js":"","_kad_blocks_footer_custom_js":"","_mi_skip_tracking":false,"_kad_post_transparent":"default","_kad_post_title":"","_kad_post_layout":"default","_kad_post_sidebar_id":"","_kad_post_content_style":"default","_kad_post_vertical_padding":"default","_kad_post_feature":"","_kad_post_feature_position":"","_kad_post_header":false,"_kad_post_footer":false},"product_cat":[150],"product_tag":[],"featured_image_urls":{"full":["https:\/\/calaglia.com\/wp-content\/uploads\/2022\/04\/Carte_Cadeau_1080px.png",1080,1080,false],"thumbnail":["https:\/\/calaglia.com\/wp-content\/uploads\/2022\/04\/Carte_Cadeau_1080px-150x150.png",150,150,true],"medium":["https:\/\/calaglia.com\/wp-content\/uploads\/2022\/04\/Carte_Cadeau_1080px-300x300.png",300,300,true],"medium_large":["https:\/\/calaglia.com\/wp-content\/uploads\/2022\/04\/Carte_Cadeau_1080px-768x768.png",768,768,true],"large":["https:\/\/calaglia.com\/wp-content\/uploads\/2022\/04\/Carte_Cadeau_1080px-1024x1024.png",1024,1024,true],"lws_wr_thumbnail":["https:\/\/calaglia.com\/wp-content\/uploads\/2022\/04\/Carte_Cadeau_1080px-96x96.png",96,96,true],"lws_wr_thumbnail_small":["https:\/\/calaglia.com\/wp-content\/uploads\/2022\/04\/Carte_Cadeau_1080px-42x42.png",42,42,true],"lws_badge":["https:\/\/calaglia.com\/wp-content\/uploads\/2022\/04\/Carte_Cadeau_1080px-60x60.png",60,60,true],"1536x1536":["https:\/\/calaglia.com\/wp-content\/uploads\/2022\/04\/Carte_Cadeau_1080px.png",1080,1080,false],"2048x2048":["https:\/\/calaglia.com\/wp-content\/uploads\/2022\/04\/Carte_Cadeau_1080px.png",1080,1080,false],"mailpoet_newsletter_max":["https:\/\/calaglia.com\/wp-content\/uploads\/2022\/04\/Carte_Cadeau_1080px.png",1080,1080,false],"woocommerce_thumbnail":["https:\/\/calaglia.com\/wp-content\/uploads\/2022\/04\/Carte_Cadeau_1080px-300x300.png",300,300,true],"woocommerce_single":["https:\/\/calaglia.com\/wp-content\/uploads\/2022\/04\/Carte_Cadeau_1080px-465x465.png",465,465,true],"woocommerce_gallery_thumbnail":["https:\/\/calaglia.com\/wp-content\/uploads\/2022\/04\/Carte_Cadeau_1080px-100x100.png",100,100,true]},"post_excerpt_stackable":"<p>Vous ne savez pas quel(s) bijou(x) choisir ?<br \/>\nLa carte cadeau vous permettra de faire plaisir \u00e0 co\u00fbt s\u00fbr !<\/p>\n<p>Vous choisissez le montant \u00e0 offrir (ou \u00e0 vous offrir) et le destinataire recevra par email une e-carte cadeau \u00e0 utiliser librement pendant 1 an.<\/p>\n<p><span style=\"font-family: var(--global-body-font-family);\">\u26a0\ufe0f La carte cadeau sera envoy\u00e9e par email d\u00e8s validation de votre commande \u00e0 la personne que vous saisissez \u00e0 &#8220;Pour&#8221;. <\/span>Si vous voulez garder la surprise, vous pouvez indiquer votre adresse email et vous charger de la transf\u00e9rer au moment voulu \ud83d\ude09<\/p>\n","category_list":"","author_info":[],"comments_num":"0 comentarios","yoast_head":"<!-- This site is optimized with the Yoast SEO plugin v20.5 - https:\/\/yoast.com\/wordpress\/plugins\/seo\/ -->\n<title>Carte cadeau - Calaglia<\/title>\n<meta name=\"description\" content=\"Carte cadeau afin de pouvoir offrir ou vous offrir le bijou de votre choix : jonc, bracelet argent, collier argent, bague, boucles d&#039;oreilles, creoles ...\" \/>\n<meta name=\"robots\" content=\"index, follow, max-snippet:-1, max-image-preview:large, max-video-preview:-1\" \/>\n<link rel=\"canonical\" href=\"https:\/\/calaglia.com\/produit\/carte-cadeau\/\" \/>\n<meta property=\"og:locale\" content=\"es_ES\" \/>\n<meta property=\"og:type\" content=\"article\" \/>\n<meta property=\"og:title\" content=\"Carte cadeau - Calaglia\" \/>\n<meta property=\"og:description\" content=\"Carte cadeau afin de pouvoir offrir ou vous offrir le bijou de votre choix : jonc, bracelet argent, collier argent, bague, boucles d&#039;oreilles, creoles ...\" \/>\n<meta property=\"og:url\" content=\"https:\/\/calaglia.com\/produit\/carte-cadeau\/\" \/>\n<meta property=\"og:site_name\" content=\"Calaglia\" \/>\n<meta property=\"article:publisher\" content=\"https:\/\/www.facebook.com\/Calaglia\/\" \/>\n<meta property=\"article:modified_time\" content=\"2024-06-11T19:54:16+00:00\" \/>\n<meta property=\"og:image\" content=\"https:\/\/calaglia.com\/wp-content\/uploads\/2022\/04\/Carte_Cadeau_1080px.png\" \/>\n\t<meta property=\"og:image:width\" content=\"1080\" \/>\n\t<meta property=\"og:image:height\" content=\"1080\" \/>\n\t<meta property=\"og:image:type\" content=\"image\/png\" \/>\n<meta name=\"twitter:card\" content=\"summary_large_image\" \/>\n<script type=\"application\/ld+json\" class=\"yoast-schema-graph\">{\"@context\":\"https:\/\/schema.org\",\"@graph\":[{\"@type\":\"WebPage\",\"@id\":\"https:\/\/calaglia.com\/produit\/carte-cadeau\/\",\"url\":\"https:\/\/calaglia.com\/produit\/carte-cadeau\/\",\"name\":\"Carte cadeau - Calaglia\",\"isPartOf\":{\"@id\":\"https:\/\/calaglia.com\/#website\"},\"datePublished\":\"2022-04-14T16:50:02+00:00\",\"dateModified\":\"2024-06-11T19:54:16+00:00\",\"description\":\"Carte cadeau afin de pouvoir offrir ou vous offrir le bijou de votre choix : jonc, bracelet argent, collier argent, bague, boucles d'oreilles, creoles ...\",\"breadcrumb\":{\"@id\":\"https:\/\/calaglia.com\/produit\/carte-cadeau\/#breadcrumb\"},\"inLanguage\":\"es\",\"potentialAction\":[{\"@type\":\"ReadAction\",\"target\":[\"https:\/\/calaglia.com\/produit\/carte-cadeau\/\"]}]},{\"@type\":\"BreadcrumbList\",\"@id\":\"https:\/\/calaglia.com\/produit\/carte-cadeau\/#breadcrumb\",\"itemListElement\":[{\"@type\":\"ListItem\",\"position\":1,\"name\":\"Accueil\",\"item\":\"https:\/\/calaglia.com\/\"},{\"@type\":\"ListItem\",\"position\":2,\"name\":\"Boutique\",\"item\":\"https:\/\/calaglia.com\/boutique\/\"},{\"@type\":\"ListItem\",\"position\":3,\"name\":\"Carte cadeau\"}]},{\"@type\":\"WebSite\",\"@id\":\"https:\/\/calaglia.com\/#website\",\"url\":\"https:\/\/calaglia.com\/\",\"name\":\"Calaglia\",\"description\":\"\",\"publisher\":{\"@id\":\"https:\/\/calaglia.com\/#organization\"},\"potentialAction\":[{\"@type\":\"SearchAction\",\"target\":{\"@type\":\"EntryPoint\",\"urlTemplate\":\"https:\/\/calaglia.com\/?s={search_term_string}\"},\"query-input\":\"required name=search_term_string\"}],\"inLanguage\":\"es\"},{\"@type\":\"Organization\",\"@id\":\"https:\/\/calaglia.com\/#organization\",\"name\":\"Calaglia\",\"url\":\"https:\/\/calaglia.com\/\",\"logo\":{\"@type\":\"ImageObject\",\"inLanguage\":\"es\",\"@id\":\"https:\/\/calaglia.com\/#\/schema\/logo\/image\/\",\"url\":\"https:\/\/calaglia.com\/wp-content\/uploads\/2022\/01\/Calaglia.svg\",\"contentUrl\":\"https:\/\/calaglia.com\/wp-content\/uploads\/2022\/01\/Calaglia.svg\",\"width\":1,\"height\":1,\"caption\":\"Calaglia\"},\"image\":{\"@id\":\"https:\/\/calaglia.com\/#\/schema\/logo\/image\/\"},\"sameAs\":[\"https:\/\/www.facebook.com\/Calaglia\/\",\"https:\/\/www.instagram.com\/calaglia\/\"]}]}<\/script>\n<!-- \/ Yoast SEO plugin. -->","yoast_head_json":{"title":"Carte cadeau - Calaglia","description":"Carte cadeau afin de pouvoir offrir ou vous offrir le bijou de votre choix : jonc, bracelet argent, collier argent, bague, boucles d'oreilles, creoles ...","robots":{"index":"index","follow":"follow","max-snippet":"max-snippet:-1","max-image-preview":"max-image-preview:large","max-video-preview":"max-video-preview:-1"},"canonical":"https:\/\/calaglia.com\/produit\/carte-cadeau\/","og_locale":"es_ES","og_type":"article","og_title":"Carte cadeau - Calaglia","og_description":"Carte cadeau afin de pouvoir offrir ou vous offrir le bijou de votre choix : jonc, bracelet argent, collier argent, bague, boucles d'oreilles, creoles ...","og_url":"https:\/\/calaglia.com\/produit\/carte-cadeau\/","og_site_name":"Calaglia","article_publisher":"https:\/\/www.facebook.com\/Calaglia\/","article_modified_time":"2024-06-11T19:54:16+00:00","og_image":[{"width":1080,"height":1080,"url":"https:\/\/calaglia.com\/wp-content\/uploads\/2022\/04\/Carte_Cadeau_1080px.png","type":"image\/png"}],"twitter_card":"summary_large_image","schema":{"@context":"https:\/\/schema.org","@graph":[{"@type":"WebPage","@id":"https:\/\/calaglia.com\/produit\/carte-cadeau\/","url":"https:\/\/calaglia.com\/produit\/carte-cadeau\/","name":"Carte cadeau - Calaglia","isPartOf":{"@id":"https:\/\/calaglia.com\/#website"},"datePublished":"2022-04-14T16:50:02+00:00","dateModified":"2024-06-11T19:54:16+00:00","description":"Carte cadeau afin de pouvoir offrir ou vous offrir le bijou de votre choix : jonc, bracelet argent, collier argent, bague, boucles d'oreilles, creoles ...","breadcrumb":{"@id":"https:\/\/calaglia.com\/produit\/carte-cadeau\/#breadcrumb"},"inLanguage":"es","potentialAction":[{"@type":"ReadAction","target":["https:\/\/calaglia.com\/produit\/carte-cadeau\/"]}]},{"@type":"BreadcrumbList","@id":"https:\/\/calaglia.com\/produit\/carte-cadeau\/#breadcrumb","itemListElement":[{"@type":"ListItem","position":1,"name":"Accueil","item":"https:\/\/calaglia.com\/"},{"@type":"ListItem","position":2,"name":"Boutique","item":"https:\/\/calaglia.com\/boutique\/"},{"@type":"ListItem","position":3,"name":"Carte cadeau"}]},{"@type":"WebSite","@id":"https:\/\/calaglia.com\/#website","url":"https:\/\/calaglia.com\/","name":"Calaglia","description":"","publisher":{"@id":"https:\/\/calaglia.com\/#organization"},"potentialAction":[{"@type":"SearchAction","target":{"@type":"EntryPoint","urlTemplate":"https:\/\/calaglia.com\/?s={search_term_string}"},"query-input":"required name=search_term_string"}],"inLanguage":"es"},{"@type":"Organization","@id":"https:\/\/calaglia.com\/#organization","name":"Calaglia","url":"https:\/\/calaglia.com\/","logo":{"@type":"ImageObject","inLanguage":"es","@id":"https:\/\/calaglia.com\/#\/schema\/logo\/image\/","url":"https:\/\/calaglia.com\/wp-content\/uploads\/2022\/01\/Calaglia.svg","contentUrl":"https:\/\/calaglia.com\/wp-content\/uploads\/2022\/01\/Calaglia.svg","width":1,"height":1,"caption":"Calaglia"},"image":{"@id":"https:\/\/calaglia.com\/#\/schema\/logo\/image\/"},"sameAs":["https:\/\/www.facebook.com\/Calaglia\/","https:\/\/www.instagram.com\/calaglia\/"]}]}},"featured_image_src_large":["https:\/\/calaglia.com\/wp-content\/uploads\/2022\/04\/Carte_Cadeau_1080px-1024x1024.png",1024,1024,true],"comment_info":0,"taxonomy_info":{"product_cat":[{"value":150,"label":"CARTE CADEAU"}]},"_links":{"self":[{"href":"https:\/\/calaglia.com\/es\/wp-json\/wp\/v3\/product\/688"}],"collection":[{"href":"https:\/\/calaglia.com\/es\/wp-json\/wp\/v3\/product"}],"about":[{"href":"https:\/\/calaglia.com\/es\/wp-json\/wp\/v2\/types\/product"}],"replies":[{"embeddable":true,"href":"https:\/\/calaglia.com\/es\/wp-json\/wp\/v2\/comments?post=688"}],"wp:featuredmedia":[{"embeddable":true,"href":"https:\/\/calaglia.com\/es\/wp-json\/wp\/v2\/media\/1737"}],"wp:attachment":[{"href":"https:\/\/calaglia.com\/es\/wp-json\/wp\/v2\/media?parent=688"}],"wp:term":[{"taxonomy":"product_cat","embeddable":true,"href":"https:\/\/calaglia.com\/es\/wp-json\/wp\/v2\/product_cat?post=688"},{"taxonomy":"product_tag","embeddable":true,"href":"https:\/\/calaglia.com\/es\/wp-json\/wp\/v2\/product_tag?post=688"}],"curies":[{"name":"wp","href":"https:\/\/api.w.org\/{rel}","templated":true}]}}