{"id":8939,"date":"2024-01-30T17:20:58","date_gmt":"2024-01-30T16:20:58","guid":{"rendered":"https:\/\/calaglia.com\/?post_type=product&#038;p=8939"},"modified":"2025-12-13T10:09:46","modified_gmt":"2025-12-13T09:09:46","slug":"collier-chaine-anneau-et-coeur-de-verre-tiara","status":"publish","type":"product","link":"https:\/\/calaglia.com\/es\/produit\/collier-chaine-anneau-et-coeur-de-verre-tiara\/","title":{"rendered":"Collier cha\u00eene pendentif rond et c\u0153ur de verre TIARA"},"content":{"rendered":"<p>\u2b50 Le mod\u00e8le TIARA existe aussi en bracelet et boucles d&#8217;oreilles type pendantes \u2b50<\/p>\n","protected":false},"excerpt":{"rendered":"<p>TIARA est un collier cha\u00eene en finition argent ou plaqu\u00e9 or compos\u00e9 d&#8217;un pendentif rond type m\u00e9daille avec pendentif c\u0153ur en verre. Nous accordons une tr\u00e8s grande importance \u00e0 la qualit\u00e9 des mat\u00e9riaux : chaque c\u0153ur de verre de ce collier est teint\u00e9 dans la masse, ce qui signifie que la couleur ne bougera pas.<\/p>\n<p>&#8211; cha\u00eene argent ou plaqu\u00e9 or r\u00e9glable : 40 cm \u00e0 45 cm<br \/>\n&#8211; pendentif c\u0153ur de verre : 8 mm environ (chaque c\u0153ur est unique)<br \/>\n&#8211; pendentif rond m\u00e9daille : 20 mm<\/p>\n<p>Bouton d\u2019aide au choix de la longueur des colliers un peu plus bas.<\/p>\n","protected":false},"featured_media":8942,"comment_status":"open","ping_status":"closed","template":"","meta":{"_kad_blocks_custom_css":"","_kad_blocks_head_custom_js":"","_kad_blocks_body_custom_js":"","_kad_blocks_footer_custom_js":"","_mi_skip_tracking":false,"_kad_post_transparent":"default","_kad_post_title":"","_kad_post_layout":"default","_kad_post_sidebar_id":"","_kad_post_content_style":"default","_kad_post_vertical_padding":"default","_kad_post_feature":"","_kad_post_feature_position":"","_kad_post_header":false,"_kad_post_footer":false},"product_cat":[20,157,54,158],"product_tag":[],"featured_image_urls":{"full":["https:\/\/calaglia.com\/wp-content\/uploads\/2024\/01\/76-1.png",1080,1080,false],"thumbnail":["https:\/\/calaglia.com\/wp-content\/uploads\/2024\/01\/76-1-150x150.png",150,150,true],"medium":["https:\/\/calaglia.com\/wp-content\/uploads\/2024\/01\/76-1-300x300.png",300,300,true],"medium_large":["https:\/\/calaglia.com\/wp-content\/uploads\/2024\/01\/76-1-768x768.png",768,768,true],"large":["https:\/\/calaglia.com\/wp-content\/uploads\/2024\/01\/76-1-1024x1024.png",1024,1024,true],"lws_wr_thumbnail":["https:\/\/calaglia.com\/wp-content\/uploads\/2024\/01\/76-1-96x96.png",96,96,true],"lws_wr_thumbnail_small":["https:\/\/calaglia.com\/wp-content\/uploads\/2024\/01\/76-1-42x42.png",42,42,true],"lws_badge":["https:\/\/calaglia.com\/wp-content\/uploads\/2024\/01\/76-1-60x60.png",60,60,true],"1536x1536":["https:\/\/calaglia.com\/wp-content\/uploads\/2024\/01\/76-1.png",1080,1080,false],"2048x2048":["https:\/\/calaglia.com\/wp-content\/uploads\/2024\/01\/76-1.png",1080,1080,false],"mailpoet_newsletter_max":["https:\/\/calaglia.com\/wp-content\/uploads\/2024\/01\/76-1.png",1080,1080,false],"woocommerce_thumbnail":["https:\/\/calaglia.com\/wp-content\/uploads\/2024\/01\/76-1-300x300.png",300,300,true],"woocommerce_single":["https:\/\/calaglia.com\/wp-content\/uploads\/2024\/01\/76-1-465x465.png",465,465,true],"woocommerce_gallery_thumbnail":["https:\/\/calaglia.com\/wp-content\/uploads\/2024\/01\/76-1-100x100.png",100,100,true]},"post_excerpt_stackable":"<p>TIARA est un collier cha\u00eene en finition argent ou plaqu\u00e9 or compos\u00e9 d&#8217;un pendentif rond type m\u00e9daille avec pendentif c\u0153ur en verre. Nous accordons une tr\u00e8s grande importance \u00e0 la qualit\u00e9 des mat\u00e9riaux : chaque c\u0153ur de verre de ce collier est teint\u00e9 dans la masse, ce qui signifie que la couleur ne bougera pas.<\/p>\n<p>&#8211; cha\u00eene argent ou plaqu\u00e9 or r\u00e9glable : 40 cm \u00e0 45 cm<br \/>\n&#8211; pendentif c\u0153ur de verre : 8 mm environ (chaque c\u0153ur est unique)<br \/>\n&#8211; pendentif rond m\u00e9daille : 20 mm<\/p>\n<p>Bouton d\u2019aide au choix de la longueur des colliers un peu plus bas.<\/p>\n","category_list":"","author_info":[],"comments_num":"0 comentarios","yoast_head":"<!-- This site is optimized with the Yoast SEO plugin v20.5 - https:\/\/yoast.com\/wordpress\/plugins\/seo\/ -->\n<title>Collier cha\u00eene pendentif rond et c\u0153ur de verre TIARA - Calaglia<\/title>\n<meta name=\"description\" content=\"Colliers : collier chaine argent ou plaqu\u00e9 or compos\u00e9 d&#039;un pendentif rond et d&#039;un c\u0153ur de verre TIARA : un collier chaine m\u00e9daille et pendentif coeur\" \/>\n<meta name=\"robots\" content=\"index, follow, max-snippet:-1, max-image-preview:large, max-video-preview:-1\" \/>\n<link rel=\"canonical\" href=\"https:\/\/calaglia.com\/produit\/collier-chaine-anneau-et-coeur-de-verre-tiara\/\" \/>\n<meta property=\"og:locale\" content=\"es_ES\" \/>\n<meta property=\"og:type\" content=\"article\" \/>\n<meta property=\"og:title\" content=\"Collier cha\u00eene pendentif rond et c\u0153ur de verre TIARA - Calaglia\" \/>\n<meta property=\"og:description\" content=\"Colliers : collier chaine argent ou plaqu\u00e9 or compos\u00e9 d&#039;un pendentif rond et d&#039;un c\u0153ur de verre TIARA : un collier chaine m\u00e9daille et pendentif coeur\" \/>\n<meta property=\"og:url\" content=\"https:\/\/calaglia.com\/produit\/collier-chaine-anneau-et-coeur-de-verre-tiara\/\" \/>\n<meta property=\"og:site_name\" content=\"Calaglia\" \/>\n<meta property=\"article:publisher\" content=\"https:\/\/www.facebook.com\/Calaglia\/\" \/>\n<meta property=\"article:modified_time\" content=\"2025-12-13T09:09:46+00:00\" \/>\n<meta property=\"og:image\" content=\"https:\/\/calaglia.com\/wp-content\/uploads\/2024\/01\/76-1.png\" \/>\n\t<meta property=\"og:image:width\" content=\"1080\" \/>\n\t<meta property=\"og:image:height\" content=\"1080\" \/>\n\t<meta property=\"og:image:type\" content=\"image\/png\" \/>\n<meta name=\"twitter:card\" content=\"summary_large_image\" \/>\n<meta name=\"twitter:label1\" content=\"Tiempo de lectura\" \/>\n\t<meta name=\"twitter:data1\" content=\"1 minuto\" \/>\n<script type=\"application\/ld+json\" class=\"yoast-schema-graph\">{\"@context\":\"https:\/\/schema.org\",\"@graph\":[{\"@type\":\"WebPage\",\"@id\":\"https:\/\/calaglia.com\/produit\/collier-chaine-anneau-et-coeur-de-verre-tiara\/\",\"url\":\"https:\/\/calaglia.com\/produit\/collier-chaine-anneau-et-coeur-de-verre-tiara\/\",\"name\":\"Collier cha\u00eene pendentif rond et c\u0153ur de verre TIARA - Calaglia\",\"isPartOf\":{\"@id\":\"https:\/\/calaglia.com\/#website\"},\"datePublished\":\"2024-01-30T16:20:58+00:00\",\"dateModified\":\"2025-12-13T09:09:46+00:00\",\"description\":\"Colliers : collier chaine argent ou plaqu\u00e9 or compos\u00e9 d'un pendentif rond et d'un c\u0153ur de verre TIARA : un collier chaine m\u00e9daille et pendentif coeur\",\"breadcrumb\":{\"@id\":\"https:\/\/calaglia.com\/produit\/collier-chaine-anneau-et-coeur-de-verre-tiara\/#breadcrumb\"},\"inLanguage\":\"es\",\"potentialAction\":[{\"@type\":\"ReadAction\",\"target\":[\"https:\/\/calaglia.com\/produit\/collier-chaine-anneau-et-coeur-de-verre-tiara\/\"]}]},{\"@type\":\"BreadcrumbList\",\"@id\":\"https:\/\/calaglia.com\/produit\/collier-chaine-anneau-et-coeur-de-verre-tiara\/#breadcrumb\",\"itemListElement\":[{\"@type\":\"ListItem\",\"position\":1,\"name\":\"Accueil\",\"item\":\"https:\/\/calaglia.com\/\"},{\"@type\":\"ListItem\",\"position\":2,\"name\":\"Boutique\",\"item\":\"https:\/\/calaglia.com\/boutique\/\"},{\"@type\":\"ListItem\",\"position\":3,\"name\":\"Collier cha\u00eene pendentif rond et c\u0153ur de verre TIARA\"}]},{\"@type\":\"WebSite\",\"@id\":\"https:\/\/calaglia.com\/#website\",\"url\":\"https:\/\/calaglia.com\/\",\"name\":\"Calaglia\",\"description\":\"\",\"publisher\":{\"@id\":\"https:\/\/calaglia.com\/#organization\"},\"potentialAction\":[{\"@type\":\"SearchAction\",\"target\":{\"@type\":\"EntryPoint\",\"urlTemplate\":\"https:\/\/calaglia.com\/?s={search_term_string}\"},\"query-input\":\"required name=search_term_string\"}],\"inLanguage\":\"es\"},{\"@type\":\"Organization\",\"@id\":\"https:\/\/calaglia.com\/#organization\",\"name\":\"Calaglia\",\"url\":\"https:\/\/calaglia.com\/\",\"logo\":{\"@type\":\"ImageObject\",\"inLanguage\":\"es\",\"@id\":\"https:\/\/calaglia.com\/#\/schema\/logo\/image\/\",\"url\":\"https:\/\/calaglia.com\/wp-content\/uploads\/2022\/01\/Calaglia.svg\",\"contentUrl\":\"https:\/\/calaglia.com\/wp-content\/uploads\/2022\/01\/Calaglia.svg\",\"width\":1,\"height\":1,\"caption\":\"Calaglia\"},\"image\":{\"@id\":\"https:\/\/calaglia.com\/#\/schema\/logo\/image\/\"},\"sameAs\":[\"https:\/\/www.facebook.com\/Calaglia\/\",\"https:\/\/www.instagram.com\/calaglia\/\"]}]}<\/script>\n<!-- \/ Yoast SEO plugin. -->","yoast_head_json":{"title":"Collier cha\u00eene pendentif rond et c\u0153ur de verre TIARA - Calaglia","description":"Colliers : collier chaine argent ou plaqu\u00e9 or compos\u00e9 d'un pendentif rond et d'un c\u0153ur de verre TIARA : un collier chaine m\u00e9daille et pendentif coeur","robots":{"index":"index","follow":"follow","max-snippet":"max-snippet:-1","max-image-preview":"max-image-preview:large","max-video-preview":"max-video-preview:-1"},"canonical":"https:\/\/calaglia.com\/produit\/collier-chaine-anneau-et-coeur-de-verre-tiara\/","og_locale":"es_ES","og_type":"article","og_title":"Collier cha\u00eene pendentif rond et c\u0153ur de verre TIARA - Calaglia","og_description":"Colliers : collier chaine argent ou plaqu\u00e9 or compos\u00e9 d'un pendentif rond et d'un c\u0153ur de verre TIARA : un collier chaine m\u00e9daille et pendentif coeur","og_url":"https:\/\/calaglia.com\/produit\/collier-chaine-anneau-et-coeur-de-verre-tiara\/","og_site_name":"Calaglia","article_publisher":"https:\/\/www.facebook.com\/Calaglia\/","article_modified_time":"2025-12-13T09:09:46+00:00","og_image":[{"width":1080,"height":1080,"url":"https:\/\/calaglia.com\/wp-content\/uploads\/2024\/01\/76-1.png","type":"image\/png"}],"twitter_card":"summary_large_image","twitter_misc":{"Tiempo de lectura":"1 minuto"},"schema":{"@context":"https:\/\/schema.org","@graph":[{"@type":"WebPage","@id":"https:\/\/calaglia.com\/produit\/collier-chaine-anneau-et-coeur-de-verre-tiara\/","url":"https:\/\/calaglia.com\/produit\/collier-chaine-anneau-et-coeur-de-verre-tiara\/","name":"Collier cha\u00eene pendentif rond et c\u0153ur de verre TIARA - Calaglia","isPartOf":{"@id":"https:\/\/calaglia.com\/#website"},"datePublished":"2024-01-30T16:20:58+00:00","dateModified":"2025-12-13T09:09:46+00:00","description":"Colliers : collier chaine argent ou plaqu\u00e9 or compos\u00e9 d'un pendentif rond et d'un c\u0153ur de verre TIARA : un collier chaine m\u00e9daille et pendentif coeur","breadcrumb":{"@id":"https:\/\/calaglia.com\/produit\/collier-chaine-anneau-et-coeur-de-verre-tiara\/#breadcrumb"},"inLanguage":"es","potentialAction":[{"@type":"ReadAction","target":["https:\/\/calaglia.com\/produit\/collier-chaine-anneau-et-coeur-de-verre-tiara\/"]}]},{"@type":"BreadcrumbList","@id":"https:\/\/calaglia.com\/produit\/collier-chaine-anneau-et-coeur-de-verre-tiara\/#breadcrumb","itemListElement":[{"@type":"ListItem","position":1,"name":"Accueil","item":"https:\/\/calaglia.com\/"},{"@type":"ListItem","position":2,"name":"Boutique","item":"https:\/\/calaglia.com\/boutique\/"},{"@type":"ListItem","position":3,"name":"Collier cha\u00eene pendentif rond et c\u0153ur de verre TIARA"}]},{"@type":"WebSite","@id":"https:\/\/calaglia.com\/#website","url":"https:\/\/calaglia.com\/","name":"Calaglia","description":"","publisher":{"@id":"https:\/\/calaglia.com\/#organization"},"potentialAction":[{"@type":"SearchAction","target":{"@type":"EntryPoint","urlTemplate":"https:\/\/calaglia.com\/?s={search_term_string}"},"query-input":"required name=search_term_string"}],"inLanguage":"es"},{"@type":"Organization","@id":"https:\/\/calaglia.com\/#organization","name":"Calaglia","url":"https:\/\/calaglia.com\/","logo":{"@type":"ImageObject","inLanguage":"es","@id":"https:\/\/calaglia.com\/#\/schema\/logo\/image\/","url":"https:\/\/calaglia.com\/wp-content\/uploads\/2022\/01\/Calaglia.svg","contentUrl":"https:\/\/calaglia.com\/wp-content\/uploads\/2022\/01\/Calaglia.svg","width":1,"height":1,"caption":"Calaglia"},"image":{"@id":"https:\/\/calaglia.com\/#\/schema\/logo\/image\/"},"sameAs":["https:\/\/www.facebook.com\/Calaglia\/","https:\/\/www.instagram.com\/calaglia\/"]}]}},"featured_image_src_large":["https:\/\/calaglia.com\/wp-content\/uploads\/2024\/01\/76-1-1024x1024.png",1024,1024,true],"comment_info":0,"taxonomy_info":{"product_cat":[{"value":20,"label":"Colliers"},{"value":157,"label":"Colliers argent"},{"value":54,"label":"Colliers cha\u00eenes"},{"value":158,"label":"Colliers plaqu\u00e9 or"}]},"_links":{"self":[{"href":"https:\/\/calaglia.com\/es\/wp-json\/wp\/v3\/product\/8939"}],"collection":[{"href":"https:\/\/calaglia.com\/es\/wp-json\/wp\/v3\/product"}],"about":[{"href":"https:\/\/calaglia.com\/es\/wp-json\/wp\/v2\/types\/product"}],"replies":[{"embeddable":true,"href":"https:\/\/calaglia.com\/es\/wp-json\/wp\/v2\/comments?post=8939"}],"wp:featuredmedia":[{"embeddable":true,"href":"https:\/\/calaglia.com\/es\/wp-json\/wp\/v2\/media\/8942"}],"wp:attachment":[{"href":"https:\/\/calaglia.com\/es\/wp-json\/wp\/v2\/media?parent=8939"}],"wp:term":[{"taxonomy":"product_cat","embeddable":true,"href":"https:\/\/calaglia.com\/es\/wp-json\/wp\/v2\/product_cat?post=8939"},{"taxonomy":"product_tag","embeddable":true,"href":"https:\/\/calaglia.com\/es\/wp-json\/wp\/v2\/product_tag?post=8939"}],"curies":[{"name":"wp","href":"https:\/\/api.w.org\/{rel}","templated":true}]}}