{"id":9521,"date":"2024-10-01T10:56:05","date_gmt":"2024-10-01T08:56:05","guid":{"rendered":"https:\/\/calaglia.com\/?post_type=product&#038;p=9521"},"modified":"2025-10-20T09:45:33","modified_gmt":"2025-10-20T07:45:33","slug":"bracelet-perles-cristal-rose-argent-ou-plaque-or-sena","status":"publish","type":"product","link":"https:\/\/calaglia.com\/es\/produit\/bracelet-perles-cristal-rose-argent-ou-plaque-or-sena\/","title":{"rendered":"Bracelet perles cristal rose argent ou plaqu\u00e9 or SENA \ud83c\udf80 OCTOBRE ROSE \ud83c\udf80"},"content":{"rendered":"","protected":false},"excerpt":{"rendered":"<p>SENA est un bracelet de perles sur fil \u00e9lastique en finition argent ou plaqu\u00e9 or compos\u00e9 de perles de cristal rose et parsem\u00e9 de perles en argent ou plaqu\u00e9 or avec leur deux pendentifs perles argent ou plaqu\u00e9 or.<br \/>\nLa symbolique : les pendentifs repr\u00e9sentent une paire de seins.<br \/>\nLe bracelet SENA, est compos\u00e9 de perles dont la couleur est teint\u00e9e dans la masse, et ne s&#8217;alt\u00e8rera pas dans le temps.<br \/>\nLe bracelet SENA apportera une touche douce et \u00e9l\u00e9gante \u00e0 votre tenue.<\/p>\n<p>Soutenez la ligue contre le cancer : bracelet en vente durant octobre rose : 50% des b\u00e9n\u00e9fices seront revers\u00e9s \u00e0 l&#8217;association.<\/p>\n<p>\u2013 bracelet de perles : adaptable pour poignets de 15cm \u00e0 19 cm environ<br \/>\n\u2013 perles : de 4 \u00e0 6 mm<\/p>\n","protected":false},"featured_media":9524,"comment_status":"open","ping_status":"closed","template":"","meta":{"_kad_blocks_custom_css":"","_kad_blocks_head_custom_js":"","_kad_blocks_body_custom_js":"","_kad_blocks_footer_custom_js":"","_mi_skip_tracking":false,"_kad_post_transparent":"default","_kad_post_title":"","_kad_post_layout":"default","_kad_post_sidebar_id":"","_kad_post_content_style":"default","_kad_post_vertical_padding":"default","_kad_post_feature":"","_kad_post_feature_position":"","_kad_post_header":false,"_kad_post_footer":false},"product_cat":[18,152,151,153],"product_tag":[],"featured_image_urls":{"full":["https:\/\/calaglia.com\/wp-content\/uploads\/2024\/10\/Toulouse-57-1.png",1080,1080,false],"thumbnail":["https:\/\/calaglia.com\/wp-content\/uploads\/2024\/10\/Toulouse-57-1-150x150.png",150,150,true],"medium":["https:\/\/calaglia.com\/wp-content\/uploads\/2024\/10\/Toulouse-57-1-300x300.png",300,300,true],"medium_large":["https:\/\/calaglia.com\/wp-content\/uploads\/2024\/10\/Toulouse-57-1-768x768.png",768,768,true],"large":["https:\/\/calaglia.com\/wp-content\/uploads\/2024\/10\/Toulouse-57-1-1024x1024.png",1024,1024,true],"lws_wr_thumbnail":["https:\/\/calaglia.com\/wp-content\/uploads\/2024\/10\/Toulouse-57-1-96x96.png",96,96,true],"lws_wr_thumbnail_small":["https:\/\/calaglia.com\/wp-content\/uploads\/2024\/10\/Toulouse-57-1-42x42.png",42,42,true],"lws_badge":["https:\/\/calaglia.com\/wp-content\/uploads\/2024\/10\/Toulouse-57-1-60x60.png",60,60,true],"1536x1536":["https:\/\/calaglia.com\/wp-content\/uploads\/2024\/10\/Toulouse-57-1.png",1080,1080,false],"2048x2048":["https:\/\/calaglia.com\/wp-content\/uploads\/2024\/10\/Toulouse-57-1.png",1080,1080,false],"mailpoet_newsletter_max":["https:\/\/calaglia.com\/wp-content\/uploads\/2024\/10\/Toulouse-57-1.png",1080,1080,false],"woocommerce_thumbnail":["https:\/\/calaglia.com\/wp-content\/uploads\/2024\/10\/Toulouse-57-1-300x300.png",300,300,true],"woocommerce_single":["https:\/\/calaglia.com\/wp-content\/uploads\/2024\/10\/Toulouse-57-1-465x465.png",465,465,true],"woocommerce_gallery_thumbnail":["https:\/\/calaglia.com\/wp-content\/uploads\/2024\/10\/Toulouse-57-1-100x100.png",100,100,true]},"post_excerpt_stackable":"<p>SENA est un bracelet de perles sur fil \u00e9lastique en finition argent ou plaqu\u00e9 or compos\u00e9 de perles de cristal rose et parsem\u00e9 de perles en argent ou plaqu\u00e9 or avec leur deux pendentifs perles argent ou plaqu\u00e9 or.<br \/>\nLa symbolique : les pendentifs repr\u00e9sentent une paire de seins.<br \/>\nLe bracelet SENA, est compos\u00e9 de perles dont la couleur est teint\u00e9e dans la masse, et ne s&#8217;alt\u00e8rera pas dans le temps.<br \/>\nLe bracelet SENA apportera une touche douce et \u00e9l\u00e9gante \u00e0 votre tenue.<\/p>\n<p>Soutenez la ligue contre le cancer : bracelet en vente durant octobre rose : 50% des b\u00e9n\u00e9fices seront revers\u00e9s \u00e0 l&#8217;association.<\/p>\n<p>\u2013 bracelet de perles : adaptable pour poignets de 15cm \u00e0 19 cm environ<br \/>\n\u2013 perles : de 4 \u00e0 6 mm<\/p>\n","category_list":"","author_info":[],"comments_num":"0 comentarios","yoast_head":"<!-- This site is optimized with the Yoast SEO plugin v20.5 - https:\/\/yoast.com\/wordpress\/plugins\/seo\/ -->\n<title>Bracelet perles cristal rose argent ou plaqu\u00e9 or SENA \ud83c\udf80 OCTOBRE ROSE \ud83c\udf80 - Calaglia<\/title>\n<meta name=\"description\" content=\"Bracelets : bracelet perles en cristal rose et pendentifs de perles argent ou plaqu\u00e9 SENA : un bracelet de perles cristal argent ou plaqu\u00e9 or. Bracelet rose.\" \/>\n<meta name=\"robots\" content=\"index, follow, max-snippet:-1, max-image-preview:large, max-video-preview:-1\" \/>\n<link rel=\"canonical\" href=\"https:\/\/calaglia.com\/produit\/bracelet-perles-cristal-rose-argent-ou-plaque-or-sena\/\" \/>\n<meta property=\"og:locale\" content=\"es_ES\" \/>\n<meta property=\"og:type\" content=\"article\" \/>\n<meta property=\"og:title\" content=\"Bracelet perles cristal rose argent ou plaqu\u00e9 or SENA \ud83c\udf80 OCTOBRE ROSE \ud83c\udf80 - Calaglia\" \/>\n<meta property=\"og:description\" content=\"Bracelets : bracelet perles en cristal rose et pendentifs de perles argent ou plaqu\u00e9 SENA : un bracelet de perles cristal argent ou plaqu\u00e9 or. Bracelet rose.\" \/>\n<meta property=\"og:url\" content=\"https:\/\/calaglia.com\/produit\/bracelet-perles-cristal-rose-argent-ou-plaque-or-sena\/\" \/>\n<meta property=\"og:site_name\" content=\"Calaglia\" \/>\n<meta property=\"article:publisher\" content=\"https:\/\/www.facebook.com\/Calaglia\/\" \/>\n<meta property=\"article:modified_time\" content=\"2025-10-20T07:45:33+00:00\" \/>\n<meta property=\"og:image\" content=\"https:\/\/calaglia.com\/wp-content\/uploads\/2024\/10\/Toulouse-57-1.png\" \/>\n\t<meta property=\"og:image:width\" content=\"1080\" \/>\n\t<meta property=\"og:image:height\" content=\"1080\" \/>\n\t<meta property=\"og:image:type\" content=\"image\/png\" \/>\n<meta name=\"twitter:card\" content=\"summary_large_image\" \/>\n<script type=\"application\/ld+json\" class=\"yoast-schema-graph\">{\"@context\":\"https:\/\/schema.org\",\"@graph\":[{\"@type\":\"WebPage\",\"@id\":\"https:\/\/calaglia.com\/produit\/bracelet-perles-cristal-rose-argent-ou-plaque-or-sena\/\",\"url\":\"https:\/\/calaglia.com\/produit\/bracelet-perles-cristal-rose-argent-ou-plaque-or-sena\/\",\"name\":\"Bracelet perles cristal rose argent ou plaqu\u00e9 or SENA \ud83c\udf80 OCTOBRE ROSE \ud83c\udf80 - Calaglia\",\"isPartOf\":{\"@id\":\"https:\/\/calaglia.com\/#website\"},\"datePublished\":\"2024-10-01T08:56:05+00:00\",\"dateModified\":\"2025-10-20T07:45:33+00:00\",\"description\":\"Bracelets : bracelet perles en cristal rose et pendentifs de perles argent ou plaqu\u00e9 SENA : un bracelet de perles cristal argent ou plaqu\u00e9 or. Bracelet rose.\",\"breadcrumb\":{\"@id\":\"https:\/\/calaglia.com\/produit\/bracelet-perles-cristal-rose-argent-ou-plaque-or-sena\/#breadcrumb\"},\"inLanguage\":\"es\",\"potentialAction\":[{\"@type\":\"ReadAction\",\"target\":[\"https:\/\/calaglia.com\/produit\/bracelet-perles-cristal-rose-argent-ou-plaque-or-sena\/\"]}]},{\"@type\":\"BreadcrumbList\",\"@id\":\"https:\/\/calaglia.com\/produit\/bracelet-perles-cristal-rose-argent-ou-plaque-or-sena\/#breadcrumb\",\"itemListElement\":[{\"@type\":\"ListItem\",\"position\":1,\"name\":\"Accueil\",\"item\":\"https:\/\/calaglia.com\/\"},{\"@type\":\"ListItem\",\"position\":2,\"name\":\"Boutique\",\"item\":\"https:\/\/calaglia.com\/boutique\/\"},{\"@type\":\"ListItem\",\"position\":3,\"name\":\"Bracelet perles cristal rose argent ou plaqu\u00e9 or SENA \ud83c\udf80 OCTOBRE ROSE \ud83c\udf80\"}]},{\"@type\":\"WebSite\",\"@id\":\"https:\/\/calaglia.com\/#website\",\"url\":\"https:\/\/calaglia.com\/\",\"name\":\"Calaglia\",\"description\":\"\",\"publisher\":{\"@id\":\"https:\/\/calaglia.com\/#organization\"},\"potentialAction\":[{\"@type\":\"SearchAction\",\"target\":{\"@type\":\"EntryPoint\",\"urlTemplate\":\"https:\/\/calaglia.com\/?s={search_term_string}\"},\"query-input\":\"required name=search_term_string\"}],\"inLanguage\":\"es\"},{\"@type\":\"Organization\",\"@id\":\"https:\/\/calaglia.com\/#organization\",\"name\":\"Calaglia\",\"url\":\"https:\/\/calaglia.com\/\",\"logo\":{\"@type\":\"ImageObject\",\"inLanguage\":\"es\",\"@id\":\"https:\/\/calaglia.com\/#\/schema\/logo\/image\/\",\"url\":\"https:\/\/calaglia.com\/wp-content\/uploads\/2022\/01\/Calaglia.svg\",\"contentUrl\":\"https:\/\/calaglia.com\/wp-content\/uploads\/2022\/01\/Calaglia.svg\",\"width\":1,\"height\":1,\"caption\":\"Calaglia\"},\"image\":{\"@id\":\"https:\/\/calaglia.com\/#\/schema\/logo\/image\/\"},\"sameAs\":[\"https:\/\/www.facebook.com\/Calaglia\/\",\"https:\/\/www.instagram.com\/calaglia\/\"]}]}<\/script>\n<!-- \/ Yoast SEO plugin. -->","yoast_head_json":{"title":"Bracelet perles cristal rose argent ou plaqu\u00e9 or SENA \ud83c\udf80 OCTOBRE ROSE \ud83c\udf80 - Calaglia","description":"Bracelets : bracelet perles en cristal rose et pendentifs de perles argent ou plaqu\u00e9 SENA : un bracelet de perles cristal argent ou plaqu\u00e9 or. Bracelet rose.","robots":{"index":"index","follow":"follow","max-snippet":"max-snippet:-1","max-image-preview":"max-image-preview:large","max-video-preview":"max-video-preview:-1"},"canonical":"https:\/\/calaglia.com\/produit\/bracelet-perles-cristal-rose-argent-ou-plaque-or-sena\/","og_locale":"es_ES","og_type":"article","og_title":"Bracelet perles cristal rose argent ou plaqu\u00e9 or SENA \ud83c\udf80 OCTOBRE ROSE \ud83c\udf80 - Calaglia","og_description":"Bracelets : bracelet perles en cristal rose et pendentifs de perles argent ou plaqu\u00e9 SENA : un bracelet de perles cristal argent ou plaqu\u00e9 or. Bracelet rose.","og_url":"https:\/\/calaglia.com\/produit\/bracelet-perles-cristal-rose-argent-ou-plaque-or-sena\/","og_site_name":"Calaglia","article_publisher":"https:\/\/www.facebook.com\/Calaglia\/","article_modified_time":"2025-10-20T07:45:33+00:00","og_image":[{"width":1080,"height":1080,"url":"https:\/\/calaglia.com\/wp-content\/uploads\/2024\/10\/Toulouse-57-1.png","type":"image\/png"}],"twitter_card":"summary_large_image","schema":{"@context":"https:\/\/schema.org","@graph":[{"@type":"WebPage","@id":"https:\/\/calaglia.com\/produit\/bracelet-perles-cristal-rose-argent-ou-plaque-or-sena\/","url":"https:\/\/calaglia.com\/produit\/bracelet-perles-cristal-rose-argent-ou-plaque-or-sena\/","name":"Bracelet perles cristal rose argent ou plaqu\u00e9 or SENA \ud83c\udf80 OCTOBRE ROSE \ud83c\udf80 - Calaglia","isPartOf":{"@id":"https:\/\/calaglia.com\/#website"},"datePublished":"2024-10-01T08:56:05+00:00","dateModified":"2025-10-20T07:45:33+00:00","description":"Bracelets : bracelet perles en cristal rose et pendentifs de perles argent ou plaqu\u00e9 SENA : un bracelet de perles cristal argent ou plaqu\u00e9 or. Bracelet rose.","breadcrumb":{"@id":"https:\/\/calaglia.com\/produit\/bracelet-perles-cristal-rose-argent-ou-plaque-or-sena\/#breadcrumb"},"inLanguage":"es","potentialAction":[{"@type":"ReadAction","target":["https:\/\/calaglia.com\/produit\/bracelet-perles-cristal-rose-argent-ou-plaque-or-sena\/"]}]},{"@type":"BreadcrumbList","@id":"https:\/\/calaglia.com\/produit\/bracelet-perles-cristal-rose-argent-ou-plaque-or-sena\/#breadcrumb","itemListElement":[{"@type":"ListItem","position":1,"name":"Accueil","item":"https:\/\/calaglia.com\/"},{"@type":"ListItem","position":2,"name":"Boutique","item":"https:\/\/calaglia.com\/boutique\/"},{"@type":"ListItem","position":3,"name":"Bracelet perles cristal rose argent ou plaqu\u00e9 or SENA \ud83c\udf80 OCTOBRE ROSE \ud83c\udf80"}]},{"@type":"WebSite","@id":"https:\/\/calaglia.com\/#website","url":"https:\/\/calaglia.com\/","name":"Calaglia","description":"","publisher":{"@id":"https:\/\/calaglia.com\/#organization"},"potentialAction":[{"@type":"SearchAction","target":{"@type":"EntryPoint","urlTemplate":"https:\/\/calaglia.com\/?s={search_term_string}"},"query-input":"required name=search_term_string"}],"inLanguage":"es"},{"@type":"Organization","@id":"https:\/\/calaglia.com\/#organization","name":"Calaglia","url":"https:\/\/calaglia.com\/","logo":{"@type":"ImageObject","inLanguage":"es","@id":"https:\/\/calaglia.com\/#\/schema\/logo\/image\/","url":"https:\/\/calaglia.com\/wp-content\/uploads\/2022\/01\/Calaglia.svg","contentUrl":"https:\/\/calaglia.com\/wp-content\/uploads\/2022\/01\/Calaglia.svg","width":1,"height":1,"caption":"Calaglia"},"image":{"@id":"https:\/\/calaglia.com\/#\/schema\/logo\/image\/"},"sameAs":["https:\/\/www.facebook.com\/Calaglia\/","https:\/\/www.instagram.com\/calaglia\/"]}]}},"featured_image_src_large":["https:\/\/calaglia.com\/wp-content\/uploads\/2024\/10\/Toulouse-57-1-1024x1024.png",1024,1024,true],"comment_info":0,"taxonomy_info":{"product_cat":[{"value":18,"label":"Bracelets"},{"value":152,"label":"Bracelets argent"},{"value":151,"label":"Bracelets perles"},{"value":153,"label":"Bracelets plaqu\u00e9 or"}]},"_links":{"self":[{"href":"https:\/\/calaglia.com\/es\/wp-json\/wp\/v3\/product\/9521"}],"collection":[{"href":"https:\/\/calaglia.com\/es\/wp-json\/wp\/v3\/product"}],"about":[{"href":"https:\/\/calaglia.com\/es\/wp-json\/wp\/v2\/types\/product"}],"replies":[{"embeddable":true,"href":"https:\/\/calaglia.com\/es\/wp-json\/wp\/v2\/comments?post=9521"}],"wp:featuredmedia":[{"embeddable":true,"href":"https:\/\/calaglia.com\/es\/wp-json\/wp\/v2\/media\/9524"}],"wp:attachment":[{"href":"https:\/\/calaglia.com\/es\/wp-json\/wp\/v2\/media?parent=9521"}],"wp:term":[{"taxonomy":"product_cat","embeddable":true,"href":"https:\/\/calaglia.com\/es\/wp-json\/wp\/v2\/product_cat?post=9521"},{"taxonomy":"product_tag","embeddable":true,"href":"https:\/\/calaglia.com\/es\/wp-json\/wp\/v2\/product_tag?post=9521"}],"curies":[{"name":"wp","href":"https:\/\/api.w.org\/{rel}","templated":true}]}}